{"id":6401,"date":"2024-07-25T19:59:21","date_gmt":"2024-07-25T19:59:21","guid":{"rendered":"https:\/\/www.paceint.com\/scla\/?page_id=6401"},"modified":"2024-07-25T20:06:29","modified_gmt":"2024-07-25T20:06:29","slug":"agrofresh-merger","status":"publish","type":"page","link":"https:\/\/www.paceint.com\/scla\/agrofresh-merger\/","title":{"rendered":"AgroFresh Merger"},"content":{"rendered":"<div class=\"wpb-content-wrapper\"><p>[vc_row row_type=&#8221;row&#8221; use_row_as_full_screen_section=&#8221;no&#8221; type=&#8221;grid&#8221; text_align=&#8221;left&#8221; background_animation=&#8221;none&#8221; css_animation=&#8221;&#8221;][vc_column][vc_empty_space][vc_column_text]<\/p>\n<h2>Potenciamos Juntos El Sector De Los Productos Frescos<\/h2>\n<p>[\/vc_column_text][vc_empty_space][\/vc_column][\/vc_row][vc_row row_type=&#8221;row&#8221; use_row_as_full_screen_section=&#8221;no&#8221; type=&#8221;grid&#8221; text_align=&#8221;left&#8221; background_animation=&#8221;none&#8221; css_animation=&#8221;&#8221;][vc_column][vc_video link=&#8221;https:\/\/www.youtube.com\/watch?v=DKNAUKecnE0&#8243; align=&#8221;center&#8221;][vc_empty_space][\/vc_column][\/vc_row][vc_row row_type=&#8221;row&#8221; use_row_as_full_screen_section=&#8221;no&#8221; type=&#8221;grid&#8221; text_align=&#8221;left&#8221; background_animation=&#8221;none&#8221; css_animation=&#8221;&#8221;][vc_column][vc_column_text]AgroFresh adquiri\u00f3 oficialmente Pace International en marzo de 2024. Ahora, trabajando juntos como uno solo, estamos mejor posicionados que nunca para ayudarle a prosperar en el sector de los productos frescos.[\/vc_column_text][vc_column_text]Nuestras soluciones integradas abordan las necesidades en cada fase de la cadena de suministro en una amplia gama de cultivos y mercados, apoyando sus esfuerzos para producir un abundante suministro de productos frescos de alta calidad, reducir el desperdicio y la p\u00e9rdida innecesarios de alimentos y prolongar la vida \u00fatil de los productos de forma sostenible.[\/vc_column_text][vc_column_text]<\/p>\n<h3>\u00bfC\u00f3mo?<\/h3>\n<p>[\/vc_column_text][vc_column_text]<\/p>\n<ul class=\"productList\">\n<li style=\"padding-bottom: 20px;\"><strong>Una cartera combinada e inigualable de productos pre y postcosecha<\/strong> con soluciones innovadoras, tecnolog\u00edas l\u00edderes de aplicaci\u00f3n inteligente y prestaciones digitales.<\/li>\n<li style=\"padding-bottom: 20px;\"><strong>Soluciones en m\u00faltiples cultivos<\/strong> que incluyen tecnolog\u00edas y productos org\u00e1nicos y convencionales que apoyan la sostenibilidad y mejoran y mantienen la calidad de los productos frescos desde la cosecha hasta el consumidor.<\/li>\n<li style=\"padding-bottom: 20px;\"><strong>Un servicio y unos resultados superiores<\/strong> proporcionados por un equipo de atenci\u00f3n al cliente que demuestra una experiencia, unos conocimientos y una comprensi\u00f3n incomparables al garantizar que las soluciones adecuadas se adaptan a las necesidades \u00fanicas de sus operaciones y cultivos.<\/li>\n<li style=\"padding-bottom: 20px;\"><strong>Soluciones innovadoras y<\/strong> aceleradas que surgen de nuestras capacidades unidas y ampliadas de Investigaci\u00f3n y Desarrollo.<\/li>\n<li style=\"padding-bottom: 20px;\"><strong>Alcance y apoyo globales<\/strong> con capacidades t\u00e9cnicas y de campo mejoradas.<\/li>\n<\/ul>\n<p>[\/vc_column_text][vc_column_text]Trabajando juntos y con usted, el futuro de la frescura est\u00e1 lleno de posibilidades.[\/vc_column_text][vc_empty_space][\/vc_column][\/vc_row][vc_row row_type=&#8221;row&#8221; use_row_as_full_screen_section=&#8221;no&#8221; type=&#8221;grid&#8221; text_align=&#8221;center&#8221; background_animation=&#8221;none&#8221; css_animation=&#8221;&#8221; css=&#8221;.vc_custom_1721774641087{background-color: #f5f5f5 !important;}&#8221;][vc_column][vc_empty_space height=&#8221;50px&#8221;][vc_column_text]<\/p>\n<h2 style=\"text-align: center;\">Obtenga M\u00e1s Informaci\u00f3n Sobre AgroFresh Y C\u00f3mo Podemos Potenciar El Negocio De La Frescura Para Su Empresa En <a style=\"color: black;\" href=\"https:\/\/www.agrofresh.com\/contact-us\/\" target=\"_blank\" rel=\"noopener\">AgroFresh.com<\/a><\/h2>\n<p>[\/vc_column_text][vc_empty_space]<a href=\"https:\/\/www.agrofresh.com\/contact-us\/\" target=\"_blank\"  class=\"qbutton \" style=\"\">M\u00e1s informaci\u00f3n<\/a>[vc_empty_space height=&#8221;50px&#8221;][\/vc_column][\/vc_row]<\/p>\n<\/div>","protected":false},"excerpt":{"rendered":"<p>[vc_row row_type=&#8221;row&#8221; use_row_as_full_screen_section=&#8221;no&#8221; type=&#8221;grid&#8221; text_align=&#8221;left&#8221; background_animation=&#8221;none&#8221; css_animation=&#8221;&#8221;][vc_column][vc_empty_space][vc_column_text] Potenciamos Juntos El Sector De Los Productos Frescos [\/vc_column_text][vc_empty_space][\/vc_column][\/vc_row][vc_row row_type=&#8221;row&#8221; use_row_as_full_screen_section=&#8221;no&#8221; type=&#8221;grid&#8221; text_align=&#8221;left&#8221;&#8230;<\/p>\n","protected":false},"author":1,"featured_media":0,"parent":0,"menu_order":0,"comment_status":"closed","ping_status":"closed","template":"full_width.php","meta":{"_acf_changed":false,"_monsterinsights_skip_tracking":false,"_monsterinsights_sitenote_active":false,"_monsterinsights_sitenote_note":"","_monsterinsights_sitenote_category":0,"footnotes":""},"class_list":["post-6401","page","type-page","status-publish","hentry"],"acf":[],"yoast_head":"<!-- This site is optimized with the Yoast SEO plugin v24.0 - https:\/\/yoast.com\/wordpress\/plugins\/seo\/ -->\n<title>AgroFresh Merger - Pace Spanish<\/title>\n<meta name=\"robots\" content=\"index, follow, max-snippet:-1, max-image-preview:large, max-video-preview:-1\" \/>\n<link rel=\"canonical\" href=\"https:\/\/www.paceint.com\/scla\/agrofresh-merger\/\" \/>\n<meta property=\"og:locale\" content=\"es_ES\" \/>\n<meta property=\"og:type\" content=\"article\" \/>\n<meta property=\"og:title\" content=\"AgroFresh Merger - Pace Spanish\" \/>\n<meta property=\"og:description\" content=\"[vc_row row_type=&#8221;row&#8221; use_row_as_full_screen_section=&#8221;no&#8221; type=&#8221;grid&#8221; text_align=&#8221;left&#8221; background_animation=&#8221;none&#8221; css_animation=&#8221;&#8221;][vc_column][vc_empty_space][vc_column_text] Potenciamos Juntos El Sector De Los Productos Frescos [\/vc_column_text][vc_empty_space][\/vc_column][\/vc_row][vc_row row_type=&#8221;row&#8221; use_row_as_full_screen_section=&#8221;no&#8221; type=&#8221;grid&#8221; text_align=&#8221;left&#8221;...\" \/>\n<meta property=\"og:url\" content=\"https:\/\/www.paceint.com\/scla\/agrofresh-merger\/\" \/>\n<meta property=\"og:site_name\" content=\"Pace Spanish\" \/>\n<meta property=\"article:modified_time\" content=\"2024-07-25T20:06:29+00:00\" \/>\n<meta name=\"twitter:card\" content=\"summary_large_image\" \/>\n<meta name=\"twitter:label1\" content=\"Tiempo estimado de lectura\" \/>\n\t<meta name=\"twitter:data1\" content=\"2 minutos\" \/>\n<script type=\"application\/ld+json\" class=\"yoast-schema-graph\">{\"@context\":\"https:\/\/schema.org\",\"@graph\":[{\"@type\":\"WebPage\",\"@id\":\"https:\/\/www.paceint.com\/scla\/agrofresh-merger\/\",\"url\":\"https:\/\/www.paceint.com\/scla\/agrofresh-merger\/\",\"name\":\"AgroFresh Merger - Pace Spanish\",\"isPartOf\":{\"@id\":\"https:\/\/www.paceint.com\/scla\/#website\"},\"datePublished\":\"2024-07-25T19:59:21+00:00\",\"dateModified\":\"2024-07-25T20:06:29+00:00\",\"breadcrumb\":{\"@id\":\"https:\/\/www.paceint.com\/scla\/agrofresh-merger\/#breadcrumb\"},\"inLanguage\":\"es-CL\",\"potentialAction\":[{\"@type\":\"ReadAction\",\"target\":[\"https:\/\/www.paceint.com\/scla\/agrofresh-merger\/\"]}]},{\"@type\":\"BreadcrumbList\",\"@id\":\"https:\/\/www.paceint.com\/scla\/agrofresh-merger\/#breadcrumb\",\"itemListElement\":[{\"@type\":\"ListItem\",\"position\":1,\"name\":\"Home\",\"item\":\"https:\/\/www.paceint.com\/scla\/\"},{\"@type\":\"ListItem\",\"position\":2,\"name\":\"AgroFresh Merger\"}]},{\"@type\":\"WebSite\",\"@id\":\"https:\/\/www.paceint.com\/scla\/#website\",\"url\":\"https:\/\/www.paceint.com\/scla\/\",\"name\":\"Pace Spanish\",\"description\":\"Maker of postharvest solutions for agriculture worldwide\",\"potentialAction\":[{\"@type\":\"SearchAction\",\"target\":{\"@type\":\"EntryPoint\",\"urlTemplate\":\"https:\/\/www.paceint.com\/scla\/?s={search_term_string}\"},\"query-input\":{\"@type\":\"PropertyValueSpecification\",\"valueRequired\":true,\"valueName\":\"search_term_string\"}}],\"inLanguage\":\"es-CL\"}]}<\/script>\n<!-- \/ Yoast SEO plugin. -->","yoast_head_json":{"title":"AgroFresh Merger - Pace Spanish","robots":{"index":"index","follow":"follow","max-snippet":"max-snippet:-1","max-image-preview":"max-image-preview:large","max-video-preview":"max-video-preview:-1"},"canonical":"https:\/\/www.paceint.com\/scla\/agrofresh-merger\/","og_locale":"es_ES","og_type":"article","og_title":"AgroFresh Merger - Pace Spanish","og_description":"[vc_row row_type=&#8221;row&#8221; use_row_as_full_screen_section=&#8221;no&#8221; type=&#8221;grid&#8221; text_align=&#8221;left&#8221; background_animation=&#8221;none&#8221; css_animation=&#8221;&#8221;][vc_column][vc_empty_space][vc_column_text] Potenciamos Juntos El Sector De Los Productos Frescos [\/vc_column_text][vc_empty_space][\/vc_column][\/vc_row][vc_row row_type=&#8221;row&#8221; use_row_as_full_screen_section=&#8221;no&#8221; type=&#8221;grid&#8221; text_align=&#8221;left&#8221;...","og_url":"https:\/\/www.paceint.com\/scla\/agrofresh-merger\/","og_site_name":"Pace Spanish","article_modified_time":"2024-07-25T20:06:29+00:00","twitter_card":"summary_large_image","twitter_misc":{"Tiempo estimado de lectura":"2 minutos"},"schema":{"@context":"https:\/\/schema.org","@graph":[{"@type":"WebPage","@id":"https:\/\/www.paceint.com\/scla\/agrofresh-merger\/","url":"https:\/\/www.paceint.com\/scla\/agrofresh-merger\/","name":"AgroFresh Merger - Pace Spanish","isPartOf":{"@id":"https:\/\/www.paceint.com\/scla\/#website"},"datePublished":"2024-07-25T19:59:21+00:00","dateModified":"2024-07-25T20:06:29+00:00","breadcrumb":{"@id":"https:\/\/www.paceint.com\/scla\/agrofresh-merger\/#breadcrumb"},"inLanguage":"es-CL","potentialAction":[{"@type":"ReadAction","target":["https:\/\/www.paceint.com\/scla\/agrofresh-merger\/"]}]},{"@type":"BreadcrumbList","@id":"https:\/\/www.paceint.com\/scla\/agrofresh-merger\/#breadcrumb","itemListElement":[{"@type":"ListItem","position":1,"name":"Home","item":"https:\/\/www.paceint.com\/scla\/"},{"@type":"ListItem","position":2,"name":"AgroFresh Merger"}]},{"@type":"WebSite","@id":"https:\/\/www.paceint.com\/scla\/#website","url":"https:\/\/www.paceint.com\/scla\/","name":"Pace Spanish","description":"Maker of postharvest solutions for agriculture worldwide","potentialAction":[{"@type":"SearchAction","target":{"@type":"EntryPoint","urlTemplate":"https:\/\/www.paceint.com\/scla\/?s={search_term_string}"},"query-input":{"@type":"PropertyValueSpecification","valueRequired":true,"valueName":"search_term_string"}}],"inLanguage":"es-CL"}]}},"_links":{"self":[{"href":"https:\/\/www.paceint.com\/scla\/wp-json\/wp\/v2\/pages\/6401","targetHints":{"allow":["GET"]}}],"collection":[{"href":"https:\/\/www.paceint.com\/scla\/wp-json\/wp\/v2\/pages"}],"about":[{"href":"https:\/\/www.paceint.com\/scla\/wp-json\/wp\/v2\/types\/page"}],"author":[{"embeddable":true,"href":"https:\/\/www.paceint.com\/scla\/wp-json\/wp\/v2\/users\/1"}],"replies":[{"embeddable":true,"href":"https:\/\/www.paceint.com\/scla\/wp-json\/wp\/v2\/comments?post=6401"}],"version-history":[{"count":3,"href":"https:\/\/www.paceint.com\/scla\/wp-json\/wp\/v2\/pages\/6401\/revisions"}],"predecessor-version":[{"id":6406,"href":"https:\/\/www.paceint.com\/scla\/wp-json\/wp\/v2\/pages\/6401\/revisions\/6406"}],"wp:attachment":[{"href":"https:\/\/www.paceint.com\/scla\/wp-json\/wp\/v2\/media?parent=6401"}],"curies":[{"name":"wp","href":"https:\/\/api.w.org\/{rel}","templated":true}]}}