{"id":5112,"date":"2020-07-08T21:02:23","date_gmt":"2020-07-08T21:02:23","guid":{"rendered":"https:\/\/www.paceint.com\/scla\/?page_id=5112"},"modified":"2021-08-11T15:31:39","modified_gmt":"2021-08-11T15:31:39","slug":"politicas-de-publicidad-y-cookies","status":"publish","type":"page","link":"https:\/\/www.paceint.com\/scla\/politicas-de-publicidad-y-cookies\/","title":{"rendered":"Pol\u00edticas de Publicidad y Cookies"},"content":{"rendered":"<div class=\"wpb-content-wrapper\"><p>[vc_row row_type=&#8221;row&#8221; use_row_as_full_screen_section=&#8221;no&#8221; type=&#8221;grid&#8221; text_align=&#8221;left&#8221; background_animation=&#8221;none&#8221; css_animation=&#8221;&#8221;][vc_column][vc_empty_space height=&#8221;70px&#8221;][vc_column_text]<em>Fecha de vigencia: 8 de julio de 2020<\/em><\/p>\n<h4>UTILIZAMOS HERRAMIENTAS DE SEGUIMIENTO<\/h4>\n<p>Recopilamos informaci\u00f3n personal sobre los usuarios a lo largo del tiempo y en diferentes sitios web cuando utiliza este sitio web, aplicaci\u00f3n o servicio. Tambi\u00e9n terceros recopilan informaci\u00f3n personal de esta manera. Para hacer esto, usamos varias herramientas de seguimiento comunes. Estos pueden incluir cookies del navegador. Tambi\u00e9n podemos utilizar balizas web, cookies y tecnolog\u00edas similares. Para obtener m\u00e1s informaci\u00f3n sobre qu\u00e9 son las herramientas de seguimiento y c\u00f3mo funcionan, visite aqu\u00ed.<\/p>\n<p>Nuestros proveedores o terceros pueden colocar y utilizar estas herramientas en nuestros sitios o aplicaciones. En esta pol\u00edtica, &#8220;nosotros&#8221; y &#8220;nos&#8221; se refieren a Pace International, LLC y nuestras afiliadas. Tambi\u00e9n incluye a nuestros proveedores y terceros que colocan herramientas en nuestros sitios o aplicaciones.<\/p>\n<h4>POR QU\u00c9 UTILIZAMOS HERRAMIENTAS DE SEGUIMIENTO<\/h4>\n<p>Usamos herramientas de seguimiento por muchas razones, incluida la participaci\u00f3n en publicidad basada en intereses. La publicidad basada en intereses o &#8220;publicidad conductual en l\u00ednea&#8221; le ofrece contenido publicitario basado en la informaci\u00f3n recopilada de usted a lo largo del tiempo en varios sitios u otras plataformas. Incluye la publicaci\u00f3n de anuncios despu\u00e9s de que abandone nuestro sitio web, lo que lo alienta a regresar. Tambi\u00e9n incluye la publicaci\u00f3n de anuncios que creemos que son relevantes en funci\u00f3n de sus h\u00e1bitos de navegaci\u00f3n o actividades en l\u00ednea. Estos anuncios pueden publicarse en sitios web. Tambi\u00e9n pueden enviarse en correos electr\u00f3nicos. Es posible que publiquemos estos anuncios o que terceros publiquen anuncios. Pueden ser sobre nuestros productos o los productos de otras empresas.<\/p>\n<p>Tambi\u00e9n podemos utilizar herramientas de seguimiento:<\/p>\n<ul class=\"productList\">\n<li>Para reconocer a los visitantes nuevos o pasados \u200b\u200bdel sitio web.<\/li>\n<li>Para mejorar nuestro sitio web y comprender mejor sus visitas en nuestras plataformas.<\/li>\n<li>Para integrarse con sitios web de redes sociales de terceros.<\/li>\n<li>Para observar sus comportamientos y actividades de navegaci\u00f3n a lo largo del tiempo en m\u00faltiples sitios web u otras plataformas.<\/li>\n<li>Para comprender mejor los intereses de nuestros clientes y los visitantes de nuestro sitio web.<\/li>\n<\/ul>\n<h4>C\u00d3MO RECOPILAMOS LA INFORMACI\u00d3N PARA LA PUBLICIDAD BASADA EN INTERESES<\/h4>\n<p>Usamos la informaci\u00f3n que nos proporciona cuando interact\u00faa con nosotros, nuestros afiliados y otros terceros para decidir qu\u00e9 contenido es relevante para usted. Recopilamos esta informaci\u00f3n utilizando las herramientas de seguimiento descritas anteriormente. Por ejemplo, nosotros o nuestros socios podemos analizar su comportamiento de navegaci\u00f3n. Es posible que nosotros o nuestros socios tambi\u00e9n busquemos su ubicaci\u00f3n. Podr\u00edamos ver estas actividades en nuestras plataformas o en las plataformas de otros.<\/p>\n<p>Trabajamos con terceros que ayudan a recopilar esta informaci\u00f3n. Estos terceros pueden vincular su nombre o direcci\u00f3n de correo electr\u00f3nico a otra informaci\u00f3n que recopilen. Eso podr\u00eda incluir compras anteriores realizadas fuera de l\u00ednea o en l\u00ednea. O podr\u00eda incluir informaci\u00f3n de uso en l\u00ednea.<\/p>\n<h4>C\u00d3MO CONTROLAR DETERMINADAS HERRAMIENTAS DE SEGUIMIENTO<\/h4>\n<p>Su navegador tambi\u00e9n puede darle la capacidad de controlar las cookies. La forma de hacerlo depende del tipo de cookie. Puede configurar su navegador para que rechace las cookies. Para obtener m\u00e1s informaci\u00f3n sobre c\u00f3mo controlar las cookies desde su navegador web, visite aqu\u00ed. Para controlar las cookies flash, que podemos usar, puede ir aqu\u00ed. \u00bfPor qu\u00e9? Porque las cookies flash no se pueden controlar a trav\u00e9s de la configuraci\u00f3n de su navegador.<\/p>\n<p>Nuestra pol\u00edtica de no rastrear: algunos navegadores tienen funciones de &#8220;no rastrear&#8221; que le permiten decirle a un sitio web que no lo rastree. Estas caracter\u00edsticas no son todas uniformes. Actualmente no respondemos a esas se\u00f1ales. Si bloquea las cookies, es posible que algunas funciones de nuestros sitios no funcionen. Si bloquea o rechaza las cookies, no se detendr\u00e1 todo el seguimiento que se describe aqu\u00ed.<\/p>\n<p>Las elecciones que realice son espec\u00edficas del navegador y del dispositivo.<\/p>\n<h4>C\u00d3MO CONTROLAR LA PUBLICIDAD DE INTER\u00c9S<\/h4>\n<p>El Programa de autorregulaci\u00f3n para publicidad conductual en l\u00ednea ofrece a los consumidores la posibilidad de optar por que su comportamiento en l\u00ednea no se registre y no se utilice con fines publicitarios. Para optar a ello, haga clic aqu\u00ed.<\/p>\n<p>Las elecciones que realice son espec\u00edficas del navegador y del dispositivo.<br \/>\n[\/vc_column_text][vc_empty_space height=&#8221;70px&#8221;][\/vc_column][\/vc_row]<\/p>\n<\/div>","protected":false},"excerpt":{"rendered":"<p>[vc_row row_type=&#8221;row&#8221; use_row_as_full_screen_section=&#8221;no&#8221; type=&#8221;grid&#8221; text_align=&#8221;left&#8221; background_animation=&#8221;none&#8221; css_animation=&#8221;&#8221;][vc_column][vc_empty_space height=&#8221;70px&#8221;][vc_column_text]Fecha de vigencia: 8 de julio de 2020 UTILIZAMOS HERRAMIENTAS DE SEGUIMIENTO Recopilamos&#8230;<\/p>\n","protected":false},"author":1,"featured_media":0,"parent":0,"menu_order":0,"comment_status":"closed","ping_status":"closed","template":"full_width.php","meta":{"_acf_changed":false,"_monsterinsights_skip_tracking":false,"_monsterinsights_sitenote_active":false,"_monsterinsights_sitenote_note":"","_monsterinsights_sitenote_category":0,"footnotes":""},"class_list":["post-5112","page","type-page","status-publish","hentry"],"acf":[],"yoast_head":"<!-- This site is optimized with the Yoast SEO plugin v24.0 - https:\/\/yoast.com\/wordpress\/plugins\/seo\/ -->\n<title>Pol\u00edticas de Publicidad y Cookies - Pace Spanish<\/title>\n<meta name=\"robots\" content=\"index, follow, max-snippet:-1, max-image-preview:large, max-video-preview:-1\" \/>\n<link rel=\"canonical\" href=\"https:\/\/www.paceint.com\/scla\/politicas-de-publicidad-y-cookies\/\" \/>\n<meta property=\"og:locale\" content=\"es_ES\" \/>\n<meta property=\"og:type\" content=\"article\" \/>\n<meta property=\"og:title\" content=\"Pol\u00edticas de Publicidad y Cookies - Pace Spanish\" \/>\n<meta property=\"og:description\" content=\"[vc_row row_type=&#8221;row&#8221; use_row_as_full_screen_section=&#8221;no&#8221; type=&#8221;grid&#8221; text_align=&#8221;left&#8221; background_animation=&#8221;none&#8221; css_animation=&#8221;&#8221;][vc_column][vc_empty_space height=&#8221;70px&#8221;][vc_column_text]Fecha de vigencia: 8 de julio de 2020 UTILIZAMOS HERRAMIENTAS DE SEGUIMIENTO Recopilamos...\" \/>\n<meta property=\"og:url\" content=\"https:\/\/www.paceint.com\/scla\/politicas-de-publicidad-y-cookies\/\" \/>\n<meta property=\"og:site_name\" content=\"Pace Spanish\" \/>\n<meta property=\"article:modified_time\" content=\"2021-08-11T15:31:39+00:00\" \/>\n<meta name=\"twitter:card\" content=\"summary_large_image\" \/>\n<meta name=\"twitter:label1\" content=\"Tiempo estimado de lectura\" \/>\n\t<meta name=\"twitter:data1\" content=\"3 minutos\" \/>\n<script type=\"application\/ld+json\" class=\"yoast-schema-graph\">{\"@context\":\"https:\/\/schema.org\",\"@graph\":[{\"@type\":\"WebPage\",\"@id\":\"https:\/\/www.paceint.com\/scla\/politicas-de-publicidad-y-cookies\/\",\"url\":\"https:\/\/www.paceint.com\/scla\/politicas-de-publicidad-y-cookies\/\",\"name\":\"Pol\u00edticas de Publicidad y Cookies - Pace Spanish\",\"isPartOf\":{\"@id\":\"https:\/\/www.paceint.com\/scla\/#website\"},\"datePublished\":\"2020-07-08T21:02:23+00:00\",\"dateModified\":\"2021-08-11T15:31:39+00:00\",\"breadcrumb\":{\"@id\":\"https:\/\/www.paceint.com\/scla\/politicas-de-publicidad-y-cookies\/#breadcrumb\"},\"inLanguage\":\"es-CL\",\"potentialAction\":[{\"@type\":\"ReadAction\",\"target\":[\"https:\/\/www.paceint.com\/scla\/politicas-de-publicidad-y-cookies\/\"]}]},{\"@type\":\"BreadcrumbList\",\"@id\":\"https:\/\/www.paceint.com\/scla\/politicas-de-publicidad-y-cookies\/#breadcrumb\",\"itemListElement\":[{\"@type\":\"ListItem\",\"position\":1,\"name\":\"Home\",\"item\":\"https:\/\/www.paceint.com\/scla\/\"},{\"@type\":\"ListItem\",\"position\":2,\"name\":\"Pol\u00edticas de Publicidad y Cookies\"}]},{\"@type\":\"WebSite\",\"@id\":\"https:\/\/www.paceint.com\/scla\/#website\",\"url\":\"https:\/\/www.paceint.com\/scla\/\",\"name\":\"Pace Spanish\",\"description\":\"Maker of postharvest solutions for agriculture worldwide\",\"potentialAction\":[{\"@type\":\"SearchAction\",\"target\":{\"@type\":\"EntryPoint\",\"urlTemplate\":\"https:\/\/www.paceint.com\/scla\/?s={search_term_string}\"},\"query-input\":{\"@type\":\"PropertyValueSpecification\",\"valueRequired\":true,\"valueName\":\"search_term_string\"}}],\"inLanguage\":\"es-CL\"}]}<\/script>\n<!-- \/ Yoast SEO plugin. -->","yoast_head_json":{"title":"Pol\u00edticas de Publicidad y Cookies - Pace Spanish","robots":{"index":"index","follow":"follow","max-snippet":"max-snippet:-1","max-image-preview":"max-image-preview:large","max-video-preview":"max-video-preview:-1"},"canonical":"https:\/\/www.paceint.com\/scla\/politicas-de-publicidad-y-cookies\/","og_locale":"es_ES","og_type":"article","og_title":"Pol\u00edticas de Publicidad y Cookies - Pace Spanish","og_description":"[vc_row row_type=&#8221;row&#8221; use_row_as_full_screen_section=&#8221;no&#8221; type=&#8221;grid&#8221; text_align=&#8221;left&#8221; background_animation=&#8221;none&#8221; css_animation=&#8221;&#8221;][vc_column][vc_empty_space height=&#8221;70px&#8221;][vc_column_text]Fecha de vigencia: 8 de julio de 2020 UTILIZAMOS HERRAMIENTAS DE SEGUIMIENTO Recopilamos...","og_url":"https:\/\/www.paceint.com\/scla\/politicas-de-publicidad-y-cookies\/","og_site_name":"Pace Spanish","article_modified_time":"2021-08-11T15:31:39+00:00","twitter_card":"summary_large_image","twitter_misc":{"Tiempo estimado de lectura":"3 minutos"},"schema":{"@context":"https:\/\/schema.org","@graph":[{"@type":"WebPage","@id":"https:\/\/www.paceint.com\/scla\/politicas-de-publicidad-y-cookies\/","url":"https:\/\/www.paceint.com\/scla\/politicas-de-publicidad-y-cookies\/","name":"Pol\u00edticas de Publicidad y Cookies - Pace Spanish","isPartOf":{"@id":"https:\/\/www.paceint.com\/scla\/#website"},"datePublished":"2020-07-08T21:02:23+00:00","dateModified":"2021-08-11T15:31:39+00:00","breadcrumb":{"@id":"https:\/\/www.paceint.com\/scla\/politicas-de-publicidad-y-cookies\/#breadcrumb"},"inLanguage":"es-CL","potentialAction":[{"@type":"ReadAction","target":["https:\/\/www.paceint.com\/scla\/politicas-de-publicidad-y-cookies\/"]}]},{"@type":"BreadcrumbList","@id":"https:\/\/www.paceint.com\/scla\/politicas-de-publicidad-y-cookies\/#breadcrumb","itemListElement":[{"@type":"ListItem","position":1,"name":"Home","item":"https:\/\/www.paceint.com\/scla\/"},{"@type":"ListItem","position":2,"name":"Pol\u00edticas de Publicidad y Cookies"}]},{"@type":"WebSite","@id":"https:\/\/www.paceint.com\/scla\/#website","url":"https:\/\/www.paceint.com\/scla\/","name":"Pace Spanish","description":"Maker of postharvest solutions for agriculture worldwide","potentialAction":[{"@type":"SearchAction","target":{"@type":"EntryPoint","urlTemplate":"https:\/\/www.paceint.com\/scla\/?s={search_term_string}"},"query-input":{"@type":"PropertyValueSpecification","valueRequired":true,"valueName":"search_term_string"}}],"inLanguage":"es-CL"}]}},"_links":{"self":[{"href":"https:\/\/www.paceint.com\/scla\/wp-json\/wp\/v2\/pages\/5112","targetHints":{"allow":["GET"]}}],"collection":[{"href":"https:\/\/www.paceint.com\/scla\/wp-json\/wp\/v2\/pages"}],"about":[{"href":"https:\/\/www.paceint.com\/scla\/wp-json\/wp\/v2\/types\/page"}],"author":[{"embeddable":true,"href":"https:\/\/www.paceint.com\/scla\/wp-json\/wp\/v2\/users\/1"}],"replies":[{"embeddable":true,"href":"https:\/\/www.paceint.com\/scla\/wp-json\/wp\/v2\/comments?post=5112"}],"version-history":[{"count":5,"href":"https:\/\/www.paceint.com\/scla\/wp-json\/wp\/v2\/pages\/5112\/revisions"}],"predecessor-version":[{"id":5976,"href":"https:\/\/www.paceint.com\/scla\/wp-json\/wp\/v2\/pages\/5112\/revisions\/5976"}],"wp:attachment":[{"href":"https:\/\/www.paceint.com\/scla\/wp-json\/wp\/v2\/media?parent=5112"}],"curies":[{"name":"wp","href":"https:\/\/api.w.org\/{rel}","templated":true}]}}