{"id":4682,"date":"2020-04-02T22:04:11","date_gmt":"2020-04-02T22:04:11","guid":{"rendered":"http:\/\/staging.paceint.com\/?page_id=4682"},"modified":"2024-01-09T23:11:17","modified_gmt":"2024-01-09T23:11:17","slug":"pace-insite","status":"publish","type":"page","link":"https:\/\/www.paceint.com\/scla\/pace-insite\/","title":{"rendered":"Pace InSite&#x2122;"},"content":{"rendered":"<div class=\"wpb-content-wrapper\"><p>[vc_row row_type=&#8221;row&#8221; use_row_as_full_screen_section=&#8221;no&#8221; type=&#8221;grid&#8221; text_align=&#8221;center&#8221; background_animation=&#8221;none&#8221; css_animation=&#8221;&#8221; css=&#8221;.vc_custom_1597705562316{background-position: center !important;background-repeat: no-repeat !important;background-size: cover !important;}&#8221;][vc_column][vc_empty_space height=&#8221;70px&#8221;][vc_column_text]<\/p>\n<h2>Acceso a sus datos 24 horas al d\u00eda, 7 d\u00edas a la semana<\/h2>\n<p>[\/vc_column_text][vc_empty_space height=&#8221;70px&#8221;][\/vc_column][\/vc_row][vc_row row_type=&#8221;row&#8221; use_row_as_full_screen_section=&#8221;no&#8221; type=&#8221;grid&#8221; text_align=&#8221;left&#8221; background_animation=&#8221;none&#8221; css_animation=&#8221;&#8221; css=&#8221;.vc_custom_1628614245427{background-position: center !important;background-repeat: no-repeat !important;background-size: cover !important;}&#8221;][vc_column width=&#8221;1\/2&#8243;][vc_column_text]<\/p>\n<h4 style=\"text-transform: none;\">Maximice la eficiencia de la l\u00ednea de empaque con los informes digitales Pace InSite &#x2122;<\/h4>\n<p>[\/vc_column_text][vc_empty_space][vc_column_text]Pace InSite&#x2122; es un software de administraci\u00f3n de datos que permite acceder a informes y exportar datos de la l\u00ednea de empaque. Analiza convenientemente las tendencias para ayudarlo a tomar decisiones informadas sobre las operaciones diarias.<\/p>\n<p>Nuestros t\u00e9cnicos de servicio de Pace ingresan toda la informaci\u00f3n de mantenimiento y calibraci\u00f3n en un informe de f\u00e1cil acceso, que incluye la configuraci\u00f3n del producto, los puntos de ajuste y los niveles de titulaci\u00f3n para los puntos de control.[\/vc_column_text][vc_empty_space height=&#8221;15px&#8221;]<a href=\"https:\/\/paceinsite.com\" target=\"_blank\"  class=\"qbutton  qbutton_with_icon\" style=\"\">Iniciar Sesi\u00f3n<i class=\"qode_icon_font_awesome fa  button_icon\" style=\"\" ><\/i><\/a>[vc_empty_space height=&#8221;10px&#8221;][vc_column_text]\u00bfNecesitas m\u00e1s informaci\u00f3n? <a href=\"https:\/\/www.paceint.com\/scla\/obtenga-mas-informacion-sobre-pace-insite\/\" target=\"_blank\" rel=\"noopener noreferrer\">Haga clic aqu\u00ed<\/a>[\/vc_column_text][vc_empty_space height=&#8221;25px&#8221;][\/vc_column][vc_column width=&#8221;1\/2&#8243;][vc_single_image image=&#8221;6291&#8243; img_size=&#8221;full&#8221; alignment=&#8221;center&#8221; qode_css_animation=&#8221;&#8221;][vc_empty_space height=&#8221;35px&#8221;][\/vc_column][\/vc_row][vc_row row_type=&#8221;row&#8221; use_row_as_full_screen_section=&#8221;no&#8221; type=&#8221;grid&#8221; text_align=&#8221;center&#8221; background_animation=&#8221;none&#8221; css_animation=&#8221;&#8221; css=&#8221;.vc_custom_1598470691312{background: #000000 url(https:\/\/www.paceint.com\/scla\/wp-content\/uploads\/sites\/2\/2020\/08\/pace-insite-background3.jpg?id=5259) !important;}&#8221;][vc_column][vc_column_text css=&#8221;.vc_custom_1628614179385{padding-top: 70px !important;}&#8221;]<\/p>\n<h2 style=\"color: #ffffff;\">Beneficios y caracter\u00edsticas de Pace InSite&#x2122;<\/h2>\n<p>[\/vc_column_text][vc_empty_space height=&#8221;25px&#8221;][vc_column_text]<\/p>\n<h5 style=\"color: #ffffff; text-align: center;\">ACCEDE A SUS DATOS EN CUALQUIER DISPOSITIVO, EN CUALQUIER MOMENTO Y EN CUALQUIER LUGAR DEL MUNDO.<\/h5>\n<p>[\/vc_column_text][vc_empty_space height=&#8221;70px&#8221;][vc_row_inner row_type=&#8221;row&#8221; type=&#8221;full_width&#8221; use_row_as_full_screen_section_slide=&#8221;no&#8221; text_align=&#8221;left&#8221; css_animation=&#8221;&#8221;][vc_column_inner width=&#8221;1\/3&#8243; css=&#8221;.vc_custom_1597705085956{padding-top: 35px !important;padding-bottom: 35px !important;}&#8221;][vc_column_text]<\/p>\n<h4 class=\"insiteLeft\">DISPONIBLE 24\/7<\/h4>\n<p>[\/vc_column_text][vc_empty_space height=&#8221;10px&#8221;][vc_column_text el_class=&#8221;insiteLeft&#8221;]Acceda a sus datos, cuando los necesite, al alcance de su mano en cualquier momento del d\u00eda.[\/vc_column_text][vc_empty_space height=&#8221;30px&#8221;][vc_column_text]<\/p>\n<h4 class=\"insiteLeft\">Optimice sus datos<\/h4>\n<p>[\/vc_column_text][vc_empty_space height=&#8221;10px&#8221;][vc_column_text el_class=&#8221;insiteLeft&#8221;]Una ubicaci\u00f3n centralizada para todo su almacenamiento y an\u00e1lisis de datos.[\/vc_column_text][vc_empty_space height=&#8221;30px&#8221;][vc_column_text]<\/p>\n<h4 class=\"insiteLeft\">INFORMACI\u00d3N DE USO DEL PRODUCTO<\/h4>\n<p>[\/vc_column_text][vc_empty_space height=&#8221;10px&#8221;][vc_column_text el_class=&#8221;insiteLeft&#8221;]Registre los productos utilizados para proporcionar una base para las operaciones de empaque que puedan ser referenciadas para un procesamiento futuro.[\/vc_column_text][vc_empty_space height=&#8221;30px&#8221;][vc_column_text]<\/p>\n<h4 class=\"insiteLeft\">AJUSTES DEL EQUIPO<\/h4>\n<p>[\/vc_column_text][vc_empty_space height=&#8221;10px&#8221;][vc_column_text el_class=&#8221;insiteLeft&#8221;]Realice un seguimiento de los puntos de ajuste de los equipos para proporcionar datos hist\u00f3ricos para el futuro.[\/vc_column_text][\/vc_column_inner][vc_column_inner width=&#8221;1\/3&#8243;][vc_single_image image=&#8221;6292&#8243; img_size=&#8221;full&#8221; alignment=&#8221;center&#8221; qode_css_animation=&#8221;&#8221; css=&#8221;.vc_custom_1704841874624{margin-top: 0px !important;margin-right: 0px !important;margin-bottom: 0px !important;margin-left: 0px !important;padding-top: 0px !important;padding-right: 0px !important;padding-bottom: 0px !important;padding-left: 0px !important;}&#8221;][\/vc_column_inner][vc_column_inner width=&#8221;1\/3&#8243; css=&#8221;.vc_custom_1597699875253{padding-top: 35px !important;padding-bottom: 35px !important;}&#8221;][vc_column_text]<\/p>\n<h4 style=\"text-align: left; color: #ffffff;\">GR\u00c1FICOS Y TENDENCIAS<\/h4>\n<p>[\/vc_column_text][vc_empty_space height=&#8221;10px&#8221;][vc_column_text]<\/p>\n<p style=\"text-align: left; color: #ffffff;\">Compare datos en gr\u00e1ficos codificados por colores e informes de tendencias.<\/p>\n<p>[\/vc_column_text][vc_empty_space height=&#8221;30px&#8221;][vc_column_text]<\/p>\n<h4 style=\"color: #ffffff; text-align: left;\">INFORMES DE SERVICIO<\/h4>\n<p>[\/vc_column_text][vc_empty_space height=&#8221;10px&#8221;][vc_column_text]<\/p>\n<p style=\"color: #ffffff; text-align: left;\">Acceda a configuraciones qu\u00edmicas, niveles de titulaci\u00f3n para puntos de control.<\/p>\n<p>[\/vc_column_text][vc_empty_space height=&#8221;30px&#8221;][vc_column_text]<\/p>\n<h4 style=\"color: #ffffff; text-align: left;\">RESUMEN DE MANTENIMIENTO<\/h4>\n<p>[\/vc_column_text][vc_empty_space height=&#8221;10px&#8221;][vc_column_text]<\/p>\n<p style=\"color: #ffffff; text-align: left;\">Obtenga informes detallados sobre el mantenimiento y las reparaciones de los equipos.<\/p>\n<p>[\/vc_column_text][vc_empty_space height=&#8221;30px&#8221;][vc_column_text]<\/p>\n<h4 style=\"color: #ffffff; text-align: left;\">ESCRITORIO O M\u00d3VIL<\/h4>\n<p>[\/vc_column_text][vc_empty_space height=&#8221;10px&#8221;][vc_column_text]<\/p>\n<p style=\"color: #ffffff; text-align: left;\">Nuestro dise\u00f1o receptivo funciona en su computadora de escritorio, tablet o tel\u00e9fono.<\/p>\n<p>[\/vc_column_text][\/vc_column_inner][\/vc_row_inner][vc_empty_space height=&#8221;70px&#8221;][\/vc_column][\/vc_row]<\/p>\n<\/div>","protected":false},"excerpt":{"rendered":"<p>[vc_row row_type=&#8221;row&#8221; use_row_as_full_screen_section=&#8221;no&#8221; type=&#8221;grid&#8221; text_align=&#8221;center&#8221; background_animation=&#8221;none&#8221; css_animation=&#8221;&#8221; css=&#8221;.vc_custom_1597705562316{background-position: center !important;background-repeat: no-repeat !important;background-size: cover !important;}&#8221;][vc_column][vc_empty_space height=&#8221;70px&#8221;][vc_column_text] Acceso a sus datos 24&#8230;<\/p>\n","protected":false},"author":1,"featured_media":0,"parent":0,"menu_order":0,"comment_status":"closed","ping_status":"closed","template":"full_width.php","meta":{"_acf_changed":false,"_monsterinsights_skip_tracking":false,"_monsterinsights_sitenote_active":false,"_monsterinsights_sitenote_note":"","_monsterinsights_sitenote_category":0,"footnotes":""},"class_list":["post-4682","page","type-page","status-publish","hentry"],"acf":[],"yoast_head":"<!-- This site is optimized with the Yoast SEO plugin v24.0 - https:\/\/yoast.com\/wordpress\/plugins\/seo\/ -->\n<title>Pace InSite&#x2122; - Pace Spanish<\/title>\n<meta name=\"robots\" content=\"index, follow, max-snippet:-1, max-image-preview:large, max-video-preview:-1\" \/>\n<link rel=\"canonical\" href=\"https:\/\/www.paceint.com\/scla\/pace-insite\/\" \/>\n<meta property=\"og:locale\" content=\"es_ES\" \/>\n<meta property=\"og:type\" content=\"article\" \/>\n<meta property=\"og:title\" content=\"Pace InSite&#x2122; - Pace Spanish\" \/>\n<meta property=\"og:description\" content=\"[vc_row row_type=&#8221;row&#8221; use_row_as_full_screen_section=&#8221;no&#8221; type=&#8221;grid&#8221; text_align=&#8221;center&#8221; background_animation=&#8221;none&#8221; css_animation=&#8221;&#8221; css=&#8221;.vc_custom_1597705562316{background-position: center !important;background-repeat: no-repeat !important;background-size: cover !important;}&#8221;][vc_column][vc_empty_space height=&#8221;70px&#8221;][vc_column_text] Acceso a sus datos 24...\" \/>\n<meta property=\"og:url\" content=\"https:\/\/www.paceint.com\/scla\/pace-insite\/\" \/>\n<meta property=\"og:site_name\" content=\"Pace Spanish\" \/>\n<meta property=\"article:modified_time\" content=\"2024-01-09T23:11:17+00:00\" \/>\n<meta name=\"twitter:card\" content=\"summary_large_image\" \/>\n<meta name=\"twitter:label1\" content=\"Tiempo estimado de lectura\" \/>\n\t<meta name=\"twitter:data1\" content=\"2 minutos\" \/>\n<script type=\"application\/ld+json\" class=\"yoast-schema-graph\">{\"@context\":\"https:\/\/schema.org\",\"@graph\":[{\"@type\":\"WebPage\",\"@id\":\"https:\/\/www.paceint.com\/scla\/pace-insite\/\",\"url\":\"https:\/\/www.paceint.com\/scla\/pace-insite\/\",\"name\":\"Pace InSite&#x2122; - Pace Spanish\",\"isPartOf\":{\"@id\":\"https:\/\/www.paceint.com\/scla\/#website\"},\"datePublished\":\"2020-04-02T22:04:11+00:00\",\"dateModified\":\"2024-01-09T23:11:17+00:00\",\"breadcrumb\":{\"@id\":\"https:\/\/www.paceint.com\/scla\/pace-insite\/#breadcrumb\"},\"inLanguage\":\"es-CL\",\"potentialAction\":[{\"@type\":\"ReadAction\",\"target\":[\"https:\/\/www.paceint.com\/scla\/pace-insite\/\"]}]},{\"@type\":\"BreadcrumbList\",\"@id\":\"https:\/\/www.paceint.com\/scla\/pace-insite\/#breadcrumb\",\"itemListElement\":[{\"@type\":\"ListItem\",\"position\":1,\"name\":\"Home\",\"item\":\"https:\/\/www.paceint.com\/scla\/\"},{\"@type\":\"ListItem\",\"position\":2,\"name\":\"Pace InSite&#x2122;\"}]},{\"@type\":\"WebSite\",\"@id\":\"https:\/\/www.paceint.com\/scla\/#website\",\"url\":\"https:\/\/www.paceint.com\/scla\/\",\"name\":\"Pace Spanish\",\"description\":\"Maker of postharvest solutions for agriculture worldwide\",\"potentialAction\":[{\"@type\":\"SearchAction\",\"target\":{\"@type\":\"EntryPoint\",\"urlTemplate\":\"https:\/\/www.paceint.com\/scla\/?s={search_term_string}\"},\"query-input\":{\"@type\":\"PropertyValueSpecification\",\"valueRequired\":true,\"valueName\":\"search_term_string\"}}],\"inLanguage\":\"es-CL\"}]}<\/script>\n<!-- \/ Yoast SEO plugin. -->","yoast_head_json":{"title":"Pace InSite&#x2122; - Pace Spanish","robots":{"index":"index","follow":"follow","max-snippet":"max-snippet:-1","max-image-preview":"max-image-preview:large","max-video-preview":"max-video-preview:-1"},"canonical":"https:\/\/www.paceint.com\/scla\/pace-insite\/","og_locale":"es_ES","og_type":"article","og_title":"Pace InSite&#x2122; - Pace Spanish","og_description":"[vc_row row_type=&#8221;row&#8221; use_row_as_full_screen_section=&#8221;no&#8221; type=&#8221;grid&#8221; text_align=&#8221;center&#8221; background_animation=&#8221;none&#8221; css_animation=&#8221;&#8221; css=&#8221;.vc_custom_1597705562316{background-position: center !important;background-repeat: no-repeat !important;background-size: cover !important;}&#8221;][vc_column][vc_empty_space height=&#8221;70px&#8221;][vc_column_text] Acceso a sus datos 24...","og_url":"https:\/\/www.paceint.com\/scla\/pace-insite\/","og_site_name":"Pace Spanish","article_modified_time":"2024-01-09T23:11:17+00:00","twitter_card":"summary_large_image","twitter_misc":{"Tiempo estimado de lectura":"2 minutos"},"schema":{"@context":"https:\/\/schema.org","@graph":[{"@type":"WebPage","@id":"https:\/\/www.paceint.com\/scla\/pace-insite\/","url":"https:\/\/www.paceint.com\/scla\/pace-insite\/","name":"Pace InSite&#x2122; - Pace Spanish","isPartOf":{"@id":"https:\/\/www.paceint.com\/scla\/#website"},"datePublished":"2020-04-02T22:04:11+00:00","dateModified":"2024-01-09T23:11:17+00:00","breadcrumb":{"@id":"https:\/\/www.paceint.com\/scla\/pace-insite\/#breadcrumb"},"inLanguage":"es-CL","potentialAction":[{"@type":"ReadAction","target":["https:\/\/www.paceint.com\/scla\/pace-insite\/"]}]},{"@type":"BreadcrumbList","@id":"https:\/\/www.paceint.com\/scla\/pace-insite\/#breadcrumb","itemListElement":[{"@type":"ListItem","position":1,"name":"Home","item":"https:\/\/www.paceint.com\/scla\/"},{"@type":"ListItem","position":2,"name":"Pace InSite&#x2122;"}]},{"@type":"WebSite","@id":"https:\/\/www.paceint.com\/scla\/#website","url":"https:\/\/www.paceint.com\/scla\/","name":"Pace Spanish","description":"Maker of postharvest solutions for agriculture worldwide","potentialAction":[{"@type":"SearchAction","target":{"@type":"EntryPoint","urlTemplate":"https:\/\/www.paceint.com\/scla\/?s={search_term_string}"},"query-input":{"@type":"PropertyValueSpecification","valueRequired":true,"valueName":"search_term_string"}}],"inLanguage":"es-CL"}]}},"_links":{"self":[{"href":"https:\/\/www.paceint.com\/scla\/wp-json\/wp\/v2\/pages\/4682","targetHints":{"allow":["GET"]}}],"collection":[{"href":"https:\/\/www.paceint.com\/scla\/wp-json\/wp\/v2\/pages"}],"about":[{"href":"https:\/\/www.paceint.com\/scla\/wp-json\/wp\/v2\/types\/page"}],"author":[{"embeddable":true,"href":"https:\/\/www.paceint.com\/scla\/wp-json\/wp\/v2\/users\/1"}],"replies":[{"embeddable":true,"href":"https:\/\/www.paceint.com\/scla\/wp-json\/wp\/v2\/comments?post=4682"}],"version-history":[{"count":53,"href":"https:\/\/www.paceint.com\/scla\/wp-json\/wp\/v2\/pages\/4682\/revisions"}],"predecessor-version":[{"id":6293,"href":"https:\/\/www.paceint.com\/scla\/wp-json\/wp\/v2\/pages\/4682\/revisions\/6293"}],"wp:attachment":[{"href":"https:\/\/www.paceint.com\/scla\/wp-json\/wp\/v2\/media?parent=4682"}],"curies":[{"name":"wp","href":"https:\/\/api.w.org\/{rel}","templated":true}]}}