{"id":424,"date":"2019-06-24T21:46:02","date_gmt":"2019-06-24T21:46:02","guid":{"rendered":"http:\/\/staging.paceint.com\/?page_id=424"},"modified":"2024-08-22T23:27:48","modified_gmt":"2024-08-22T23:27:48","slug":"pomaceas","status":"publish","type":"page","link":"https:\/\/www.paceint.com\/scla\/cultivos\/pomaceas\/","title":{"rendered":"Pom\u00e1ceas"},"content":{"rendered":"<div class=\"wpb-content-wrapper\"><p>[vc_row row_type=&#8221;row&#8221; use_row_as_full_screen_section=&#8221;no&#8221; type=&#8221;grid&#8221; text_align=&#8221;left&#8221; background_animation=&#8221;none&#8221; css_animation=&#8221;&#8221; background_color=&#8221;#f8f8f8&#8243;][vc_column][vc_empty_space height=&#8221;30px&#8221;][vc_empty_space height=&#8221;50px&#8221;][vc_column_text]<\/p>\n<h4 style=\"text-align: center; text-transform: none;\">Recorra nuestra l\u00ednea de empaque de pom\u00e1ceas. Explore y vea d\u00f3nde se usan las soluciones sostenibles de Pace para ayudarle a mantener la calidad, la frescura natural y la belleza de su cosecha reci\u00e9n recolectada.<\/h4>\n<p>[\/vc_column_text][vc_empty_space height=&#8221;50px&#8221;][vc_empty_space height=&#8221;30px&#8221;][\/vc_column][\/vc_row][vc_row row_type=&#8221;row&#8221; use_row_as_full_screen_section=&#8221;no&#8221; type=&#8221;full_width&#8221; text_align=&#8221;center&#8221; background_animation=&#8221;none&#8221; css_animation=&#8221;&#8221; background_color=&#8221;#f4fdff&#8221; css=&#8221;.vc_custom_1588630655955{margin: 0px !important;padding: 0px !important;border: 0px initial !important;}&#8221;][vc_column css=&#8221;.vc_custom_1588635994850{margin-top: 0px !important;margin-right: 0px !important;margin-bottom: 0px !important;margin-left: 0px !important;padding-top: 0px !important;padding-right: 0px !important;padding-bottom: 0px !important;padding-left: 0px !important;}&#8221;][vc_raw_html]JTNDZGl2JTIwY2xhc3MlM0QlMjJhbmltYXRlQ29udGFpbmVyJTIyJTIwc3R5bGUlM0QlMjJwYWRkaW5nLWJvdHRvbSUzQTM4LjQlMjUlM0IlMjIlM0UlMEElM0NpZnJhbWUlMjBzcmMlM0QlMjIlMkZhbmltYXRpb25zLXNwYW5pc2glMkZwb21lJTJGcGFjZS1wYWNraW5nLWxpbmUtYXBwbGVzLWVzcC1hZ3JvZnJlc2guaHRtbCUyMiUyMHdpZHRoJTNEJTIyMjUwMCUyMiUyMGhlaWdodCUzRCUyMjk2MCUyMiUzRSUzQyUyRmlmcmFtZSUzRSUwQSUzQyUyRmRpdiUzRQ==[\/vc_raw_html][\/vc_column][\/vc_row][vc_row row_type=&#8221;row&#8221; use_row_as_full_screen_section=&#8221;no&#8221; type=&#8221;grid&#8221; text_align=&#8221;center&#8221; background_animation=&#8221;none&#8221; css_animation=&#8221;&#8221;][vc_column][vc_column_text]<\/p>\n<h3 style=\"text-transform: uppercase; color: #666666;\">SOLUCIONES POSTCOSECHA SOSTENIBLES PARA POM\u00c1CEAS<\/h3>\n<p>[\/vc_column_text][vc_empty_space height=&#8221;20px&#8221;][vc_column_text]Tanto para mercados nacionales como de exportaci\u00f3n, nuestra l\u00ednea de productos innovadores est\u00e1 dise\u00f1ada para ayudar a mantener la frescura de las manzanas y peras para garantizar un alto rendimiento.[\/vc_column_text][\/vc_column][\/vc_row][vc_row row_type=&#8221;row&#8221; use_row_as_full_screen_section=&#8221;no&#8221; type=&#8221;grid&#8221; text_align=&#8221;center&#8221; background_animation=&#8221;none&#8221; css_animation=&#8221;&#8221;][vc_column width=&#8221;1\/6&#8243; offset=&#8221;vc_hidden-xs&#8221;][vc_empty_space height=&#8221;300px&#8221;][\/vc_column][vc_column width=&#8221;1\/3&#8243;][vc_single_image image=&#8221;6321&#8243; img_size=&#8221;&#8221; alignment=&#8221;center&#8221; qode_css_animation=&#8221;&#8221; css=&#8221;.vc_custom_1724279017373{padding-right: 25px !important;}&#8221;][vc_empty_space height=&#8221;10px&#8221;][vc_column_text]<\/p>\n<h4>Recubrimientos<\/h4>\n<p>[\/vc_column_text][vc_column_text]Recubrimientos comestibles de carnauba para pom\u00e1ceas[\/vc_column_text]<a href=\"https:\/\/www.paceint.com\/scla\/primafresh-product-line\/\" target=\"_self\"  class=\"qbutton  small qbutton_with_icon\" style=\"\">Conoce M\u00e1s<i class=\"qode_icon_font_awesome fa  button_icon\" style=\"\" ><\/i><\/a>[vc_empty_space height=&#8221;40px&#8221;][\/vc_column][vc_column width=&#8221;1\/3&#8243;][vc_single_image image=&#8221;6298&#8243; img_size=&#8221;&#8221; alignment=&#8221;center&#8221; qode_css_animation=&#8221;&#8221; css=&#8221;.vc_custom_1724279026087{padding-left: 25px !important;}&#8221;][vc_empty_space height=&#8221;10px&#8221;][vc_column_text]<\/p>\n<h4>TRATAMIENTOS PARA GUARDA<\/h4>\n<p>[\/vc_column_text][vc_column_text]Tecnolog\u00eda de termonebulizaci\u00f3n para variedad de frutas[\/vc_column_text]<a href=\"https:\/\/www.paceint.com\/scla\/ecofog\/\" target=\"_self\"  class=\"qbutton  small qbutton_with_icon\" style=\"\">Conoce M\u00e1s<i class=\"qode_icon_font_awesome fa  button_icon\" style=\"\" ><\/i><\/a>[vc_empty_space height=&#8221;40px&#8221;][\/vc_column][vc_column width=&#8221;1\/6&#8243; offset=&#8221;vc_hidden-xs&#8221;][vc_empty_space height=&#8221;300px&#8221;][\/vc_column][\/vc_row][vc_row row_type=&#8221;row&#8221; use_row_as_full_screen_section=&#8221;no&#8221; type=&#8221;grid&#8221; text_align=&#8221;center&#8221; background_animation=&#8221;none&#8221; css_animation=&#8221;&#8221;][vc_column width=&#8221;1\/6&#8243; offset=&#8221;vc_hidden-xs&#8221;][vc_empty_space height=&#8221;300px&#8221;][\/vc_column][vc_column width=&#8221;1\/3&#8243;][vc_single_image image=&#8221;6308&#8243; img_size=&#8221;&#8221; alignment=&#8221;center&#8221; qode_css_animation=&#8221;&#8221; css=&#8221;.vc_custom_1724279035636{padding-right: 25px !important;padding-left: 25px !important;}&#8221;][vc_empty_space height=&#8221;10px&#8221;][vc_column_text]<\/p>\n<h4>FUNGICIDAS<\/h4>\n<p>[\/vc_column_text][vc_column_text]Protecci\u00f3n l\u00edquida para pom\u00e1ceas[\/vc_column_text]<a href=\"https:\/\/www.paceint.com\/scla\/descripcion-del-producto-shield-brite\/\" target=\"_self\"  class=\"qbutton  small qbutton_with_icon\" style=\"\">Conoce M\u00e1s<i class=\"qode_icon_font_awesome fa  button_icon\" style=\"\" ><\/i><\/a>[vc_empty_space height=&#8221;40px&#8221;][\/vc_column][vc_column width=&#8221;1\/3&#8243;][vc_single_image image=&#8221;6331&#8243; img_size=&#8221;&#8221; alignment=&#8221;center&#8221; qode_css_animation=&#8221;&#8221; css=&#8221;.vc_custom_1724279045219{padding-right: 25px !important;padding-left: 25px !important;}&#8221;][vc_empty_space height=&#8221;10px&#8221;][vc_column_text]<\/p>\n<h4>Limpiadores y Sanitizantes<\/h4>\n<p>[\/vc_column_text][vc_column_text]Sistema automatizado de sanitizaci\u00f3n en base a cloro[\/vc_column_text]<a href=\"https:\/\/www.paceint.com\/scla\/producto\/accu-tab\/\" target=\"_self\"  class=\"qbutton  small qbutton_with_icon\" style=\"\">Conoce M\u00e1s<i class=\"qode_icon_font_awesome fa  button_icon\" style=\"\" ><\/i><\/a>[vc_empty_space height=&#8221;40px&#8221;][\/vc_column][vc_column width=&#8221;1\/6&#8243; offset=&#8221;vc_hidden-xs&#8221;][vc_empty_space height=&#8221;300px&#8221;][\/vc_column][\/vc_row][vc_row row_type=&#8221;row&#8221; use_row_as_full_screen_section=&#8221;no&#8221; type=&#8221;full_width&#8221; text_align=&#8221;left&#8221; background_animation=&#8221;none&#8221; css_animation=&#8221;&#8221;][vc_column][vc_empty_space height=&#8221;10px&#8221;][\/vc_column][\/vc_row][vc_row row_type=&#8221;row&#8221; use_row_as_full_screen_section=&#8221;no&#8221; type=&#8221;grid&#8221; text_align=&#8221;center&#8221; background_animation=&#8221;none&#8221; css_animation=&#8221;&#8221; css=&#8221;.vc_custom_1569442137251{padding-top: 20px !important;padding-right: 20px !important;padding-bottom: 20px !important;padding-left: 20px !important;}&#8221; background_color=&#8221;#f5f5f5&#8243;][vc_column][vc_empty_space height=&#8221;50px&#8221;][vc_gallery type=&#8221;flexslider_slide&#8221; interval=&#8221;10&#8243; images=&#8221;6475,6474,6476,6473&#8243; img_size=&#8221;full&#8221; onclick=&#8221;custom_link&#8221; custom_links=&#8221;#E-8_aHR0cCUzQSUyRiUyRnd3dy5wYWNlaW50LmNvbSUyRnNjbGElMkZwcmltYWZyZXNoLXByb2R1Y3QtbGluZSUyRiUyQ2h0dHAlM0ElMkYlMkZ3d3cucGFjZWludC5jb20lMkZzY2xhJTJGZWNvZm9nJTJGJTJDaHR0cCUzQSUyRiUyRnd3dy5wYWNlaW50LmNvbSUyRnNjbGElMkZkZXNjcmlwY2lvbi1kZWwtcHJvZHVjdG8tc2hpZWxkLWJyaXRlJTJGJTJDaHR0cCUzQSUyRiUyRnd3dy5wYWNlaW50LmNvbSUyRnNjbGElMkZwcm9kdWN0byUyRmFjY3UtdGFiJTJG&#8221;][\/vc_column][\/vc_row]<\/p>\n<\/div>","protected":false},"excerpt":{"rendered":"<p>[vc_row row_type=&#8221;row&#8221; use_row_as_full_screen_section=&#8221;no&#8221; type=&#8221;grid&#8221; text_align=&#8221;left&#8221; background_animation=&#8221;none&#8221; css_animation=&#8221;&#8221; background_color=&#8221;#f8f8f8&#8243;][vc_column][vc_empty_space height=&#8221;30px&#8221;][vc_empty_space height=&#8221;50px&#8221;][vc_column_text] Recorra nuestra l\u00ednea de empaque de pom\u00e1ceas. Explore y vea&#8230;<\/p>\n","protected":false},"author":1,"featured_media":0,"parent":306,"menu_order":0,"comment_status":"closed","ping_status":"closed","template":"full_width.php","meta":{"_acf_changed":false,"_monsterinsights_skip_tracking":false,"_monsterinsights_sitenote_active":false,"_monsterinsights_sitenote_note":"","_monsterinsights_sitenote_category":0,"footnotes":""},"class_list":["post-424","page","type-page","status-publish","hentry"],"acf":[],"yoast_head":"<!-- This site is optimized with the Yoast SEO plugin v24.0 - https:\/\/yoast.com\/wordpress\/plugins\/seo\/ -->\n<title>Pom\u00e1ceas - Pace Spanish<\/title>\n<meta name=\"robots\" content=\"index, follow, max-snippet:-1, max-image-preview:large, max-video-preview:-1\" \/>\n<link rel=\"canonical\" href=\"https:\/\/www.paceint.com\/scla\/cultivos\/pomaceas\/\" \/>\n<meta property=\"og:locale\" content=\"es_ES\" \/>\n<meta property=\"og:type\" content=\"article\" \/>\n<meta property=\"og:title\" content=\"Pom\u00e1ceas - Pace Spanish\" \/>\n<meta property=\"og:description\" content=\"[vc_row row_type=&#8221;row&#8221; use_row_as_full_screen_section=&#8221;no&#8221; type=&#8221;grid&#8221; text_align=&#8221;left&#8221; background_animation=&#8221;none&#8221; css_animation=&#8221;&#8221; background_color=&#8221;#f8f8f8&#8243;][vc_column][vc_empty_space height=&#8221;30px&#8221;][vc_empty_space height=&#8221;50px&#8221;][vc_column_text] Recorra nuestra l\u00ednea de empaque de pom\u00e1ceas. Explore y vea...\" \/>\n<meta property=\"og:url\" content=\"https:\/\/www.paceint.com\/scla\/cultivos\/pomaceas\/\" \/>\n<meta property=\"og:site_name\" content=\"Pace Spanish\" \/>\n<meta property=\"article:modified_time\" content=\"2024-08-22T23:27:48+00:00\" \/>\n<meta name=\"twitter:card\" content=\"summary_large_image\" \/>\n<meta name=\"twitter:label1\" content=\"Tiempo estimado de lectura\" \/>\n\t<meta name=\"twitter:data1\" content=\"2 minutos\" \/>\n<script type=\"application\/ld+json\" class=\"yoast-schema-graph\">{\"@context\":\"https:\/\/schema.org\",\"@graph\":[{\"@type\":\"WebPage\",\"@id\":\"https:\/\/www.paceint.com\/scla\/cultivos\/pomaceas\/\",\"url\":\"https:\/\/www.paceint.com\/scla\/cultivos\/pomaceas\/\",\"name\":\"Pom\u00e1ceas - Pace Spanish\",\"isPartOf\":{\"@id\":\"https:\/\/www.paceint.com\/scla\/#website\"},\"datePublished\":\"2019-06-24T21:46:02+00:00\",\"dateModified\":\"2024-08-22T23:27:48+00:00\",\"breadcrumb\":{\"@id\":\"https:\/\/www.paceint.com\/scla\/cultivos\/pomaceas\/#breadcrumb\"},\"inLanguage\":\"es-CL\",\"potentialAction\":[{\"@type\":\"ReadAction\",\"target\":[\"https:\/\/www.paceint.com\/scla\/cultivos\/pomaceas\/\"]}]},{\"@type\":\"BreadcrumbList\",\"@id\":\"https:\/\/www.paceint.com\/scla\/cultivos\/pomaceas\/#breadcrumb\",\"itemListElement\":[{\"@type\":\"ListItem\",\"position\":1,\"name\":\"Home\",\"item\":\"https:\/\/www.paceint.com\/scla\/\"},{\"@type\":\"ListItem\",\"position\":2,\"name\":\"Cultivos\",\"item\":\"https:\/\/www.paceint.com\/scla\/cultivos\/\"},{\"@type\":\"ListItem\",\"position\":3,\"name\":\"Pom\u00e1ceas\"}]},{\"@type\":\"WebSite\",\"@id\":\"https:\/\/www.paceint.com\/scla\/#website\",\"url\":\"https:\/\/www.paceint.com\/scla\/\",\"name\":\"Pace Spanish\",\"description\":\"Maker of postharvest solutions for agriculture worldwide\",\"potentialAction\":[{\"@type\":\"SearchAction\",\"target\":{\"@type\":\"EntryPoint\",\"urlTemplate\":\"https:\/\/www.paceint.com\/scla\/?s={search_term_string}\"},\"query-input\":{\"@type\":\"PropertyValueSpecification\",\"valueRequired\":true,\"valueName\":\"search_term_string\"}}],\"inLanguage\":\"es-CL\"}]}<\/script>\n<!-- \/ Yoast SEO plugin. -->","yoast_head_json":{"title":"Pom\u00e1ceas - Pace Spanish","robots":{"index":"index","follow":"follow","max-snippet":"max-snippet:-1","max-image-preview":"max-image-preview:large","max-video-preview":"max-video-preview:-1"},"canonical":"https:\/\/www.paceint.com\/scla\/cultivos\/pomaceas\/","og_locale":"es_ES","og_type":"article","og_title":"Pom\u00e1ceas - Pace Spanish","og_description":"[vc_row row_type=&#8221;row&#8221; use_row_as_full_screen_section=&#8221;no&#8221; type=&#8221;grid&#8221; text_align=&#8221;left&#8221; background_animation=&#8221;none&#8221; css_animation=&#8221;&#8221; background_color=&#8221;#f8f8f8&#8243;][vc_column][vc_empty_space height=&#8221;30px&#8221;][vc_empty_space height=&#8221;50px&#8221;][vc_column_text] Recorra nuestra l\u00ednea de empaque de pom\u00e1ceas. Explore y vea...","og_url":"https:\/\/www.paceint.com\/scla\/cultivos\/pomaceas\/","og_site_name":"Pace Spanish","article_modified_time":"2024-08-22T23:27:48+00:00","twitter_card":"summary_large_image","twitter_misc":{"Tiempo estimado de lectura":"2 minutos"},"schema":{"@context":"https:\/\/schema.org","@graph":[{"@type":"WebPage","@id":"https:\/\/www.paceint.com\/scla\/cultivos\/pomaceas\/","url":"https:\/\/www.paceint.com\/scla\/cultivos\/pomaceas\/","name":"Pom\u00e1ceas - Pace Spanish","isPartOf":{"@id":"https:\/\/www.paceint.com\/scla\/#website"},"datePublished":"2019-06-24T21:46:02+00:00","dateModified":"2024-08-22T23:27:48+00:00","breadcrumb":{"@id":"https:\/\/www.paceint.com\/scla\/cultivos\/pomaceas\/#breadcrumb"},"inLanguage":"es-CL","potentialAction":[{"@type":"ReadAction","target":["https:\/\/www.paceint.com\/scla\/cultivos\/pomaceas\/"]}]},{"@type":"BreadcrumbList","@id":"https:\/\/www.paceint.com\/scla\/cultivos\/pomaceas\/#breadcrumb","itemListElement":[{"@type":"ListItem","position":1,"name":"Home","item":"https:\/\/www.paceint.com\/scla\/"},{"@type":"ListItem","position":2,"name":"Cultivos","item":"https:\/\/www.paceint.com\/scla\/cultivos\/"},{"@type":"ListItem","position":3,"name":"Pom\u00e1ceas"}]},{"@type":"WebSite","@id":"https:\/\/www.paceint.com\/scla\/#website","url":"https:\/\/www.paceint.com\/scla\/","name":"Pace Spanish","description":"Maker of postharvest solutions for agriculture worldwide","potentialAction":[{"@type":"SearchAction","target":{"@type":"EntryPoint","urlTemplate":"https:\/\/www.paceint.com\/scla\/?s={search_term_string}"},"query-input":{"@type":"PropertyValueSpecification","valueRequired":true,"valueName":"search_term_string"}}],"inLanguage":"es-CL"}]}},"_links":{"self":[{"href":"https:\/\/www.paceint.com\/scla\/wp-json\/wp\/v2\/pages\/424","targetHints":{"allow":["GET"]}}],"collection":[{"href":"https:\/\/www.paceint.com\/scla\/wp-json\/wp\/v2\/pages"}],"about":[{"href":"https:\/\/www.paceint.com\/scla\/wp-json\/wp\/v2\/types\/page"}],"author":[{"embeddable":true,"href":"https:\/\/www.paceint.com\/scla\/wp-json\/wp\/v2\/users\/1"}],"replies":[{"embeddable":true,"href":"https:\/\/www.paceint.com\/scla\/wp-json\/wp\/v2\/comments?post=424"}],"version-history":[{"count":155,"href":"https:\/\/www.paceint.com\/scla\/wp-json\/wp\/v2\/pages\/424\/revisions"}],"predecessor-version":[{"id":6492,"href":"https:\/\/www.paceint.com\/scla\/wp-json\/wp\/v2\/pages\/424\/revisions\/6492"}],"up":[{"embeddable":true,"href":"https:\/\/www.paceint.com\/scla\/wp-json\/wp\/v2\/pages\/306"}],"wp:attachment":[{"href":"https:\/\/www.paceint.com\/scla\/wp-json\/wp\/v2\/media?parent=424"}],"curies":[{"name":"wp","href":"https:\/\/api.w.org\/{rel}","templated":true}]}}