{"id":4166,"date":"2019-12-16T19:47:55","date_gmt":"2019-12-16T19:47:55","guid":{"rendered":"http:\/\/staging.paceint.com\/?page_id=4166"},"modified":"2024-08-27T17:22:27","modified_gmt":"2024-08-27T17:22:27","slug":"descripcion-del-producto-shield-brite","status":"publish","type":"page","link":"https:\/\/www.paceint.com\/scla\/descripcion-del-producto-shield-brite\/","title":{"rendered":"Descripci\u00f3n del producto Shield-Brite\u00ae"},"content":{"rendered":"<div class=\"wpb-content-wrapper\"><p>[vc_row row_type=&#8221;row&#8221; use_row_as_full_screen_section=&#8221;no&#8221; type=&#8221;grid&#8221; text_align=&#8221;left&#8221; background_animation=&#8221;none&#8221; css_animation=&#8221;&#8221; background_color=&#8221;#f5f5f5&#8243;][vc_column][vc_empty_space height=&#8221;70px&#8221;][vc_row_inner row_type=&#8221;row&#8221; type=&#8221;full_width&#8221; use_row_as_full_screen_section_slide=&#8221;no&#8221; text_align=&#8221;left&#8221; css_animation=&#8221;&#8221;][vc_column_inner width=&#8221;2\/3&#8243;][vc_column_text]<\/p>\n<h2>Amplia cartera de soluciones<\/h2>\n<p>[\/vc_column_text][vc_empty_space height=&#8221;20px&#8221;][vc_column_text]Protege su fruta en almacenamiento y en tr\u00e1nsito con la cartera de soluciones de control de descomposici\u00f3n Shield-Brite. Debido a que la cobertura completa de la superficie de la fruta es cr\u00edtica para lograr un rendimiento y resultados \u00f3ptimos, Shield-Brite puede ser aplicado a trav\u00e9s del sistema de aplicaci\u00f3n que mejor se adapte a su programa.[\/vc_column_text][\/vc_column_inner][vc_column_inner width=&#8221;1\/3&#8243;][vc_single_image image=&#8221;6308&#8243; img_size=&#8221;full&#8221; alignment=&#8221;center&#8221; qode_css_animation=&#8221;&#8221;][\/vc_column_inner][\/vc_row_inner][vc_empty_space height=&#8221;50px&#8221;][\/vc_column][\/vc_row][vc_row row_type=&#8221;row&#8221; use_row_as_full_screen_section=&#8221;no&#8221; type=&#8221;grid&#8221; text_align=&#8221;left&#8221; background_animation=&#8221;none&#8221; css_animation=&#8221;&#8221;][vc_column][vc_empty_space height=&#8221;70px&#8221;][vc_column_text]<\/p>\n<h2>\u00bfEn qu\u00e9 cultivos se utiliza Shield-Brite?<\/h2>\n<p>[\/vc_column_text][vc_empty_space height=&#8221;30px&#8221;][\/vc_column][\/vc_row][vc_row row_type=&#8221;row&#8221; use_row_as_full_screen_section=&#8221;no&#8221; type=&#8221;grid&#8221; text_align=&#8221;left&#8221; background_animation=&#8221;none&#8221; css_animation=&#8221;&#8221;][vc_column width=&#8221;1\/2&#8243; offset=&#8221;vc_col-lg-3 vc_col-md-3 vc_col-xs-6&#8243;][vc_single_image image=&#8221;4334&#8243; img_size=&#8221;full&#8221; alignment=&#8221;center&#8221; qode_css_animation=&#8221;&#8221;][vc_column_text]<\/p>\n<h3 style=\"text-align: center;\">Manzanas<\/h3>\n<p>[\/vc_column_text][\/vc_column][vc_column width=&#8221;1\/2&#8243; offset=&#8221;vc_col-lg-3 vc_col-md-3 vc_col-xs-6&#8243;][vc_single_image image=&#8221;4521&#8243; img_size=&#8221;full&#8221; alignment=&#8221;center&#8221; qode_css_animation=&#8221;&#8221;][vc_column_text]<\/p>\n<h3 style=\"text-align: center;\">Peras<\/h3>\n<p>[\/vc_column_text][\/vc_column][vc_column width=&#8221;1\/2&#8243; offset=&#8221;vc_col-lg-3 vc_col-md-3 vc_col-xs-6&#8243;][vc_single_image image=&#8221;4501&#8243; img_size=&#8221;full&#8221; alignment=&#8221;center&#8221; qode_css_animation=&#8221;&#8221;][vc_column_text]<\/p>\n<h3 style=\"text-align: center;\">Cerezas<\/h3>\n<p>[\/vc_column_text][\/vc_column][vc_column width=&#8221;1\/2&#8243; offset=&#8221;vc_col-lg-3 vc_col-md-3 vc_col-xs-6&#8243;][vc_single_image image=&#8221;4503&#8243; img_size=&#8221;full&#8221; alignment=&#8221;center&#8221; qode_css_animation=&#8221;&#8221;][vc_column_text]<\/p>\n<h3 style=\"text-align: center;\">Carozos<\/h3>\n<p>[\/vc_column_text][\/vc_column][\/vc_row][vc_row row_type=&#8221;row&#8221; use_row_as_full_screen_section=&#8221;no&#8221; type=&#8221;grid&#8221; text_align=&#8221;left&#8221; background_animation=&#8221;none&#8221; css_animation=&#8221;&#8221;][vc_column][vc_separator type=&#8221;normal&#8221; border_style=&#8221;&#8221; thickness=&#8221;1&#8243; up=&#8221;50&#8243; down=&#8221;50&#8243; color=&#8221;#e5e5e5&#8243;][\/vc_column][\/vc_row][vc_row row_type=&#8221;row&#8221; use_row_as_full_screen_section=&#8221;no&#8221; type=&#8221;grid&#8221; text_align=&#8221;left&#8221; background_animation=&#8221;none&#8221; css_animation=&#8221;&#8221;][vc_column][vc_column_text]<\/p>\n<h2>L\u00ednea de productos Shield-Brite<\/h2>\n<p>[\/vc_column_text][vc_empty_space height=&#8221;50px&#8221;][\/vc_column][\/vc_row][vc_row row_type=&#8221;row&#8221; use_row_as_full_screen_section=&#8221;no&#8221; type=&#8221;grid&#8221; text_align=&#8221;left&#8221; background_animation=&#8221;none&#8221; css_animation=&#8221;&#8221;][vc_column width=&#8221;2\/3&#8243;][vc_column_text]<\/p>\n<h3><a href=\"https:\/\/www.paceint.com\/scla\/producto\/shield-brite-fdl-230sc\/\">Shield-Brite\u00ae FDL 230SC<\/a><\/h3>\n<p>[\/vc_column_text][vc_empty_space height=&#8221;15px&#8221;][vc_column_text]Fungicida de amplio espectro a base de fludioxonil para protecci\u00f3n durante el almacenamiento y el transporte. Shield-Brite FDL 230SC se utiliza en pom\u00e1ceas, carozos y cerezas para controlar una variedad de enfermedades.<\/p>\n<h4>FRUTAS POM\u00c1CEAS<\/h4>\n<p>Moho verde (<em>Penicillium expansum<\/em>), Moho gris (<em>Botrytis cinerea<\/em>), Ojo de buey (<em>Neofabraea Alba<\/em>).<\/p>\n<h4>CAROZOS<\/h4>\n<p>Moho verde (<em>Penicillium expansum<\/em>), Moho gris (<em>Botrytis cinerea<\/em>) y Rhizopus (<em>Rhizopus stolonifer<\/em>).<\/p>\n<h4>CEREZAS<\/h4>\n<p>Moho verde (<em>Penicillium expansum<\/em>), Moho gris (<em>Botrytis cinerea<\/em>) y Rhizopus (<em>Rhizopus stolonifer<\/em>).[\/vc_column_text][vc_empty_space height=&#8221;15px&#8221;]<a href=\"https:\/\/www.paceint.com\/scla\/producto\/shield-brite-fdl-230sc\/\" target=\"_self\"  class=\"qbutton  qbutton_with_icon\" style=\"\">Ver Producto<i class=\"qode_icon_font_awesome fa  button_icon\" style=\"\" ><\/i><\/a>[\/vc_column][vc_column width=&#8221;1\/3&#8243;][vc_row_inner row_type=&#8221;row&#8221; type=&#8221;full_width&#8221; use_row_as_full_screen_section_slide=&#8221;no&#8221; text_align=&#8221;left&#8221; css_animation=&#8221;&#8221;][vc_column_inner offset=&#8221;vc_hidden-lg vc_hidden-md vc_hidden-sm&#8221;][vc_empty_space height=&#8221;40px&#8221;][\/vc_column_inner][\/vc_row_inner][vc_single_image image=&#8221;6310&#8243; img_size=&#8221;full&#8221; alignment=&#8221;center&#8221; onclick=&#8221;custom_link&#8221; qode_css_animation=&#8221;&#8221; link=&#8221;https:\/\/www.paceint.com\/scla\/producto\/shield-brite-fdl-230sc\/&#8221;][\/vc_column][\/vc_row][vc_row row_type=&#8221;row&#8221; use_row_as_full_screen_section=&#8221;no&#8221; type=&#8221;grid&#8221; text_align=&#8221;left&#8221; background_animation=&#8221;none&#8221; css_animation=&#8221;&#8221;][vc_column][vc_separator type=&#8221;normal&#8221; border_style=&#8221;&#8221; thickness=&#8221;1&#8243; up=&#8221;50&#8243; down=&#8221;50&#8243; color=&#8221;#e5e5e5&#8243;][\/vc_column][\/vc_row][vc_row row_type=&#8221;row&#8221; use_row_as_full_screen_section=&#8221;no&#8221; type=&#8221;grid&#8221; text_align=&#8221;left&#8221; background_animation=&#8221;none&#8221; css_animation=&#8221;&#8221;][vc_column width=&#8221;2\/3&#8243;][vc_column_text]<\/p>\n<h3><a href=\"https:\/\/www.paceint.com\/scla\/producto\/shield-brite-pyr-400sc\/\">Shield-Brite\u00ae PYR 40% SC<\/a><\/h3>\n<p>[\/vc_column_text][vc_empty_space height=&#8221;15px&#8221;][vc_column_text]<span style=\"font-weight: 400;\">Shield Brite<\/span><span style=\"font-weight: 400;\">\u00ae<\/span><span style=\"font-weight: 400;\"> PYR 40% SC es un fungicida en base a pirimetanil que se usa en varios cultivos, siendo pomaceas y c\u00edtricos los principales cultivos donde el control de patogenos de potscosecha logra un mayor nivel de eficacia.<\/span><\/p>\n<h4>FRUTAS POM\u00c1CEAS<\/h4>\n<p>Moho azul (<em>Penicillium expansum<\/em>), moho gris (<em>Botrytis cinerea<\/em>), pudrici\u00f3n por Phacidiopycnis (<em>Phacidiopycnis piri<\/em>) y pudrici\u00f3n Ojo de buey (<em>Neofabraea perennens y N. malicorticis<\/em>).<\/p>\n<h4>CAROZOS<\/h4>\n<p>Pudrici\u00f3n marr\u00f3n (<em>Monilinia<\/em>) y moho gris (<em>Botrytis cinerea<\/em>).[\/vc_column_text][vc_empty_space height=&#8221;15px&#8221;]<a href=\"https:\/\/www.paceint.com\/scla\/producto\/shield-brite-pyr-400sc\/\" target=\"_self\"  class=\"qbutton  qbutton_with_icon\" style=\"\">Ver Producto<i class=\"qode_icon_font_awesome fa  button_icon\" style=\"\" ><\/i><\/a>[\/vc_column][vc_column width=&#8221;1\/3&#8243;][vc_row_inner row_type=&#8221;row&#8221; type=&#8221;full_width&#8221; use_row_as_full_screen_section_slide=&#8221;no&#8221; text_align=&#8221;left&#8221; css_animation=&#8221;&#8221;][vc_column_inner offset=&#8221;vc_hidden-lg vc_hidden-md vc_hidden-sm&#8221;][vc_empty_space height=&#8221;40px&#8221;][\/vc_column_inner][\/vc_row_inner][vc_single_image image=&#8221;6312&#8243; img_size=&#8221;full&#8221; alignment=&#8221;center&#8221; onclick=&#8221;custom_link&#8221; qode_css_animation=&#8221;&#8221; link=&#8221;https:\/\/www.paceint.com\/scla\/producto\/shield-brite-pyr-400sc\/&#8221;][\/vc_column][\/vc_row][vc_row row_type=&#8221;row&#8221; use_row_as_full_screen_section=&#8221;no&#8221; type=&#8221;grid&#8221; text_align=&#8221;left&#8221; background_animation=&#8221;none&#8221; css_animation=&#8221;&#8221;][vc_column][vc_separator type=&#8221;normal&#8221; border_style=&#8221;&#8221; thickness=&#8221;1&#8243; up=&#8221;50&#8243; down=&#8221;50&#8243; color=&#8221;#e5e5e5&#8243;][\/vc_column][\/vc_row][vc_row row_type=&#8221;row&#8221; use_row_as_full_screen_section=&#8221;no&#8221; type=&#8221;grid&#8221; text_align=&#8221;left&#8221; background_animation=&#8221;none&#8221; css_animation=&#8221;&#8221;][vc_column width=&#8221;2\/3&#8243;][vc_column_text]<\/p>\n<h3><a href=\"https:\/\/www.paceint.com\/scla\/producto\/shield-brite-tebu-430-sc\/\">Shield-Brite\u00ae TEBU 430 SC<\/a><\/h3>\n<p>[\/vc_column_text][vc_empty_space height=&#8221;15px&#8221;][vc_column_text]Shield Brite\u00ae TEBU 430 SC es un fungicida base a Tebuconazole, probado y eficaz en el control de botritis y otros pat\u00f3genos postcosecha.<\/p>\n<h4>CAROZOS<\/h4>\n<p>Moho Gr\u00eds (<em>Botrytis cinerea<\/em>)<\/p>\n<h4>CEREZAS<\/h4>\n<p>Moho Gr\u00eds (<em>Botrytis cinerea<\/em>)[\/vc_column_text][vc_empty_space height=&#8221;15px&#8221;]<a href=\"https:\/\/www.paceint.com\/scla\/producto\/shield-brite-tebu-430-sc\/\" target=\"_self\"  class=\"qbutton  qbutton_with_icon\" style=\"\">Ver Producto<i class=\"qode_icon_font_awesome fa  button_icon\" style=\"\" ><\/i><\/a>[\/vc_column][vc_column width=&#8221;1\/3&#8243;][vc_row_inner row_type=&#8221;row&#8221; type=&#8221;full_width&#8221; use_row_as_full_screen_section_slide=&#8221;no&#8221; text_align=&#8221;left&#8221; css_animation=&#8221;&#8221;][vc_column_inner offset=&#8221;vc_hidden-lg vc_hidden-md vc_hidden-sm&#8221;][vc_empty_space height=&#8221;40px&#8221;][\/vc_column_inner][\/vc_row_inner][vc_single_image image=&#8221;6328&#8243; img_size=&#8221;full&#8221; alignment=&#8221;center&#8221; onclick=&#8221;custom_link&#8221; qode_css_animation=&#8221;&#8221; link=&#8221;https:\/\/www.paceint.com\/scla\/producto\/shield-brite-tebu-430-sc\/&#8221;][\/vc_column][\/vc_row][vc_row row_type=&#8221;row&#8221; use_row_as_full_screen_section=&#8221;no&#8221; type=&#8221;grid&#8221; text_align=&#8221;left&#8221; background_animation=&#8221;none&#8221; css_animation=&#8221;&#8221;][vc_column][vc_separator type=&#8221;normal&#8221; border_style=&#8221;&#8221; thickness=&#8221;1&#8243; up=&#8221;50&#8243; down=&#8221;50&#8243; color=&#8221;#e5e5e5&#8243;][\/vc_column][\/vc_row][vc_row row_type=&#8221;row&#8221; use_row_as_full_screen_section=&#8221;no&#8221; type=&#8221;grid&#8221; text_align=&#8221;left&#8221; background_animation=&#8221;none&#8221; css_animation=&#8221;&#8221;][vc_column][vc_column_text]<\/p>\n<h2>Objetivos de Desarrollo Sostenible (SDG)<\/h2>\n<p>[\/vc_column_text][vc_empty_space height=&#8221;30px&#8221;][vc_column_text]Pace apoya los Objetivos de Desarrollo Sostenible (SDG) de la ONU, que fueron desarrollados para lograr un futuro mejor y m\u00e1s sostenible para todos. A trav\u00e9s de innovaci\u00f3n y las tecnolog\u00edas avanzadas, ofrecemos a nuestros clientes una cartera de soluciones sostenibles que reducen el desperdicio de alimentos, promueven la conservaci\u00f3n del agua y aseguran un ambiente de trabajo seguro.<\/p>\n<p>Nuestros productos para control de descomposici\u00f3n han ayudado a los empacadores a mantener la frescura de los productos por m\u00e1s tiempo, reducir el desperdicio de alimentos, y extender la vida \u00fatil de la fruta desde el empacador hasta el consumidor, de forma natural. Solamente en los \u00faltimos dos a\u00f1os, la tecnolog\u00eda PacRite y Shield-Brite de Pace ha ayudado a reducir 350.000 toneladas de p\u00e9rdidas de productos cada a\u00f1o.[\/vc_column_text][vc_empty_space height=&#8221;30px&#8221;][\/vc_column][\/vc_row][vc_row row_type=&#8221;row&#8221; use_row_as_full_screen_section=&#8221;no&#8221; type=&#8221;grid&#8221; text_align=&#8221;left&#8221; background_animation=&#8221;none&#8221; css_animation=&#8221;&#8221;][vc_column width=&#8221;1\/4&#8243;][vc_single_image image=&#8221;5673&#8243; img_size=&#8221;full&#8221; alignment=&#8221;center&#8221; qode_css_animation=&#8221;&#8221;][\/vc_column][vc_column width=&#8221;1\/4&#8243;][vc_single_image image=&#8221;5675&#8243; img_size=&#8221;full&#8221; alignment=&#8221;center&#8221; qode_css_animation=&#8221;&#8221;][\/vc_column][vc_column width=&#8221;1\/4&#8243;][vc_single_image image=&#8221;5676&#8243; img_size=&#8221;full&#8221; alignment=&#8221;center&#8221; qode_css_animation=&#8221;&#8221;][\/vc_column][vc_column width=&#8221;1\/4&#8243;][vc_single_image image=&#8221;6494&#8243; img_size=&#8221;full&#8221; alignment=&#8221;center&#8221; onclick=&#8221;custom_link&#8221; img_link_target=&#8221;_blank&#8221; qode_css_animation=&#8221;&#8221; link=&#8221;https:\/\/www.sumitomo-chem.co.jp\/english\/sustainability\/sdgs\/contribution\/&#8221;][\/vc_column][\/vc_row][vc_row row_type=&#8221;row&#8221; use_row_as_full_screen_section=&#8221;no&#8221; type=&#8221;grid&#8221; text_align=&#8221;left&#8221; background_animation=&#8221;none&#8221; css_animation=&#8221;&#8221;][vc_column][vc_empty_space height=&#8221;70px&#8221;][\/vc_column][\/vc_row]<\/p>\n<\/div>","protected":false},"excerpt":{"rendered":"<p>[vc_row row_type=&#8221;row&#8221; use_row_as_full_screen_section=&#8221;no&#8221; type=&#8221;grid&#8221; text_align=&#8221;left&#8221; background_animation=&#8221;none&#8221; css_animation=&#8221;&#8221; background_color=&#8221;#f5f5f5&#8243;][vc_column][vc_empty_space height=&#8221;70px&#8221;][vc_row_inner row_type=&#8221;row&#8221; type=&#8221;full_width&#8221; use_row_as_full_screen_section_slide=&#8221;no&#8221; text_align=&#8221;left&#8221; css_animation=&#8221;&#8221;][vc_column_inner width=&#8221;2\/3&#8243;][vc_column_text] Amplia cartera de soluciones [\/vc_column_text][vc_empty_space&#8230;<\/p>\n","protected":false},"author":1,"featured_media":0,"parent":0,"menu_order":0,"comment_status":"closed","ping_status":"closed","template":"full_width.php","meta":{"_acf_changed":false,"_monsterinsights_skip_tracking":false,"_monsterinsights_sitenote_active":false,"_monsterinsights_sitenote_note":"","_monsterinsights_sitenote_category":0,"footnotes":""},"class_list":["post-4166","page","type-page","status-publish","hentry"],"acf":[],"yoast_head":"<!-- This site is optimized with the Yoast SEO plugin v24.0 - https:\/\/yoast.com\/wordpress\/plugins\/seo\/ -->\n<title>Descripci\u00f3n del producto Shield-Brite\u00ae - Pace Spanish<\/title>\n<meta name=\"robots\" content=\"index, follow, max-snippet:-1, max-image-preview:large, max-video-preview:-1\" \/>\n<link rel=\"canonical\" href=\"https:\/\/www.paceint.com\/scla\/descripcion-del-producto-shield-brite\/\" \/>\n<meta property=\"og:locale\" content=\"es_ES\" \/>\n<meta property=\"og:type\" content=\"article\" \/>\n<meta property=\"og:title\" content=\"Descripci\u00f3n del producto Shield-Brite\u00ae - Pace Spanish\" \/>\n<meta property=\"og:description\" content=\"[vc_row row_type=&#8221;row&#8221; use_row_as_full_screen_section=&#8221;no&#8221; type=&#8221;grid&#8221; text_align=&#8221;left&#8221; background_animation=&#8221;none&#8221; css_animation=&#8221;&#8221; background_color=&#8221;#f5f5f5&#8243;][vc_column][vc_empty_space height=&#8221;70px&#8221;][vc_row_inner row_type=&#8221;row&#8221; type=&#8221;full_width&#8221; use_row_as_full_screen_section_slide=&#8221;no&#8221; text_align=&#8221;left&#8221; css_animation=&#8221;&#8221;][vc_column_inner width=&#8221;2\/3&#8243;][vc_column_text] Amplia cartera de soluciones [\/vc_column_text][vc_empty_space...\" \/>\n<meta property=\"og:url\" content=\"https:\/\/www.paceint.com\/scla\/descripcion-del-producto-shield-brite\/\" \/>\n<meta property=\"og:site_name\" content=\"Pace Spanish\" \/>\n<meta property=\"article:modified_time\" content=\"2024-08-27T17:22:27+00:00\" \/>\n<meta name=\"twitter:card\" content=\"summary_large_image\" \/>\n<meta name=\"twitter:label1\" content=\"Tiempo estimado de lectura\" \/>\n\t<meta name=\"twitter:data1\" content=\"4 minutos\" \/>\n<script type=\"application\/ld+json\" class=\"yoast-schema-graph\">{\"@context\":\"https:\/\/schema.org\",\"@graph\":[{\"@type\":\"WebPage\",\"@id\":\"https:\/\/www.paceint.com\/scla\/descripcion-del-producto-shield-brite\/\",\"url\":\"https:\/\/www.paceint.com\/scla\/descripcion-del-producto-shield-brite\/\",\"name\":\"Descripci\u00f3n del producto Shield-Brite\u00ae - Pace Spanish\",\"isPartOf\":{\"@id\":\"https:\/\/www.paceint.com\/scla\/#website\"},\"datePublished\":\"2019-12-16T19:47:55+00:00\",\"dateModified\":\"2024-08-27T17:22:27+00:00\",\"breadcrumb\":{\"@id\":\"https:\/\/www.paceint.com\/scla\/descripcion-del-producto-shield-brite\/#breadcrumb\"},\"inLanguage\":\"es-CL\",\"potentialAction\":[{\"@type\":\"ReadAction\",\"target\":[\"https:\/\/www.paceint.com\/scla\/descripcion-del-producto-shield-brite\/\"]}]},{\"@type\":\"BreadcrumbList\",\"@id\":\"https:\/\/www.paceint.com\/scla\/descripcion-del-producto-shield-brite\/#breadcrumb\",\"itemListElement\":[{\"@type\":\"ListItem\",\"position\":1,\"name\":\"Home\",\"item\":\"https:\/\/www.paceint.com\/scla\/\"},{\"@type\":\"ListItem\",\"position\":2,\"name\":\"Descripci\u00f3n del producto Shield-Brite\u00ae\"}]},{\"@type\":\"WebSite\",\"@id\":\"https:\/\/www.paceint.com\/scla\/#website\",\"url\":\"https:\/\/www.paceint.com\/scla\/\",\"name\":\"Pace Spanish\",\"description\":\"Maker of postharvest solutions for agriculture worldwide\",\"potentialAction\":[{\"@type\":\"SearchAction\",\"target\":{\"@type\":\"EntryPoint\",\"urlTemplate\":\"https:\/\/www.paceint.com\/scla\/?s={search_term_string}\"},\"query-input\":{\"@type\":\"PropertyValueSpecification\",\"valueRequired\":true,\"valueName\":\"search_term_string\"}}],\"inLanguage\":\"es-CL\"}]}<\/script>\n<!-- \/ Yoast SEO plugin. -->","yoast_head_json":{"title":"Descripci\u00f3n del producto Shield-Brite\u00ae - Pace Spanish","robots":{"index":"index","follow":"follow","max-snippet":"max-snippet:-1","max-image-preview":"max-image-preview:large","max-video-preview":"max-video-preview:-1"},"canonical":"https:\/\/www.paceint.com\/scla\/descripcion-del-producto-shield-brite\/","og_locale":"es_ES","og_type":"article","og_title":"Descripci\u00f3n del producto Shield-Brite\u00ae - Pace Spanish","og_description":"[vc_row row_type=&#8221;row&#8221; use_row_as_full_screen_section=&#8221;no&#8221; type=&#8221;grid&#8221; text_align=&#8221;left&#8221; background_animation=&#8221;none&#8221; css_animation=&#8221;&#8221; background_color=&#8221;#f5f5f5&#8243;][vc_column][vc_empty_space height=&#8221;70px&#8221;][vc_row_inner row_type=&#8221;row&#8221; type=&#8221;full_width&#8221; use_row_as_full_screen_section_slide=&#8221;no&#8221; text_align=&#8221;left&#8221; css_animation=&#8221;&#8221;][vc_column_inner width=&#8221;2\/3&#8243;][vc_column_text] Amplia cartera de soluciones [\/vc_column_text][vc_empty_space...","og_url":"https:\/\/www.paceint.com\/scla\/descripcion-del-producto-shield-brite\/","og_site_name":"Pace Spanish","article_modified_time":"2024-08-27T17:22:27+00:00","twitter_card":"summary_large_image","twitter_misc":{"Tiempo estimado de lectura":"4 minutos"},"schema":{"@context":"https:\/\/schema.org","@graph":[{"@type":"WebPage","@id":"https:\/\/www.paceint.com\/scla\/descripcion-del-producto-shield-brite\/","url":"https:\/\/www.paceint.com\/scla\/descripcion-del-producto-shield-brite\/","name":"Descripci\u00f3n del producto Shield-Brite\u00ae - Pace Spanish","isPartOf":{"@id":"https:\/\/www.paceint.com\/scla\/#website"},"datePublished":"2019-12-16T19:47:55+00:00","dateModified":"2024-08-27T17:22:27+00:00","breadcrumb":{"@id":"https:\/\/www.paceint.com\/scla\/descripcion-del-producto-shield-brite\/#breadcrumb"},"inLanguage":"es-CL","potentialAction":[{"@type":"ReadAction","target":["https:\/\/www.paceint.com\/scla\/descripcion-del-producto-shield-brite\/"]}]},{"@type":"BreadcrumbList","@id":"https:\/\/www.paceint.com\/scla\/descripcion-del-producto-shield-brite\/#breadcrumb","itemListElement":[{"@type":"ListItem","position":1,"name":"Home","item":"https:\/\/www.paceint.com\/scla\/"},{"@type":"ListItem","position":2,"name":"Descripci\u00f3n del producto Shield-Brite\u00ae"}]},{"@type":"WebSite","@id":"https:\/\/www.paceint.com\/scla\/#website","url":"https:\/\/www.paceint.com\/scla\/","name":"Pace Spanish","description":"Maker of postharvest solutions for agriculture worldwide","potentialAction":[{"@type":"SearchAction","target":{"@type":"EntryPoint","urlTemplate":"https:\/\/www.paceint.com\/scla\/?s={search_term_string}"},"query-input":{"@type":"PropertyValueSpecification","valueRequired":true,"valueName":"search_term_string"}}],"inLanguage":"es-CL"}]}},"_links":{"self":[{"href":"https:\/\/www.paceint.com\/scla\/wp-json\/wp\/v2\/pages\/4166","targetHints":{"allow":["GET"]}}],"collection":[{"href":"https:\/\/www.paceint.com\/scla\/wp-json\/wp\/v2\/pages"}],"about":[{"href":"https:\/\/www.paceint.com\/scla\/wp-json\/wp\/v2\/types\/page"}],"author":[{"embeddable":true,"href":"https:\/\/www.paceint.com\/scla\/wp-json\/wp\/v2\/users\/1"}],"replies":[{"embeddable":true,"href":"https:\/\/www.paceint.com\/scla\/wp-json\/wp\/v2\/comments?post=4166"}],"version-history":[{"count":37,"href":"https:\/\/www.paceint.com\/scla\/wp-json\/wp\/v2\/pages\/4166\/revisions"}],"predecessor-version":[{"id":6495,"href":"https:\/\/www.paceint.com\/scla\/wp-json\/wp\/v2\/pages\/4166\/revisions\/6495"}],"wp:attachment":[{"href":"https:\/\/www.paceint.com\/scla\/wp-json\/wp\/v2\/media?parent=4166"}],"curies":[{"name":"wp","href":"https:\/\/api.w.org\/{rel}","templated":true}]}}