{"id":3569,"date":"2019-09-03T16:22:16","date_gmt":"2019-09-03T16:22:16","guid":{"rendered":"http:\/\/staging.paceint.com\/?page_id=3569"},"modified":"2024-08-27T17:23:18","modified_gmt":"2024-08-27T17:23:18","slug":"primafresh-product-line","status":"publish","type":"page","link":"https:\/\/www.paceint.com\/scla\/primafresh-product-line\/","title":{"rendered":"PrimaFresh\u00ae Descripci\u00f3n general del producto"},"content":{"rendered":"<div class=\"wpb-content-wrapper\"><p>[vc_row row_type=&#8221;row&#8221; use_row_as_full_screen_section=&#8221;no&#8221; type=&#8221;grid&#8221; text_align=&#8221;left&#8221; background_animation=&#8221;none&#8221; css_animation=&#8221;&#8221; background_color=&#8221;#f5f5f5&#8243;][vc_column][vc_empty_space height=&#8221;70px&#8221;][vc_row_inner row_type=&#8221;row&#8221; type=&#8221;full_width&#8221; use_row_as_full_screen_section_slide=&#8221;no&#8221; text_align=&#8221;left&#8221; css_animation=&#8221;&#8221;][vc_column_inner width=&#8221;2\/3&#8243;][vc_column_text]<\/p>\n<h2>Recubrimientos de carnauba comestible<\/h2>\n<p>[\/vc_column_text][vc_empty_space height=&#8221;20px&#8221;][vc_column_text]PrimaFresh es una l\u00ednea completa de revestimientos comestibles de carnauba de primera calidad para ayudar a mantener la frescura a lo largo de la cadena de suministro. PrimaFresh restaura el recubrimiento natural de la fruta y sus funciones esenciales en la protecci\u00f3n de la fruta frente a amenazas ambientales.[\/vc_column_text][\/vc_column_inner][vc_column_inner width=&#8221;1\/3&#8243;][vc_single_image image=&#8221;6321&#8243; img_size=&#8221;full&#8221; alignment=&#8221;center&#8221; qode_css_animation=&#8221;&#8221;][\/vc_column_inner][\/vc_row_inner][vc_empty_space height=&#8221;50px&#8221;][\/vc_column][\/vc_row][vc_row row_type=&#8221;row&#8221; use_row_as_full_screen_section=&#8221;no&#8221; type=&#8221;grid&#8221; text_align=&#8221;left&#8221; background_animation=&#8221;none&#8221; css_animation=&#8221;&#8221;][vc_column][vc_empty_space height=&#8221;70px&#8221;][\/vc_column][\/vc_row][vc_row row_type=&#8221;row&#8221; use_row_as_full_screen_section=&#8221;no&#8221; type=&#8221;grid&#8221; text_align=&#8221;left&#8221; background_animation=&#8221;none&#8221; css_animation=&#8221;&#8221;][vc_column][vc_column_text]<\/p>\n<h3>Una barrera natural de protecci\u00f3n<\/h3>\n<p>[\/vc_column_text][vc_empty_space height=&#8221;15px&#8221;][vc_column_text]La \u00faltima l\u00ednea de defensa que tienen los empacadores de fruta fresca para asegurar que su fruta sobrevivir\u00e1 el viaje al punto de venta es un recubrimiento de fruta duradero y de alta calidad. Ya sea que la fruta sea empacada para exportaci\u00f3n nacional o internacional, los empacadores necesitan saber que su recubrimiento funcionar\u00e1 bajo las condiciones m\u00e1s extremas. Los recubrimientos de carnauba Primafresh ayudan a mantener los productos frescos, reducen el desperdicio de alimentos, previenen la deshidrataci\u00f3n y extienden la vida \u00fatil de la fruta desde el empaque hasta el consumidor, de forma natural.[\/vc_column_text][\/vc_column][\/vc_row][vc_row row_type=&#8221;row&#8221; use_row_as_full_screen_section=&#8221;no&#8221; type=&#8221;grid&#8221; text_align=&#8221;center&#8221; background_animation=&#8221;none&#8221; css_animation=&#8221;&#8221;][vc_column][vc_single_image image=&#8221;5668&#8243; img_size=&#8221;full&#8221; alignment=&#8221;center&#8221; qode_css_animation=&#8221;&#8221;][\/vc_column][\/vc_row][vc_row row_type=&#8221;row&#8221; use_row_as_full_screen_section=&#8221;no&#8221; type=&#8221;grid&#8221; text_align=&#8221;left&#8221; background_animation=&#8221;none&#8221; css_animation=&#8221;&#8221;][vc_column][vc_empty_space height=&#8221;70px&#8221;][\/vc_column][\/vc_row][vc_row row_type=&#8221;row&#8221; use_row_as_full_screen_section=&#8221;no&#8221; type=&#8221;grid&#8221; text_align=&#8221;left&#8221; background_animation=&#8221;none&#8221; css_animation=&#8221;&#8221;][vc_column width=&#8221;2\/3&#8243;][vc_column_text]<\/p>\n<h3 class=\"p1\">Palmera de carnauba \u2013 A la manera de la naturaleza<\/h3>\n<p>[\/vc_column_text][vc_empty_space height=&#8221;20px&#8221;][vc_column_text]Desarrollada a partir de una fuente natural y renovable, nuestra l\u00ednea de recubrimientos para frutas Primafresh est\u00e1 dise\u00f1ada para imitar y restaurar la barrera natural de la naturaleza en la superficie de la fruta para protegerla contra las plagas y otras amenazas ambientales.<\/p>\n<ul>\n<li>Evita la deshidrataci\u00f3n y la p\u00e9rdida de peso durante el tr\u00e1nsito y la exhibici\u00f3n en los estantes<\/li>\n<li>Mantiene la firmeza y la presi\u00f3n de la fruta<\/li>\n<li>Ralentiza la respiraci\u00f3n de la fruta, aumentando la vida \u00fatil<\/li>\n<li>Mejora la apariencia de la fruta, d\u00e1ndole un aspecto fresco y radiante<\/li>\n<\/ul>\n<p>[\/vc_column_text][\/vc_column][vc_column width=&#8221;1\/3&#8243;][vc_single_image image=&#8221;4214&#8243; img_size=&#8221;full&#8221; alignment=&#8221;center&#8221; qode_css_animation=&#8221;&#8221;][\/vc_column][\/vc_row][vc_row row_type=&#8221;row&#8221; use_row_as_full_screen_section=&#8221;no&#8221; type=&#8221;grid&#8221; text_align=&#8221;left&#8221; background_animation=&#8221;none&#8221; css_animation=&#8221;&#8221;][vc_column][vc_separator type=&#8221;full_width&#8221; border_style=&#8221;&#8221; thickness=&#8221;1&#8243; up=&#8221;50&#8243; down=&#8221;50&#8243; color=&#8221;#e5e5e5&#8243;][\/vc_column][\/vc_row][vc_row row_type=&#8221;row&#8221; use_row_as_full_screen_section=&#8221;no&#8221; type=&#8221;grid&#8221; text_align=&#8221;left&#8221; background_animation=&#8221;none&#8221; css_animation=&#8221;&#8221;][vc_column][vc_column_text]<\/p>\n<h2>L\u00ednea de revestimientos PrimaFresh<\/h2>\n<p>[\/vc_column_text][vc_empty_space height=&#8221;50px&#8221;][\/vc_column][\/vc_row][vc_row row_type=&#8221;row&#8221; use_row_as_full_screen_section=&#8221;no&#8221; type=&#8221;grid&#8221; text_align=&#8221;left&#8221; background_animation=&#8221;none&#8221; css_animation=&#8221;&#8221;][vc_column width=&#8221;2\/3&#8243;][vc_column_text]<\/p>\n<h3><a href=\"https:\/\/www.paceint.com\/scla\/producto\/primafresh-606-gl\/\">PrimaFresh\u00ae 606 GL<\/a><\/h3>\n<p>[\/vc_column_text][vc_empty_space height=&#8221;20px&#8221;][vc_column_text]Recubrimiento de carnauba de alta calidad, de alto brillo y libre de aminas para la exportaci\u00f3n de manzanas al mercado internacional.[\/vc_column_text][vc_empty_space height=&#8221;15px&#8221;]<a href=\"https:\/\/www.paceint.com\/scla\/producto\/primafresh-606-gl\/\" target=\"_self\"  class=\"qbutton  qbutton_with_icon\" style=\"\">Ver Producto<i class=\"qode_icon_font_awesome fa  button_icon\" style=\"\" ><\/i><\/a>[\/vc_column][vc_column width=&#8221;1\/3&#8243;][vc_row_inner row_type=&#8221;row&#8221; type=&#8221;full_width&#8221; use_row_as_full_screen_section_slide=&#8221;no&#8221; text_align=&#8221;left&#8221; css_animation=&#8221;&#8221;][vc_column_inner offset=&#8221;vc_hidden-lg vc_hidden-md vc_hidden-sm&#8221;][vc_empty_space height=&#8221;20px&#8221;][\/vc_column_inner][\/vc_row_inner][vc_single_image image=&#8221;6323&#8243; img_size=&#8221;full&#8221; alignment=&#8221;center&#8221; onclick=&#8221;custom_link&#8221; qode_css_animation=&#8221;&#8221; link=&#8221;https:\/\/www.paceint.com\/scla\/producto\/primafresh-606-gl\/&#8221;][\/vc_column][\/vc_row][vc_row row_type=&#8221;row&#8221; use_row_as_full_screen_section=&#8221;no&#8221; type=&#8221;grid&#8221; text_align=&#8221;left&#8221; background_animation=&#8221;none&#8221; css_animation=&#8221;&#8221;][vc_column][vc_separator type=&#8221;full_width&#8221; border_style=&#8221;&#8221; thickness=&#8221;1&#8243; up=&#8221;50&#8243; down=&#8221;50&#8243; color=&#8221;#e5e5e5&#8243;][\/vc_column][\/vc_row][vc_row row_type=&#8221;row&#8221; use_row_as_full_screen_section=&#8221;no&#8221; type=&#8221;grid&#8221; text_align=&#8221;left&#8221; background_animation=&#8221;none&#8221; css_animation=&#8221;&#8221;][vc_column width=&#8221;2\/3&#8243;][vc_column_text]<\/p>\n<h3><a href=\"https:\/\/www.paceint.com\/scla\/producto\/primafresh-retard-50\/\">PrimaFresh\u00ae Retard 50%<\/a><\/h3>\n<p>[\/vc_column_text][vc_empty_space height=&#8221;20px&#8221;][vc_column_text]Recubrimiento a base de \u00e9ster de sacarosa para la frescura las cerezas y pomaceas.[\/vc_column_text][vc_empty_space height=&#8221;15px&#8221;]<a href=\"https:\/\/www.paceint.com\/scla\/producto\/primafresh-retard-50\/\" target=\"_self\"  class=\"qbutton  qbutton_with_icon\" style=\"\">Ver Producto<i class=\"qode_icon_font_awesome fa  button_icon\" style=\"\" ><\/i><\/a>[\/vc_column][vc_column width=&#8221;1\/3&#8243;][vc_row_inner row_type=&#8221;row&#8221; type=&#8221;full_width&#8221; use_row_as_full_screen_section_slide=&#8221;no&#8221; text_align=&#8221;left&#8221; css_animation=&#8221;&#8221;][vc_column_inner offset=&#8221;vc_hidden-lg vc_hidden-md vc_hidden-sm&#8221;][vc_empty_space height=&#8221;20px&#8221;][\/vc_column_inner][\/vc_row_inner][vc_single_image image=&#8221;6325&#8243; img_size=&#8221;full&#8221; alignment=&#8221;center&#8221; onclick=&#8221;custom_link&#8221; qode_css_animation=&#8221;&#8221; link=&#8221;https:\/\/www.paceint.com\/scla\/producto\/primafresh-retard-50\/&#8221;][\/vc_column][\/vc_row][vc_row row_type=&#8221;row&#8221; use_row_as_full_screen_section=&#8221;no&#8221; type=&#8221;grid&#8221; text_align=&#8221;left&#8221; background_animation=&#8221;none&#8221; css_animation=&#8221;&#8221;][vc_column][vc_separator type=&#8221;full_width&#8221; border_style=&#8221;&#8221; thickness=&#8221;1&#8243; up=&#8221;50&#8243; down=&#8221;50&#8243; color=&#8221;#e5e5e5&#8243;][\/vc_column][\/vc_row][vc_row row_type=&#8221;row&#8221; use_row_as_full_screen_section=&#8221;no&#8221; type=&#8221;grid&#8221; text_align=&#8221;left&#8221; background_animation=&#8221;none&#8221; css_animation=&#8221;&#8221;][vc_column width=&#8221;2\/3&#8243;][vc_column_text]<\/p>\n<h3><a href=\"https:\/\/www.paceint.com\/scla\/producto\/primafresh-ultra-4800-eu\/\">PrimaFresh\u00ae Ultra 4800 EU<\/a><\/h3>\n<p>[\/vc_column_text][vc_empty_space height=&#8221;20px&#8221;][vc_column_text]Recubrimiento de carnauba sin aminas para pom\u00e1ceas y pomaceas.[\/vc_column_text][vc_empty_space height=&#8221;15px&#8221;]<a href=\"https:\/\/www.paceint.com\/scla\/producto\/primafresh-ultra-4800-eu\/\" target=\"_self\"  class=\"qbutton  qbutton_with_icon\" style=\"\">Ver Producto<i class=\"qode_icon_font_awesome fa  button_icon\" style=\"\" ><\/i><\/a>[\/vc_column][vc_column width=&#8221;1\/3&#8243;][vc_row_inner row_type=&#8221;row&#8221; type=&#8221;full_width&#8221; use_row_as_full_screen_section_slide=&#8221;no&#8221; text_align=&#8221;left&#8221; css_animation=&#8221;&#8221;][vc_column_inner offset=&#8221;vc_hidden-lg vc_hidden-md vc_hidden-sm&#8221;][vc_empty_space height=&#8221;20px&#8221;][\/vc_column_inner][\/vc_row_inner][vc_single_image image=&#8221;6326&#8243; img_size=&#8221;full&#8221; alignment=&#8221;center&#8221; onclick=&#8221;custom_link&#8221; qode_css_animation=&#8221;&#8221; link=&#8221;https:\/\/www.paceint.com\/scla\/producto\/primafresh-ultra-4800-eu\/&#8221;][\/vc_column][\/vc_row][vc_row row_type=&#8221;row&#8221; use_row_as_full_screen_section=&#8221;no&#8221; type=&#8221;grid&#8221; text_align=&#8221;left&#8221; background_animation=&#8221;none&#8221; css_animation=&#8221;&#8221;][vc_column][vc_separator type=&#8221;full_width&#8221; border_style=&#8221;&#8221; thickness=&#8221;1&#8243; up=&#8221;50&#8243; down=&#8221;50&#8243; color=&#8221;#e5e5e5&#8243;][\/vc_column][\/vc_row][vc_row row_type=&#8221;row&#8221; use_row_as_full_screen_section=&#8221;no&#8221; type=&#8221;grid&#8221; text_align=&#8221;left&#8221; background_animation=&#8221;none&#8221; css_animation=&#8221;&#8221;][vc_column][vc_column_text]<\/p>\n<h2>Objetivos de Desarrollo Sostenible (SDG)<\/h2>\n<p>[\/vc_column_text][vc_empty_space height=&#8221;30px&#8221;][vc_column_text]Pace apoya los Objetivos de Desarrollo Sostenible (SDG) de la ONU, que fueron desarrollados para lograr un futuro m\u00e1s sostenible y mejor para todos. A trav\u00e9s de la innovaci\u00f3n y las tecnolog\u00edas avanzadas, ofrecemos a nuestros clientes una cartera de soluciones sostenibles que reducen el desperdicio de alimentos, promueven la conservaci\u00f3n del agua y aseguran un ambiente de trabajo seguro.<\/p>\n<p>Nuestra l\u00ednea de revestimientos de carnauba comestible ha ayudado a los empacadores a mantener la frescura de los productos por m\u00e1s tiempo, reducir el desperdicio de alimentos, y extender la vida \u00fatil de la fruta desde el empacador hasta el consumidor, naturalmente. Los revestimientos comestibles de Pace han reducido las p\u00e9rdidas de casi 400.000 toneladas de productos frescos en los \u00faltimos dos a\u00f1os solamente.<br \/>\n[\/vc_column_text][vc_empty_space height=&#8221;30px&#8221;][\/vc_column][\/vc_row][vc_row row_type=&#8221;row&#8221; use_row_as_full_screen_section=&#8221;no&#8221; type=&#8221;grid&#8221; text_align=&#8221;left&#8221; background_animation=&#8221;none&#8221; css_animation=&#8221;&#8221;][vc_column width=&#8221;1\/4&#8243;][vc_single_image image=&#8221;5673&#8243; img_size=&#8221;full&#8221; alignment=&#8221;center&#8221; qode_css_animation=&#8221;&#8221;][\/vc_column][vc_column width=&#8221;1\/4&#8243;][vc_single_image image=&#8221;5675&#8243; img_size=&#8221;full&#8221; alignment=&#8221;center&#8221; qode_css_animation=&#8221;&#8221;][\/vc_column][vc_column width=&#8221;1\/4&#8243;][vc_single_image image=&#8221;5676&#8243; img_size=&#8221;full&#8221; alignment=&#8221;center&#8221; qode_css_animation=&#8221;&#8221;][\/vc_column][vc_column width=&#8221;1\/4&#8243;][vc_single_image image=&#8221;6494&#8243; img_size=&#8221;full&#8221; alignment=&#8221;center&#8221; onclick=&#8221;custom_link&#8221; img_link_target=&#8221;_blank&#8221; qode_css_animation=&#8221;&#8221; link=&#8221;https:\/\/www.sumitomo-chem.co.jp\/english\/sustainability\/sdgs\/contribution\/&#8221;][\/vc_column][\/vc_row][vc_row row_type=&#8221;row&#8221; use_row_as_full_screen_section=&#8221;no&#8221; type=&#8221;full_width&#8221; text_align=&#8221;left&#8221; background_animation=&#8221;none&#8221; css_animation=&#8221;&#8221;][vc_column][vc_empty_space height=&#8221;70px&#8221;][\/vc_column][\/vc_row]<\/p>\n<\/div>","protected":false},"excerpt":{"rendered":"<p>[vc_row row_type=&#8221;row&#8221; use_row_as_full_screen_section=&#8221;no&#8221; type=&#8221;grid&#8221; text_align=&#8221;left&#8221; background_animation=&#8221;none&#8221; css_animation=&#8221;&#8221; background_color=&#8221;#f5f5f5&#8243;][vc_column][vc_empty_space height=&#8221;70px&#8221;][vc_row_inner row_type=&#8221;row&#8221; type=&#8221;full_width&#8221; use_row_as_full_screen_section_slide=&#8221;no&#8221; text_align=&#8221;left&#8221; css_animation=&#8221;&#8221;][vc_column_inner width=&#8221;2\/3&#8243;][vc_column_text] Recubrimientos de carnauba comestible [\/vc_column_text][vc_empty_space&#8230;<\/p>\n","protected":false},"author":1,"featured_media":0,"parent":0,"menu_order":0,"comment_status":"closed","ping_status":"closed","template":"full_width.php","meta":{"_acf_changed":false,"_monsterinsights_skip_tracking":false,"_monsterinsights_sitenote_active":false,"_monsterinsights_sitenote_note":"","_monsterinsights_sitenote_category":0,"footnotes":""},"class_list":["post-3569","page","type-page","status-publish","hentry"],"acf":[],"yoast_head":"<!-- This site is optimized with the Yoast SEO plugin v24.0 - https:\/\/yoast.com\/wordpress\/plugins\/seo\/ -->\n<title>PrimaFresh\u00ae Descripci\u00f3n general del producto - Pace Spanish<\/title>\n<meta name=\"robots\" content=\"index, follow, max-snippet:-1, max-image-preview:large, max-video-preview:-1\" \/>\n<link rel=\"canonical\" href=\"https:\/\/www.paceint.com\/scla\/primafresh-product-line\/\" \/>\n<meta property=\"og:locale\" content=\"es_ES\" \/>\n<meta property=\"og:type\" content=\"article\" \/>\n<meta property=\"og:title\" content=\"PrimaFresh\u00ae Descripci\u00f3n general del producto - Pace Spanish\" \/>\n<meta property=\"og:description\" content=\"[vc_row row_type=&#8221;row&#8221; use_row_as_full_screen_section=&#8221;no&#8221; type=&#8221;grid&#8221; text_align=&#8221;left&#8221; background_animation=&#8221;none&#8221; css_animation=&#8221;&#8221; background_color=&#8221;#f5f5f5&#8243;][vc_column][vc_empty_space height=&#8221;70px&#8221;][vc_row_inner row_type=&#8221;row&#8221; type=&#8221;full_width&#8221; use_row_as_full_screen_section_slide=&#8221;no&#8221; text_align=&#8221;left&#8221; css_animation=&#8221;&#8221;][vc_column_inner width=&#8221;2\/3&#8243;][vc_column_text] Recubrimientos de carnauba comestible [\/vc_column_text][vc_empty_space...\" \/>\n<meta property=\"og:url\" content=\"https:\/\/www.paceint.com\/scla\/primafresh-product-line\/\" \/>\n<meta property=\"og:site_name\" content=\"Pace Spanish\" \/>\n<meta property=\"article:modified_time\" content=\"2024-08-27T17:23:18+00:00\" \/>\n<meta name=\"twitter:card\" content=\"summary_large_image\" \/>\n<meta name=\"twitter:label1\" content=\"Tiempo estimado de lectura\" \/>\n\t<meta name=\"twitter:data1\" content=\"4 minutos\" \/>\n<script type=\"application\/ld+json\" class=\"yoast-schema-graph\">{\"@context\":\"https:\/\/schema.org\",\"@graph\":[{\"@type\":\"WebPage\",\"@id\":\"https:\/\/www.paceint.com\/scla\/primafresh-product-line\/\",\"url\":\"https:\/\/www.paceint.com\/scla\/primafresh-product-line\/\",\"name\":\"PrimaFresh\u00ae Descripci\u00f3n general del producto - Pace Spanish\",\"isPartOf\":{\"@id\":\"https:\/\/www.paceint.com\/scla\/#website\"},\"datePublished\":\"2019-09-03T16:22:16+00:00\",\"dateModified\":\"2024-08-27T17:23:18+00:00\",\"breadcrumb\":{\"@id\":\"https:\/\/www.paceint.com\/scla\/primafresh-product-line\/#breadcrumb\"},\"inLanguage\":\"es-CL\",\"potentialAction\":[{\"@type\":\"ReadAction\",\"target\":[\"https:\/\/www.paceint.com\/scla\/primafresh-product-line\/\"]}]},{\"@type\":\"BreadcrumbList\",\"@id\":\"https:\/\/www.paceint.com\/scla\/primafresh-product-line\/#breadcrumb\",\"itemListElement\":[{\"@type\":\"ListItem\",\"position\":1,\"name\":\"Home\",\"item\":\"https:\/\/www.paceint.com\/scla\/\"},{\"@type\":\"ListItem\",\"position\":2,\"name\":\"PrimaFresh\u00ae Descripci\u00f3n general del producto\"}]},{\"@type\":\"WebSite\",\"@id\":\"https:\/\/www.paceint.com\/scla\/#website\",\"url\":\"https:\/\/www.paceint.com\/scla\/\",\"name\":\"Pace Spanish\",\"description\":\"Maker of postharvest solutions for agriculture worldwide\",\"potentialAction\":[{\"@type\":\"SearchAction\",\"target\":{\"@type\":\"EntryPoint\",\"urlTemplate\":\"https:\/\/www.paceint.com\/scla\/?s={search_term_string}\"},\"query-input\":{\"@type\":\"PropertyValueSpecification\",\"valueRequired\":true,\"valueName\":\"search_term_string\"}}],\"inLanguage\":\"es-CL\"}]}<\/script>\n<!-- \/ Yoast SEO plugin. -->","yoast_head_json":{"title":"PrimaFresh\u00ae Descripci\u00f3n general del producto - Pace Spanish","robots":{"index":"index","follow":"follow","max-snippet":"max-snippet:-1","max-image-preview":"max-image-preview:large","max-video-preview":"max-video-preview:-1"},"canonical":"https:\/\/www.paceint.com\/scla\/primafresh-product-line\/","og_locale":"es_ES","og_type":"article","og_title":"PrimaFresh\u00ae Descripci\u00f3n general del producto - Pace Spanish","og_description":"[vc_row row_type=&#8221;row&#8221; use_row_as_full_screen_section=&#8221;no&#8221; type=&#8221;grid&#8221; text_align=&#8221;left&#8221; background_animation=&#8221;none&#8221; css_animation=&#8221;&#8221; background_color=&#8221;#f5f5f5&#8243;][vc_column][vc_empty_space height=&#8221;70px&#8221;][vc_row_inner row_type=&#8221;row&#8221; type=&#8221;full_width&#8221; use_row_as_full_screen_section_slide=&#8221;no&#8221; text_align=&#8221;left&#8221; css_animation=&#8221;&#8221;][vc_column_inner width=&#8221;2\/3&#8243;][vc_column_text] Recubrimientos de carnauba comestible [\/vc_column_text][vc_empty_space...","og_url":"https:\/\/www.paceint.com\/scla\/primafresh-product-line\/","og_site_name":"Pace Spanish","article_modified_time":"2024-08-27T17:23:18+00:00","twitter_card":"summary_large_image","twitter_misc":{"Tiempo estimado de lectura":"4 minutos"},"schema":{"@context":"https:\/\/schema.org","@graph":[{"@type":"WebPage","@id":"https:\/\/www.paceint.com\/scla\/primafresh-product-line\/","url":"https:\/\/www.paceint.com\/scla\/primafresh-product-line\/","name":"PrimaFresh\u00ae Descripci\u00f3n general del producto - Pace Spanish","isPartOf":{"@id":"https:\/\/www.paceint.com\/scla\/#website"},"datePublished":"2019-09-03T16:22:16+00:00","dateModified":"2024-08-27T17:23:18+00:00","breadcrumb":{"@id":"https:\/\/www.paceint.com\/scla\/primafresh-product-line\/#breadcrumb"},"inLanguage":"es-CL","potentialAction":[{"@type":"ReadAction","target":["https:\/\/www.paceint.com\/scla\/primafresh-product-line\/"]}]},{"@type":"BreadcrumbList","@id":"https:\/\/www.paceint.com\/scla\/primafresh-product-line\/#breadcrumb","itemListElement":[{"@type":"ListItem","position":1,"name":"Home","item":"https:\/\/www.paceint.com\/scla\/"},{"@type":"ListItem","position":2,"name":"PrimaFresh\u00ae Descripci\u00f3n general del producto"}]},{"@type":"WebSite","@id":"https:\/\/www.paceint.com\/scla\/#website","url":"https:\/\/www.paceint.com\/scla\/","name":"Pace Spanish","description":"Maker of postharvest solutions for agriculture worldwide","potentialAction":[{"@type":"SearchAction","target":{"@type":"EntryPoint","urlTemplate":"https:\/\/www.paceint.com\/scla\/?s={search_term_string}"},"query-input":{"@type":"PropertyValueSpecification","valueRequired":true,"valueName":"search_term_string"}}],"inLanguage":"es-CL"}]}},"_links":{"self":[{"href":"https:\/\/www.paceint.com\/scla\/wp-json\/wp\/v2\/pages\/3569","targetHints":{"allow":["GET"]}}],"collection":[{"href":"https:\/\/www.paceint.com\/scla\/wp-json\/wp\/v2\/pages"}],"about":[{"href":"https:\/\/www.paceint.com\/scla\/wp-json\/wp\/v2\/types\/page"}],"author":[{"embeddable":true,"href":"https:\/\/www.paceint.com\/scla\/wp-json\/wp\/v2\/users\/1"}],"replies":[{"embeddable":true,"href":"https:\/\/www.paceint.com\/scla\/wp-json\/wp\/v2\/comments?post=3569"}],"version-history":[{"count":56,"href":"https:\/\/www.paceint.com\/scla\/wp-json\/wp\/v2\/pages\/3569\/revisions"}],"predecessor-version":[{"id":6498,"href":"https:\/\/www.paceint.com\/scla\/wp-json\/wp\/v2\/pages\/3569\/revisions\/6498"}],"wp:attachment":[{"href":"https:\/\/www.paceint.com\/scla\/wp-json\/wp\/v2\/media?parent=3569"}],"curies":[{"name":"wp","href":"https:\/\/api.w.org\/{rel}","templated":true}]}}