{"id":306,"date":"2019-06-20T23:22:04","date_gmt":"2019-06-20T23:22:04","guid":{"rendered":"http:\/\/staging.paceint.com\/?page_id=306"},"modified":"2021-09-09T18:11:27","modified_gmt":"2021-09-09T18:11:27","slug":"cultivos","status":"publish","type":"page","link":"https:\/\/www.paceint.com\/scla\/cultivos\/","title":{"rendered":"Cultivos"},"content":{"rendered":"<div class=\"wpb-content-wrapper\"><p>[vc_row row_type=&#8221;row&#8221; use_row_as_full_screen_section=&#8221;no&#8221; type=&#8221;grid&#8221; text_align=&#8221;left&#8221; background_animation=&#8221;none&#8221; css_animation=&#8221;&#8221; background_color=&#8221;#f5f5f5&#8243;][vc_column css=&#8221;.vc_custom_1562639828429{padding-right: 30px !important;padding-left: 30px !important;}&#8221;][vc_empty_space height=&#8221;75px&#8221;][vc_column_text]Nuestro objetivo es mantener sus cultivos reci\u00e9n cosechados en su m\u00e1xima frescura. Explore nuestro amplio espectro de productos y tecnolog\u00edas de protecci\u00f3n de la frescura dise\u00f1ados espec\u00edficamente para la industria de las frutas y verduras frescas. Ofrecemos lo \u00faltimo en tecnolog\u00eda agr\u00edcola innovadora para mejorar, proteger y preservar la calidad y la frescura de las frutas y verduras.[\/vc_column_text][vc_empty_space height=&#8221;75px&#8221;][\/vc_column][\/vc_row][vc_row row_type=&#8221;row&#8221; use_row_as_full_screen_section=&#8221;no&#8221; type=&#8221;full_width&#8221; text_align=&#8221;left&#8221; background_animation=&#8221;none&#8221; css_animation=&#8221;&#8221;][vc_column][vc_empty_space height=&#8221;50px&#8221;][\/vc_column][\/vc_row][vc_row row_type=&#8221;row&#8221; use_row_as_full_screen_section=&#8221;no&#8221; type=&#8221;grid&#8221; text_align=&#8221;left&#8221; background_animation=&#8221;none&#8221; css_animation=&#8221;&#8221;][vc_column width=&#8221;1\/2&#8243; css=&#8221;.vc_custom_1560989933131{padding-right: 30px !important;padding-left: 30px !important;}&#8221;][vc_raw_html]JTNDZGl2JTIwY2xhc3MlM0QlMjJmbGV4aXQyJTIyJTNFJTBBJTNDZGl2JTIwY2xhc3MlM0QlMjJmbGV4Ml9jb2wxJTIyJTNFJTNDYSUyMGhyZWYlM0QlMjIlMkZzY2xhJTJGY3JvcHMlMkZjZXJlemFzJTJGJTIyJTNFJTNDaW1nJTIwc3JjJTNEJTIyJTJGc2NsYSUyRndwLWNvbnRlbnQlMkZ1cGxvYWRzJTJGMjAxOSUyRjA4JTJGcGFjZS1jcm9wLWNoZXJyaWVzMi5qcGclMjIlMjBhbHQlM0QlMjIlMjIlMjB3aWR0aCUzRCUyMjE1MCUyMiUyMGhlaWdodCUzRCUyMjE1MCUyMiUzRSUzQyUyRmElM0UlM0MlMkZkaXYlM0UlMEElMEElM0NkaXYlMjBjbGFzcyUzRCUyMmZsZXgyX2NvbDIlMjIlM0UlM0NoMiUzRSUzQ2ElMjBocmVmJTNEJTIyJTJGc2NsYSUyRmNyb3BzJTJGY2VyZXphcyUyRiUyMiUzRUNlcmV6YXMlM0MlMkZhJTNFJTNDJTJGaDIlM0UlM0MlMkZkaXYlM0UlMEElM0MlMkZkaXYlM0U=[\/vc_raw_html][vc_empty_space height=&#8221;10px&#8221;][vc_column_text]Nuestro objetivo es extender la vida \u00fatil de las cerezas con una calidad \u00f3ptima. Pace International tiene una amplia oferta de productos y servicios sostenibles para mantener la frescura de las cerezas empaquetadas y enviadas a los consumidores en todas partes.[\/vc_column_text][vc_empty_space height=&#8221;20px&#8221;]<a href=\"https:\/\/www.paceint.com\/scla\/crops\/cerezas\/\" target=\"_self\"  class=\"qbutton  qbutton_with_icon\" style=\"\">Ver Detalles<i class=\"qode_icon_font_awesome fa  button_icon\" style=\"\" ><\/i><\/a>[vc_empty_space height=&#8221;50px&#8221;][\/vc_column][vc_column width=&#8221;1\/2&#8243; css=&#8221;.vc_custom_1560989941201{padding-right: 30px !important;padding-left: 30px !important;}&#8221;][vc_row_inner row_type=&#8221;row&#8221; type=&#8221;full_width&#8221; use_row_as_full_screen_section_slide=&#8221;no&#8221; text_align=&#8221;left&#8221; css_animation=&#8221;&#8221;][vc_column_inner offset=&#8221;vc_hidden-lg vc_hidden-md vc_hidden-sm&#8221;][vc_separator type=&#8221;normal&#8221; border_style=&#8221;&#8221; thickness=&#8221;2&#8243; color=&#8221;#e6e6e6&#8243;][vc_empty_space height=&#8221;30px&#8221;][\/vc_column_inner][\/vc_row_inner][vc_raw_html]JTNDZGl2JTIwY2xhc3MlM0QlMjJmbGV4aXQyJTIyJTNFJTBBJTNDZGl2JTIwY2xhc3MlM0QlMjJmbGV4Ml9jb2wxJTIyJTNFJTNDYSUyMGhyZWYlM0QlMjIlMkZzY2xhJTJGY3JvcHMlMkZjaXRyaWNvcyUyRiUyMiUzRSUzQ2ltZyUyMHNyYyUzRCUyMiUyRnNjbGElMkZ3cC1jb250ZW50JTJGdXBsb2FkcyUyRjIwMTklMkYwOCUyRnBhY2UtY3JvcC1jaXRydXMyLmpwZyUyMiUyMGFsdCUzRCUyMiUyMiUyMHdpZHRoJTNEJTIyMTUwJTIyJTIwaGVpZ2h0JTNEJTIyMTUwJTIyJTNFJTNDJTJGYSUzRSUzQyUyRmRpdiUzRSUwQSUwQSUzQ2RpdiUyMGNsYXNzJTNEJTIyZmxleDJfY29sMiUyMiUzRSUzQ2gyJTNFJTNDYSUyMGhyZWYlM0QlMjIlMkZzY2xhJTJGY3JvcHMlMkZjaXRyaWNvcyUyRiUyMiUzRUMlQzMlQUR0cmljb3MlM0MlMkZhJTNFJTNDJTJGaDIlM0UlM0MlMkZkaXYlM0UlMEElM0MlMkZkaXYlM0U=[\/vc_raw_html][vc_empty_space height=&#8221;10px&#8221;][vc_column_text]Nuestra especialidad es proteger y mejorar los c\u00edtricos con programas a la medida. Los c\u00edtricos conocidos por ser sensibles y por su corta vida \u00fatil. Pace International ayuda a los empacadores de c\u00edtricos a reducir el riesgo de p\u00e9rdidas postcosecha controlando el deterioro y los des\u00f3rdenes de la fruta con un amplio espectro de productos de almacenamiento org\u00e1nicos y convencionales.[\/vc_column_text][vc_empty_space height=&#8221;20px&#8221;]<a href=\"https:\/\/www.paceint.com\/scla\/crops\/citricos\/\" target=\"_self\"  class=\"qbutton  qbutton_with_icon\" style=\"\">Ver Detalles<i class=\"qode_icon_font_awesome fa  button_icon\" style=\"\" ><\/i><\/a>[vc_empty_space height=&#8221;50px&#8221;][\/vc_column][\/vc_row][vc_row row_type=&#8221;row&#8221; use_row_as_full_screen_section=&#8221;no&#8221; type=&#8221;grid&#8221; text_align=&#8221;left&#8221; background_animation=&#8221;none&#8221; css_animation=&#8221;&#8221;][vc_column width=&#8221;1\/2&#8243; css=&#8221;.vc_custom_1560989955714{padding-right: 30px !important;padding-left: 30px !important;}&#8221;][vc_separator type=&#8221;normal&#8221; border_style=&#8221;&#8221; thickness=&#8221;2&#8243; color=&#8221;#e6e6e6&#8243;][vc_empty_space height=&#8221;30px&#8221;][vc_raw_html]JTNDZGl2JTIwY2xhc3MlM0QlMjJmbGV4aXQyJTIyJTNFJTBBJTNDZGl2JTIwY2xhc3MlM0QlMjJmbGV4Ml9jb2wxJTIyJTNFJTNDYSUyMGhyZWYlM0QlMjIlMkZzY2xhJTJGY3JvcHMlMkZwb21hY2VhcyUyRiUyMiUzRSUzQ2ltZyUyMHNyYyUzRCUyMiUyRnNjbGElMkZ3cC1jb250ZW50JTJGdXBsb2FkcyUyRjIwMTklMkYwOCUyRnBhY2UtY3JvcC1wb21vLWFwcGxlcy5qcGclMjIlMjBhbHQlM0QlMjIlMjIlMjB3aWR0aCUzRCUyMjE1MCUyMiUyMGhlaWdodCUzRCUyMjE1MCUyMiUzRSUzQyUyRmElM0UlM0MlMkZkaXYlM0UlMEElMEElM0NkaXYlMjBjbGFzcyUzRCUyMmZsZXgyX2NvbDIlMjIlM0UlM0NoMiUzRSUzQ2ElMjBocmVmJTNEJTIyJTJGc2NsYSUyRmNyb3BzJTJGcG9tYWNlYXMlMkYlMjIlM0VQb20lQzMlQTFjZWFzJTNDJTJGYSUzRSUzQyUyRmgyJTNFJTNDJTJGZGl2JTNFJTBBJTNDJTJGZGl2JTNF[\/vc_raw_html][vc_empty_space height=&#8221;10px&#8221;][vc_column_text]Nos especializamos en mantener la frescura, la firmeza y el atractivo visual de las manzanas y peras desde la puerta de la granja hasta los mercados de todo el mundo. Pace trabaja con los empacadores para determinar el programa adecuado para tratar la sanidad, el acondicionamiento de la fruta, el manejo de las enfermedades postcosecha y la descomposici\u00f3n.[\/vc_column_text][vc_empty_space height=&#8221;20px&#8221;]<a href=\"https:\/\/www.paceint.com\/scla\/crops\/pomaceas\/\" target=\"_self\"  class=\"qbutton  qbutton_with_icon\" style=\"\">Ver Detalles<i class=\"qode_icon_font_awesome fa  button_icon\" style=\"\" ><\/i><\/a>[vc_empty_space height=&#8221;50px&#8221;][\/vc_column][vc_column width=&#8221;1\/2&#8243; css=&#8221;.vc_custom_1560989965040{padding-right: 30px !important;padding-left: 30px !important;}&#8221;][vc_separator type=&#8221;normal&#8221; border_style=&#8221;&#8221; thickness=&#8221;2&#8243; color=&#8221;#e6e6e6&#8243;][vc_empty_space height=&#8221;30px&#8221;][vc_raw_html]JTNDZGl2JTIwY2xhc3MlM0QlMjJmbGV4aXQyJTIyJTNFJTBBJTNDZGl2JTIwY2xhc3MlM0QlMjJmbGV4Ml9jb2wxJTIyJTNFJTNDYSUyMGhyZWYlM0QlMjIlMkZzY2xhJTJGY3JvcHMlMkZjYXJvem9zJTJGJTIyJTNFJTNDaW1nJTIwc3JjJTNEJTIyJTJGc2NsYSUyRndwLWNvbnRlbnQlMkZ1cGxvYWRzJTJGMjAxOSUyRjA4JTJGcGFjZS1jcm9wLXN0b25lLmpwZyUyMiUyMGFsdCUzRCUyMiUyMiUyMHdpZHRoJTNEJTIyMTUwJTIyJTIwaGVpZ2h0JTNEJTIyMTUwJTIyJTNFJTNDJTJGYSUzRSUzQyUyRmRpdiUzRSUwQSUwQSUzQ2RpdiUyMGNsYXNzJTNEJTIyZmxleDJfY29sMiUyMiUzRSUzQ2gyJTNFJTNDYSUyMGhyZWYlM0QlMjIlMkZzY2xhJTJGY3JvcHMlMkZzdG9uZS1mcnVpdHMlMkYlMjIlM0VDYXJvem9zJTNDJTJGYSUzRSUzQyUyRmgyJTNFJTNDJTJGZGl2JTNFJTBBJTNDJTJGZGl2JTNF[\/vc_raw_html][vc_empty_space height=&#8221;10px&#8221;][vc_column_text]Para atender las necesidades postcosecha de los carozos se requiere un programa de gesti\u00f3n de calidad excelente. En Pace, ayudamos a nuestros clientes a reducir sus p\u00e9rdidas postcosechas con una variedad de productos org\u00e1nicos y convencionales. Nuestros programas est\u00e1n dise\u00f1ados para prevenir la descomposici\u00f3n y mantener a trav\u00e9s de la cadena de suministro la calidad, madurez y sabor de los carozos reci\u00e9n cosechados.[\/vc_column_text][vc_empty_space height=&#8221;20px&#8221;]<a href=\"https:\/\/www.paceint.com\/scla\/crops\/carozos\/\" target=\"_self\"  class=\"qbutton  qbutton_with_icon\" style=\"\">Ver Detalles<i class=\"qode_icon_font_awesome fa  button_icon\" style=\"\" ><\/i><\/a>[vc_empty_space height=&#8221;50px&#8221;][\/vc_column][\/vc_row][vc_row row_type=&#8221;row&#8221; use_row_as_full_screen_section=&#8221;no&#8221; type=&#8221;grid&#8221; text_align=&#8221;left&#8221; background_animation=&#8221;none&#8221; css_animation=&#8221;&#8221;][vc_column width=&#8221;1\/2&#8243; css=&#8221;.vc_custom_1560989955714{padding-right: 30px !important;padding-left: 30px !important;}&#8221;][vc_separator type=&#8221;normal&#8221; border_style=&#8221;&#8221; thickness=&#8221;2&#8243; color=&#8221;#e6e6e6&#8243;][vc_empty_space height=&#8221;30px&#8221;][vc_raw_html]JTNDZGl2JTIwY2xhc3MlM0QlMjJmbGV4aXQyJTIyJTNFJTBBJTNDZGl2JTIwY2xhc3MlM0QlMjJmbGV4Ml9jb2wxJTIyJTNFJTNDYSUyMGhyZWYlM0QlMjIlMkZzY2xhJTJGY3JvcHMlMkZmcnV0YXMtdHJvcGljYWxlcyUyRiUyMiUzRSUzQ2ltZyUyMHNyYyUzRCUyMiUyRnNjbGElMkZ3cC1jb250ZW50JTJGdXBsb2FkcyUyRjIwMTklMkYwOCUyRnBhY2UtY3JvcC10cm9waWNhbGZydWl0LW1hbmdvLmpwZyUyMiUyMGFsdCUzRCUyMiUyMiUyMHdpZHRoJTNEJTIyMTUwJTIyJTIwaGVpZ2h0JTNEJTIyMTUwJTIyJTNFJTNDJTJGYSUzRSUzQyUyRmRpdiUzRSUwQSUwQSUzQ2RpdiUyMGNsYXNzJTNEJTIyZmxleDJfY29sMiUyMiUzRSUzQ2gyJTNFJTNDYSUyMGhyZWYlM0QlMjIlMkZzY2xhJTJGY3JvcHMlMkZmcnV0YXMtdHJvcGljYWxlcyUyRiUyMiUzRUZydXRhcyUyMHRyb3BpY2FsZXMlM0MlMkZhJTNFJTNDJTJGaDIlM0UlM0MlMkZkaXYlM0UlMEElM0MlMkZkaXYlM0U=[\/vc_raw_html][vc_empty_space height=&#8221;10px&#8221;][vc_column_text]Son conocidas por tener una corta vida \u00fatil y estropearse r\u00e1pidamente. Es esencial tener un robusto programa de post-cosecha para enviar estas frutas a los consumidores globales de hoy. Pace tiene una l\u00ednea de soluciones expl\u00edcitamente dise\u00f1adas para proteger la calidad y la frescura de una amplia variedad de frutas tropicales cultivadas en regiones de todo el mundo.[\/vc_column_text][vc_empty_space height=&#8221;20px&#8221;]<a href=\"https:\/\/www.paceint.com\/scla\/crops\/frutas-tropicales\/\" target=\"_self\"  class=\"qbutton  qbutton_with_icon\" style=\"\">Ver Detalles<i class=\"qode_icon_font_awesome fa  button_icon\" style=\"\" ><\/i><\/a>[vc_empty_space height=&#8221;30px&#8221;][\/vc_column][vc_column width=&#8221;1\/2&#8243; css=&#8221;.vc_custom_1560989965040{padding-right: 30px !important;padding-left: 30px !important;}&#8221;][vc_empty_space height=&#8221;5px&#8221;][\/vc_column][\/vc_row][vc_row row_type=&#8221;row&#8221; use_row_as_full_screen_section=&#8221;no&#8221; type=&#8221;full_width&#8221; text_align=&#8221;left&#8221; background_animation=&#8221;none&#8221; css_animation=&#8221;&#8221;][vc_column][vc_empty_space height=&#8221;25px&#8221;][\/vc_column][\/vc_row][vc_row row_type=&#8221;row&#8221; use_row_as_full_screen_section=&#8221;no&#8221; type=&#8221;grid&#8221; text_align=&#8221;center&#8221; background_image=&#8221;543&#8243; background_animation=&#8221;none&#8221; css_animation=&#8221;&#8221;][vc_column][vc_empty_space height=&#8221;150px&#8221;]<div class=\"testimonials_holder clearfix light \"><div class=\"testimonials testimonials_carousel\" data-show-navigation=\"yes\" data-show-navigation-arrows=\"no\" data-animation-type=\"fade\" data-animation-speed=\"\" data-auto-rotate-slides=\"10\"><ul class=\"slides\"><li id=\"testimonials3680\" class=\"testimonial_content\"><div class=\"testimonial_content_inner\"><div class=\"testimonial_text_holder center_align\"><div class=\"testimonial_text_inner\"><p class=\"testimonial_title\">Improving<\/p><p style='color:#000000;'>\"Hemos podido mejorar en todas las \u00e1reas desde que empezamos a trabajar con Pace.\"<\/p><p class=\"testimonial_author\" style=\"\">- <span class=\"testimonial_author_job\">Randy Sheer - Legacy Packing and Cold Storage<\/span><\/p><\/div><\/div><\/div><\/li><li id=\"testimonials3679\" class=\"testimonial_content\"><div class=\"testimonial_content_inner\"><div class=\"testimonial_text_holder center_align\"><div class=\"testimonial_text_inner\"><p class=\"testimonial_title\">Stand Out<\/p><p style='color:#000000;'>\"Lo que hace que Pace se destaque de otras alternativas es su servicio, investigaci\u00f3n, comunicaci\u00f3n y apoyo al cliente.\"<\/p><p class=\"testimonial_author\" style=\"\">- <span class=\"testimonial_author_job\">Randy Sheer - Legacy Packing and Cold Storage<\/span><\/p><\/div><\/div><\/div><\/li><li id=\"testimonials3678\" class=\"testimonial_content\"><div class=\"testimonial_content_inner\"><div class=\"testimonial_text_holder center_align\"><div class=\"testimonial_text_inner\"><p class=\"testimonial_title\">They Care<\/p><p style='color:#000000;'>\"Se preocupan. Es trabajar con personas grandiosas.\"<\/p><p class=\"testimonial_author\" style=\"\">- <span class=\"testimonial_author_job\">Keith Cosart - Legacy Packing and Cold Storage<\/span><\/p><\/div><\/div><\/div><\/li><li id=\"testimonials210\" class=\"testimonial_content\"><div class=\"testimonial_content_inner\"><div class=\"testimonial_text_holder center_align\"><div class=\"testimonial_text_inner\"><p class=\"testimonial_title\">No Worries<\/p><p style='color:#000000;'>\"No tenemos que preocuparnos por cosas, Pace hace un gran trabajo por nosotros.\"<\/p><p class=\"testimonial_author\" style=\"\">- <span class=\"testimonial_author_job\">Keith Cosart - Legacy Packing and Cold Storage<\/span><\/p><\/div><\/div><\/div><\/li><li id=\"testimonials205\" class=\"testimonial_content\"><div class=\"testimonial_content_inner\"><div class=\"testimonial_text_holder center_align\"><div class=\"testimonial_text_inner\"><p class=\"testimonial_title\">The Best Coatings<\/p><p style='color:#000000;'>\"Manejamos muy diferentes y dif\u00edciles variedades de fruta y Pace International nos ha ayudado a desarrollar los mejores recubrimientos para nuestros productos.\"<\/p><p class=\"testimonial_author\" style=\"\">- <span class=\"testimonial_author_job\">Randy Sheer - Legacy Packing and Cold Storage<\/span><\/p><\/div><\/div><\/div><\/li><li id=\"testimonials203\" class=\"testimonial_content\"><div class=\"testimonial_content_inner\"><div class=\"testimonial_text_holder center_align\"><div class=\"testimonial_text_inner\"><p class=\"testimonial_title\">Pace Leads The Way<\/p><p style='color:#000000;'>\"He trabajado con muchas otras compa\u00f1\u00edas a lo largo de los a\u00f1os, y Pace International lidera el camino en el servicio y su equipo est\u00e1 disponible para responder cualquier pregunta y solucionar problemas.\"<\/p><p class=\"testimonial_author\" style=\"\">- <span class=\"testimonial_author_job\">Keith Cosart - Legacy Packing and Cold Storage<\/span><\/p><\/div><\/div><\/div><\/li><\/ul><\/div><\/div>[vc_empty_space height=&#8221;70px&#8221;][\/vc_column][\/vc_row]<\/p>\n<\/div>","protected":false},"excerpt":{"rendered":"<p>[vc_row row_type=&#8221;row&#8221; use_row_as_full_screen_section=&#8221;no&#8221; type=&#8221;grid&#8221; text_align=&#8221;left&#8221; background_animation=&#8221;none&#8221; css_animation=&#8221;&#8221; background_color=&#8221;#f5f5f5&#8243;][vc_column css=&#8221;.vc_custom_1562639828429{padding-right: 30px !important;padding-left: 30px !important;}&#8221;][vc_empty_space height=&#8221;75px&#8221;][vc_column_text]Nuestro objetivo es mantener sus cultivos reci\u00e9n&#8230;<\/p>\n","protected":false},"author":1,"featured_media":0,"parent":0,"menu_order":0,"comment_status":"closed","ping_status":"closed","template":"full_width.php","meta":{"_acf_changed":false,"_monsterinsights_skip_tracking":false,"_monsterinsights_sitenote_active":false,"_monsterinsights_sitenote_note":"","_monsterinsights_sitenote_category":0,"footnotes":""},"class_list":["post-306","page","type-page","status-publish","hentry"],"acf":[],"yoast_head":"<!-- This site is optimized with the Yoast SEO plugin v24.0 - https:\/\/yoast.com\/wordpress\/plugins\/seo\/ -->\n<title>Cultivos - Pace Spanish<\/title>\n<meta name=\"robots\" content=\"index, follow, max-snippet:-1, max-image-preview:large, max-video-preview:-1\" \/>\n<link rel=\"canonical\" href=\"https:\/\/www.paceint.com\/scla\/cultivos\/\" \/>\n<meta property=\"og:locale\" content=\"es_ES\" \/>\n<meta property=\"og:type\" content=\"article\" \/>\n<meta property=\"og:title\" content=\"Cultivos - Pace Spanish\" \/>\n<meta property=\"og:description\" content=\"[vc_row row_type=&#8221;row&#8221; use_row_as_full_screen_section=&#8221;no&#8221; type=&#8221;grid&#8221; text_align=&#8221;left&#8221; background_animation=&#8221;none&#8221; css_animation=&#8221;&#8221; background_color=&#8221;#f5f5f5&#8243;][vc_column css=&#8221;.vc_custom_1562639828429{padding-right: 30px !important;padding-left: 30px !important;}&#8221;][vc_empty_space height=&#8221;75px&#8221;][vc_column_text]Nuestro objetivo es mantener sus cultivos reci\u00e9n...\" \/>\n<meta property=\"og:url\" content=\"https:\/\/www.paceint.com\/scla\/cultivos\/\" \/>\n<meta property=\"og:site_name\" content=\"Pace Spanish\" \/>\n<meta property=\"article:modified_time\" content=\"2021-09-09T18:11:27+00:00\" \/>\n<meta name=\"twitter:card\" content=\"summary_large_image\" \/>\n<meta name=\"twitter:label1\" content=\"Tiempo estimado de lectura\" \/>\n\t<meta name=\"twitter:data1\" content=\"3 minutos\" \/>\n<script type=\"application\/ld+json\" class=\"yoast-schema-graph\">{\"@context\":\"https:\/\/schema.org\",\"@graph\":[{\"@type\":\"WebPage\",\"@id\":\"https:\/\/www.paceint.com\/scla\/cultivos\/\",\"url\":\"https:\/\/www.paceint.com\/scla\/cultivos\/\",\"name\":\"Cultivos - Pace Spanish\",\"isPartOf\":{\"@id\":\"https:\/\/www.paceint.com\/scla\/#website\"},\"datePublished\":\"2019-06-20T23:22:04+00:00\",\"dateModified\":\"2021-09-09T18:11:27+00:00\",\"breadcrumb\":{\"@id\":\"https:\/\/www.paceint.com\/scla\/cultivos\/#breadcrumb\"},\"inLanguage\":\"es-CL\",\"potentialAction\":[{\"@type\":\"ReadAction\",\"target\":[\"https:\/\/www.paceint.com\/scla\/cultivos\/\"]}]},{\"@type\":\"BreadcrumbList\",\"@id\":\"https:\/\/www.paceint.com\/scla\/cultivos\/#breadcrumb\",\"itemListElement\":[{\"@type\":\"ListItem\",\"position\":1,\"name\":\"Home\",\"item\":\"https:\/\/www.paceint.com\/scla\/\"},{\"@type\":\"ListItem\",\"position\":2,\"name\":\"Cultivos\"}]},{\"@type\":\"WebSite\",\"@id\":\"https:\/\/www.paceint.com\/scla\/#website\",\"url\":\"https:\/\/www.paceint.com\/scla\/\",\"name\":\"Pace Spanish\",\"description\":\"Maker of postharvest solutions for agriculture worldwide\",\"potentialAction\":[{\"@type\":\"SearchAction\",\"target\":{\"@type\":\"EntryPoint\",\"urlTemplate\":\"https:\/\/www.paceint.com\/scla\/?s={search_term_string}\"},\"query-input\":{\"@type\":\"PropertyValueSpecification\",\"valueRequired\":true,\"valueName\":\"search_term_string\"}}],\"inLanguage\":\"es-CL\"}]}<\/script>\n<!-- \/ Yoast SEO plugin. -->","yoast_head_json":{"title":"Cultivos - Pace Spanish","robots":{"index":"index","follow":"follow","max-snippet":"max-snippet:-1","max-image-preview":"max-image-preview:large","max-video-preview":"max-video-preview:-1"},"canonical":"https:\/\/www.paceint.com\/scla\/cultivos\/","og_locale":"es_ES","og_type":"article","og_title":"Cultivos - Pace Spanish","og_description":"[vc_row row_type=&#8221;row&#8221; use_row_as_full_screen_section=&#8221;no&#8221; type=&#8221;grid&#8221; text_align=&#8221;left&#8221; background_animation=&#8221;none&#8221; css_animation=&#8221;&#8221; background_color=&#8221;#f5f5f5&#8243;][vc_column css=&#8221;.vc_custom_1562639828429{padding-right: 30px !important;padding-left: 30px !important;}&#8221;][vc_empty_space height=&#8221;75px&#8221;][vc_column_text]Nuestro objetivo es mantener sus cultivos reci\u00e9n...","og_url":"https:\/\/www.paceint.com\/scla\/cultivos\/","og_site_name":"Pace Spanish","article_modified_time":"2021-09-09T18:11:27+00:00","twitter_card":"summary_large_image","twitter_misc":{"Tiempo estimado de lectura":"3 minutos"},"schema":{"@context":"https:\/\/schema.org","@graph":[{"@type":"WebPage","@id":"https:\/\/www.paceint.com\/scla\/cultivos\/","url":"https:\/\/www.paceint.com\/scla\/cultivos\/","name":"Cultivos - Pace Spanish","isPartOf":{"@id":"https:\/\/www.paceint.com\/scla\/#website"},"datePublished":"2019-06-20T23:22:04+00:00","dateModified":"2021-09-09T18:11:27+00:00","breadcrumb":{"@id":"https:\/\/www.paceint.com\/scla\/cultivos\/#breadcrumb"},"inLanguage":"es-CL","potentialAction":[{"@type":"ReadAction","target":["https:\/\/www.paceint.com\/scla\/cultivos\/"]}]},{"@type":"BreadcrumbList","@id":"https:\/\/www.paceint.com\/scla\/cultivos\/#breadcrumb","itemListElement":[{"@type":"ListItem","position":1,"name":"Home","item":"https:\/\/www.paceint.com\/scla\/"},{"@type":"ListItem","position":2,"name":"Cultivos"}]},{"@type":"WebSite","@id":"https:\/\/www.paceint.com\/scla\/#website","url":"https:\/\/www.paceint.com\/scla\/","name":"Pace Spanish","description":"Maker of postharvest solutions for agriculture worldwide","potentialAction":[{"@type":"SearchAction","target":{"@type":"EntryPoint","urlTemplate":"https:\/\/www.paceint.com\/scla\/?s={search_term_string}"},"query-input":{"@type":"PropertyValueSpecification","valueRequired":true,"valueName":"search_term_string"}}],"inLanguage":"es-CL"}]}},"_links":{"self":[{"href":"https:\/\/www.paceint.com\/scla\/wp-json\/wp\/v2\/pages\/306","targetHints":{"allow":["GET"]}}],"collection":[{"href":"https:\/\/www.paceint.com\/scla\/wp-json\/wp\/v2\/pages"}],"about":[{"href":"https:\/\/www.paceint.com\/scla\/wp-json\/wp\/v2\/types\/page"}],"author":[{"embeddable":true,"href":"https:\/\/www.paceint.com\/scla\/wp-json\/wp\/v2\/users\/1"}],"replies":[{"embeddable":true,"href":"https:\/\/www.paceint.com\/scla\/wp-json\/wp\/v2\/comments?post=306"}],"version-history":[{"count":78,"href":"https:\/\/www.paceint.com\/scla\/wp-json\/wp\/v2\/pages\/306\/revisions"}],"predecessor-version":[{"id":410,"href":"https:\/\/www.paceint.com\/scla\/wp-json\/wp\/v2\/pages\/306\/revisions\/410"}],"wp:attachment":[{"href":"https:\/\/www.paceint.com\/scla\/wp-json\/wp\/v2\/media?parent=306"}],"curies":[{"name":"wp","href":"https:\/\/api.w.org\/{rel}","templated":true}]}}