{"id":3,"date":"2019-04-22T20:17:45","date_gmt":"2019-04-22T20:17:45","guid":{"rendered":"http:\/\/staging.paceint.com\/?page_id=3"},"modified":"2021-08-31T20:16:05","modified_gmt":"2021-08-31T20:16:05","slug":"politica-de-privacidad","status":"publish","type":"page","link":"https:\/\/www.paceint.com\/scla\/politica-de-privacidad\/","title":{"rendered":"Pol\u00edtica de privacidad"},"content":{"rendered":"<div class=\"wpb-content-wrapper\"><p>[vc_row row_type=&#8221;row&#8221; use_row_as_full_screen_section=&#8221;no&#8221; type=&#8221;grid&#8221; text_align=&#8221;left&#8221; background_animation=&#8221;none&#8221; css_animation=&#8221;&#8221;][vc_column][vc_empty_space height=&#8221;70&#8243;][vc_column_text]Pace International, LLC, fecha de<br \/>\n<em>vigencia de la pol\u00edtica de privacidad: 8 de julio de 2020<\/em><\/p>\n<h4>Aplicabilidad<\/h4>\n<p>Esta pol\u00edtica describe las pr\u00e1cticas de recolecci\u00f3n y uso de informaci\u00f3n de Pace International, LLC (&#8220;Pace&#8221;). Esto incluye a nuestros sitios web. Aplica a la informaci\u00f3n que recolectamos de usted cuando interact\u00faa con nosotros. Aplica a la informaci\u00f3n que recolectamos de individuos que trabajan en organizaciones que compran nuestros productos o servicios. Tambi\u00e9n aplica a los solicitantes de empleo.<\/p>\n<h4>CATEGOR\u00cdAS DE INFORMACI\u00d3N QUE RECOGEMOS<\/h4>\n<p>A continuaci\u00f3n se detallan las categor\u00edas de informaci\u00f3n que recopilamos:<\/p>\n<p>Informaci\u00f3n de contacto. Recogemos su nombre y n\u00famero de tel\u00e9fono. Tambi\u00e9n recopilamos su direcci\u00f3n y su direcci\u00f3n de correo electr\u00f3nico. Recopilamos su puesto de trabajo y el nombre de la organizaci\u00f3n.<\/p>\n<p>Informaci\u00f3n demogr\u00e1fica. Recogemos su c\u00f3digo postal. Recopilamos informaci\u00f3n de ubicaci\u00f3n de los visitantes del sitio web. Esto puede incluir informaci\u00f3n de ubicaci\u00f3n precisa.<\/p>\n<p>Informaci\u00f3n del solicitante de empleo. Recopilamos el nombre, n\u00famero de tel\u00e9fono y direcci\u00f3n de los solicitantes de empleo. Tambi\u00e9n recogemos el curr\u00edculum, educaci\u00f3n, historial de empleo y los resultados de las verificaciones de credenciales y antecedentes.<\/p>\n<p>Informaci\u00f3n sobre el uso del sitio. Recopilamos registros y datos de sesi\u00f3n cuando visita nuestro sitio web o utiliza nuestras aplicaciones. Recopilamos informaci\u00f3n sobre el navegador y el sistema operativo. Recopilamos el sitio del que llega al nuestro o el sitio que visita cuando nos deja. Recopilamos su direcci\u00f3n IP. Tambi\u00e9n recopilamos identificadores de dispositivos.<\/p>\n<h4>FINES COMERCIALES PARA EL USO DE LA INFORMACI\u00d3N<\/h4>\n<p>Utilizamos las categor\u00edas de informaci\u00f3n para los fines comerciales y de negocios que aqu\u00ed se describen:<\/p>\n<p>Utilizamos la informaci\u00f3n para responder a sus solicitudes. Utilizamos la informaci\u00f3n de contacto para responderle. Tambi\u00e9n utilizamos la informaci\u00f3n de contacto para comunicarnos con usted acerca de nuestras pol\u00edticas y t\u00e9rminos. Utilizamos la informaci\u00f3n de los solicitantes de empleo para procesar su solicitud si se presenta a un puesto de trabajo con nosotros.<\/p>\n<p>Utilizamos la informaci\u00f3n con fines de marketing. Utilizamos la informaci\u00f3n de contacto para notificarle sobre nuevos productos y ofertas especiales. Esto puede ser por correo electr\u00f3nico o mensaje de texto. Tambi\u00e9n puede ser a trav\u00e9s plataformas de medios sociales. Esto incluye informaci\u00f3n sobre Pace y otras compa\u00f1\u00edas afiliadas. Tambi\u00e9n incluye informaci\u00f3n que creemos que puede ser de su inter\u00e9s, como boletines o libros blancos. Utilizamos la informaci\u00f3n de contacto para notificarle si gana una promoci\u00f3n o un sorteo.<\/p>\n<p>Utilizamos la informaci\u00f3n para mejorar nuestros productos y servicios. Utilizamos la informaci\u00f3n de uso del sitio para mejorar nuestro sitio web y productos. Utilizamos su informaci\u00f3n demogr\u00e1fica, de contacto y de uso del sitio para personalizar su experiencia con nosotros. Utilizamos su informaci\u00f3n demogr\u00e1fica y de contacto para estudios de mercado.<\/p>\n<p>Usamos la informaci\u00f3n para proteger a nuestra compa\u00f1\u00eda y empresas contituyentes. Utilizamos informaci\u00f3n demogr\u00e1fica, de contacto y de uso del sitio para proteger a nuestra compa\u00f1\u00eda y clientes. Utilizamos esta misma informaci\u00f3n para identificar fraude y asegurar nuestros sistemas. Utilizamos todas las categor\u00edas de de informaci\u00f3n para otros fines seg\u00fan lo permitido por la ley.<\/p>\n<h4>C\u00d3MO RECOGEMOS LA INFORMACI\u00d3N<\/h4>\n<p>Recogemos categor\u00edas de informaci\u00f3n de las siguientes maneras:<\/p>\n<p>Recogemos informaci\u00f3n directamente de usted. Recopilamos su informaci\u00f3n demogr\u00e1fica, de contacto y de solicitud de empleo. Esto podr\u00eda ser en persona o por tel\u00e9fono. Tambi\u00e9n podr\u00eda ser en nuestro sitio web.<\/p>\n<p>Recogemos informaci\u00f3n de forma pasiva. Utilizamos herramientas de rastreo para recopilar informaci\u00f3n demogr\u00e1fica y de uso del sitio. Las herramientas de rastreo incluyen cookies del navegador y balizas web. Hacemos esto en nuestros sitios web y en los correos electr\u00f3nicos que le enviamos. Recopilamos informaci\u00f3n sobre los usuarios a lo largo del tiempo cuando utiliza nuestros sitios web. Tenemos terceros que recopilan informaci\u00f3n personal de esta manera.<\/p>\n<p>Recopilamos informaci\u00f3n sobre usted de otros. Recopilamos informaci\u00f3n demogr\u00e1fica, de contacto y de uso del sitio de nuestros socios comerciales. Las plataformas de medios sociales pueden darnos informaci\u00f3n sobre usted. Compramos informaci\u00f3n de contacto a terceros. Podemos recopilar informaci\u00f3n de demogr\u00e1fica y de contacto sobre usted de otras empresas afiliadas.<\/p>\n<h4>COMBINAMOS LA INFORMACI\u00d3N<\/h4>\n<p>Combinamos la informaci\u00f3n recogida en persona con la que recibimos en l\u00ednea. Tambi\u00e9n podemos combinar la informaci\u00f3n que obtenemos de un tercero con la informaci\u00f3n que ya tenemos. Tambi\u00e9n combinamos la informaci\u00f3n que tenemos con la informaci\u00f3n que obtenemos de nuestras empresas asociadas.<\/p>\n<h4>CUANDO COMPARTIMOS INFORMACI\u00d3N CON OTROS<\/h4>\n<p>Compartimos las categor\u00edas de informaci\u00f3n como se describe aqu\u00ed:<\/p>\n<p>Compartimos informaci\u00f3n con empresas asociadas. Compartimos informaci\u00f3n con nuestras filiales y subsidiarias. Estas entidades relacionadas incluyen Valent Biosciences LLC, Valent USA LLC, Mycorrhizal Applications LLC, y Sumitomo Chemical America, Inc. Compartiremos informaci\u00f3n con futuras empresas asociadas. La informaci\u00f3n que compartimos incluye informaci\u00f3n de contacto. Tambi\u00e9n incluye informaci\u00f3n demogr\u00e1fica y de uso del sitio.<\/p>\n<p>Compartimos informaci\u00f3n con los proveedores que realizan servicios en nuestro nombre. Compartimos informaci\u00f3n demogr\u00e1fica, de contacto y de uso del sitio con proveedores que prestan servicios en nuestro nombre.<\/p>\n<p>Compartimos informaci\u00f3n si creemos que debemos hacerlo para cumplir con la ley o para protegernos. Compartimos la informaci\u00f3n que recogemos sobre usted para responder a una orden judicial o citaci\u00f3n. Compartimos informaci\u00f3n en respuesta a una solicitud de una agencia gubernamental o de un organismo de investigaci\u00f3n. Compartimos la informaci\u00f3n que recopilamos cuando investigamos un posible fraude.<\/p>\n<p>Compartimos informaci\u00f3n con cualquier sucesor de todo o parte de nuestro negocio. Si todo o parte de nuestro negocio ha sido vendido, es posible que compartamos su informaci\u00f3n como parte de esa transacci\u00f3n. Si se produce una fusi\u00f3n o adquisici\u00f3n, tambi\u00e9n podemos compartir su informaci\u00f3n. Si hay una financiaci\u00f3n o quiebra, podemos compartir su informaci\u00f3n.<\/p>\n<p>Compartimos la informaci\u00f3n seg\u00fan lo permitido por la ley y por otras razones que podem os describirle.<\/p>\n<h4>TIENES CIERTAS OPCIONES<\/h4>\n<p>Le proporcionamos opciones sobre c\u00f3mo usamos su informaci\u00f3n, como se describe aqu\u00ed:<\/p>\n<p>Puede optar por no recibir nuestros correos electr\u00f3nicos de marketing. Para dejar de recibir nuestros correos electr\u00f3nicos promocionales, siga las instrucciones de &#8220;cancelar la suscripci\u00f3n&#8221; en cualquier mensaje promocional que reciba de nosotros. Incluso si opta por no recibir mensajes de marketing, le enviaremos mensajes de transacci\u00f3n. Estos incluyen respuestas a sus preguntas u otra informaci\u00f3n necesaria sobre su cuenta. Usted controlar las cookies y las herramientas de rastreo. Para saber c\u00f3mo gestionar el uso que nosotros y nuestros proveedores hacemos de las cookies y otras herramientas de rastreo, y para leer nuestra Pol\u00edtica de No Seguimiento, <a href=\"\/scla\/politicas-de-publicidad-y-cookies\/\">haga clic aqu\u00ed<\/a>.<\/p>\n<h4>UTILIZAMOS MEDIDAS DE SEGURIDAD RAZONABLES<\/h4>\n<p>La internet no es 100% segura. No podemos prometer que el uso de nuestros sitios o aplicaciones sea completamente seguro. Le animamos a ser cauteloso al usar Internet. Esto incluye no compartir sus contrase\u00f1as.<\/p>\n<h4>ALMACENAMOS INFORMACI\u00d3N EN ESTADOS UNIDOS<\/h4>\n<p>Estamos ubicados en Estados Unidos. Mantenemos nuestras propiedades y negocios digitales para uso en los Estados Unidos. Nuestros servicios y propiedades no est\u00e1n destinados a personas que residen en otro lugar. Si usted vive fuera de Estados Unidos, entiende y acepta que podemos transferir su informaci\u00f3n a los Estados Unidos. Este sitio est\u00e1 sujeto a las leyes de Estados Unidos, que pueden no ofrecer el mismo nivel de protecci\u00f3n que las de su pa\u00eds. Nuestros sitios y negocios est\u00e1n sujetos a las leyes de Estados Unidos, las que pueden no ofrecer el mismo nivel de protecci\u00f3n que las de su pa\u00eds. Al entregar su informaci\u00f3n, usted acepta el procesamiento de la misma en Estados Unidos.<\/p>\n<h4>SITIOS Y ENLACES DE TERCEROS<\/h4>\n<p>Si hace clic en un enlace a un sitio de terceros, ser\u00e1 redireccionado a sitios web que no controlamos. Esto incluye nuestras p\u00e1ginas en los sitios de medios sociales. Esta pol\u00edtica no se aplica a las pr\u00e1cticas de privacidad de estos sitios web. Lea atentamente la pol\u00edtica de privacidad de otros sitios web. No somos responsables de estas pr\u00e1cticas de terceros.<\/p>\n<h4>RECOPILACI\u00d3N DE INFORMACI\u00d3N DE NI\u00d1OS<\/h4>\n<p>Nuestros sitios y aplicaciones est\u00e1n destinados a adultos. No recogemos intencionalmente informaci\u00f3n personal identificable de ni\u00f1os menores de 13 a\u00f1os sin permiso de un padre o tutor. Si es padre o tutor legal y cree que su hijo menor de 13 a\u00f1os nos ha entregado informaci\u00f3n, puede enviarnos un correo electr\u00f3nico. Tambi\u00e9n puede escribirnos a la direcci\u00f3n que aparece al final de esta pol\u00edtica. Por favor, marque sus consultas como &#8220;Solicitud de Informaci\u00f3n COPPA&#8221;. Padres, pueden aprender m\u00e1s sobre c\u00f3mo proteger la privacidad de los ni\u00f1os en l\u00ednea aqu\u00ed.<\/p>\n<h4>CONTACTO<\/h4>\n<p>ISi tiene preguntas sobre esta pol\u00edtica, puede escribirnos a: Pace International, LLC, Attn: Privacy Office, Avda. Presidente Kennedy 5735,<br \/>\nOficina #1601, Torre Poniente (Hotel Marriot) Las Condes, Santiago de Chile. Puede enviarnos un correo electr\u00f3nico a <a href=\"mailto:contacto@paceint.cl\">contacto@paceint.cl<\/a>.<\/p>\n<h4>ACTUALIZACIONES DE LA POL\u00cdTICA<\/h4>\n<p>Es posible que hagamos cambios o actualizaciones a esta Pol\u00edtica. Le notificaremos a su direcci\u00f3n de correo electr\u00f3nico que tenemos en nuestros archivos acerca de cualquier cambio material en esta Pol\u00edtica, seg\u00fan lo requerido por la ley. Todos los cambios tambi\u00e9n ser\u00e1n publicados en nuestro sitio web. Por favor, revise nuestro sitio web peri\u00f3dicamente para ver las actualizaciones.[\/vc_column_text][vc_empty_space height=&#8221;70&#8243;][\/vc_column][\/vc_row]<\/p>\n<\/div>","protected":false},"excerpt":{"rendered":"<p>[vc_row row_type=&#8221;row&#8221; use_row_as_full_screen_section=&#8221;no&#8221; type=&#8221;grid&#8221; text_align=&#8221;left&#8221; background_animation=&#8221;none&#8221; css_animation=&#8221;&#8221;][vc_column][vc_empty_space height=&#8221;70&#8243;][vc_column_text]Pace International, LLC, fecha de vigencia de la pol\u00edtica de privacidad: 8 de&#8230;<\/p>\n","protected":false},"author":1,"featured_media":0,"parent":0,"menu_order":0,"comment_status":"closed","ping_status":"open","template":"full_width.php","meta":{"_acf_changed":false,"_monsterinsights_skip_tracking":false,"_monsterinsights_sitenote_active":false,"_monsterinsights_sitenote_note":"","_monsterinsights_sitenote_category":0,"footnotes":""},"class_list":["post-3","page","type-page","status-publish","hentry"],"acf":[],"yoast_head":"<!-- This site is optimized with the Yoast SEO plugin v24.0 - https:\/\/yoast.com\/wordpress\/plugins\/seo\/ -->\n<title>Pol\u00edtica de privacidad - Pace Spanish<\/title>\n<meta name=\"robots\" content=\"index, follow, max-snippet:-1, max-image-preview:large, max-video-preview:-1\" \/>\n<link rel=\"canonical\" href=\"https:\/\/www.paceint.com\/scla\/politica-de-privacidad\/\" \/>\n<meta property=\"og:locale\" content=\"es_ES\" \/>\n<meta property=\"og:type\" content=\"article\" \/>\n<meta property=\"og:title\" content=\"Pol\u00edtica de privacidad - Pace Spanish\" \/>\n<meta property=\"og:description\" content=\"[vc_row row_type=&#8221;row&#8221; use_row_as_full_screen_section=&#8221;no&#8221; type=&#8221;grid&#8221; text_align=&#8221;left&#8221; background_animation=&#8221;none&#8221; css_animation=&#8221;&#8221;][vc_column][vc_empty_space height=&#8221;70&#8243;][vc_column_text]Pace International, LLC, fecha de vigencia de la pol\u00edtica de privacidad: 8 de...\" \/>\n<meta property=\"og:url\" content=\"https:\/\/www.paceint.com\/scla\/politica-de-privacidad\/\" \/>\n<meta property=\"og:site_name\" content=\"Pace Spanish\" \/>\n<meta property=\"article:modified_time\" content=\"2021-08-31T20:16:05+00:00\" \/>\n<meta name=\"twitter:card\" content=\"summary_large_image\" \/>\n<meta name=\"twitter:label1\" content=\"Tiempo estimado de lectura\" \/>\n\t<meta name=\"twitter:data1\" content=\"7 minutos\" \/>\n<script type=\"application\/ld+json\" class=\"yoast-schema-graph\">{\"@context\":\"https:\/\/schema.org\",\"@graph\":[{\"@type\":\"WebPage\",\"@id\":\"https:\/\/www.paceint.com\/scla\/politica-de-privacidad\/\",\"url\":\"https:\/\/www.paceint.com\/scla\/politica-de-privacidad\/\",\"name\":\"Pol\u00edtica de privacidad - Pace Spanish\",\"isPartOf\":{\"@id\":\"https:\/\/www.paceint.com\/scla\/#website\"},\"datePublished\":\"2019-04-22T20:17:45+00:00\",\"dateModified\":\"2021-08-31T20:16:05+00:00\",\"breadcrumb\":{\"@id\":\"https:\/\/www.paceint.com\/scla\/politica-de-privacidad\/#breadcrumb\"},\"inLanguage\":\"es-CL\",\"potentialAction\":[{\"@type\":\"ReadAction\",\"target\":[\"https:\/\/www.paceint.com\/scla\/politica-de-privacidad\/\"]}]},{\"@type\":\"BreadcrumbList\",\"@id\":\"https:\/\/www.paceint.com\/scla\/politica-de-privacidad\/#breadcrumb\",\"itemListElement\":[{\"@type\":\"ListItem\",\"position\":1,\"name\":\"Home\",\"item\":\"https:\/\/www.paceint.com\/scla\/\"},{\"@type\":\"ListItem\",\"position\":2,\"name\":\"Pol\u00edtica de privacidad\"}]},{\"@type\":\"WebSite\",\"@id\":\"https:\/\/www.paceint.com\/scla\/#website\",\"url\":\"https:\/\/www.paceint.com\/scla\/\",\"name\":\"Pace Spanish\",\"description\":\"Maker of postharvest solutions for agriculture worldwide\",\"potentialAction\":[{\"@type\":\"SearchAction\",\"target\":{\"@type\":\"EntryPoint\",\"urlTemplate\":\"https:\/\/www.paceint.com\/scla\/?s={search_term_string}\"},\"query-input\":{\"@type\":\"PropertyValueSpecification\",\"valueRequired\":true,\"valueName\":\"search_term_string\"}}],\"inLanguage\":\"es-CL\"}]}<\/script>\n<!-- \/ Yoast SEO plugin. -->","yoast_head_json":{"title":"Pol\u00edtica de privacidad - Pace Spanish","robots":{"index":"index","follow":"follow","max-snippet":"max-snippet:-1","max-image-preview":"max-image-preview:large","max-video-preview":"max-video-preview:-1"},"canonical":"https:\/\/www.paceint.com\/scla\/politica-de-privacidad\/","og_locale":"es_ES","og_type":"article","og_title":"Pol\u00edtica de privacidad - Pace Spanish","og_description":"[vc_row row_type=&#8221;row&#8221; use_row_as_full_screen_section=&#8221;no&#8221; type=&#8221;grid&#8221; text_align=&#8221;left&#8221; background_animation=&#8221;none&#8221; css_animation=&#8221;&#8221;][vc_column][vc_empty_space height=&#8221;70&#8243;][vc_column_text]Pace International, LLC, fecha de vigencia de la pol\u00edtica de privacidad: 8 de...","og_url":"https:\/\/www.paceint.com\/scla\/politica-de-privacidad\/","og_site_name":"Pace Spanish","article_modified_time":"2021-08-31T20:16:05+00:00","twitter_card":"summary_large_image","twitter_misc":{"Tiempo estimado de lectura":"7 minutos"},"schema":{"@context":"https:\/\/schema.org","@graph":[{"@type":"WebPage","@id":"https:\/\/www.paceint.com\/scla\/politica-de-privacidad\/","url":"https:\/\/www.paceint.com\/scla\/politica-de-privacidad\/","name":"Pol\u00edtica de privacidad - Pace Spanish","isPartOf":{"@id":"https:\/\/www.paceint.com\/scla\/#website"},"datePublished":"2019-04-22T20:17:45+00:00","dateModified":"2021-08-31T20:16:05+00:00","breadcrumb":{"@id":"https:\/\/www.paceint.com\/scla\/politica-de-privacidad\/#breadcrumb"},"inLanguage":"es-CL","potentialAction":[{"@type":"ReadAction","target":["https:\/\/www.paceint.com\/scla\/politica-de-privacidad\/"]}]},{"@type":"BreadcrumbList","@id":"https:\/\/www.paceint.com\/scla\/politica-de-privacidad\/#breadcrumb","itemListElement":[{"@type":"ListItem","position":1,"name":"Home","item":"https:\/\/www.paceint.com\/scla\/"},{"@type":"ListItem","position":2,"name":"Pol\u00edtica de privacidad"}]},{"@type":"WebSite","@id":"https:\/\/www.paceint.com\/scla\/#website","url":"https:\/\/www.paceint.com\/scla\/","name":"Pace Spanish","description":"Maker of postharvest solutions for agriculture worldwide","potentialAction":[{"@type":"SearchAction","target":{"@type":"EntryPoint","urlTemplate":"https:\/\/www.paceint.com\/scla\/?s={search_term_string}"},"query-input":{"@type":"PropertyValueSpecification","valueRequired":true,"valueName":"search_term_string"}}],"inLanguage":"es-CL"}]}},"_links":{"self":[{"href":"https:\/\/www.paceint.com\/scla\/wp-json\/wp\/v2\/pages\/3","targetHints":{"allow":["GET"]}}],"collection":[{"href":"https:\/\/www.paceint.com\/scla\/wp-json\/wp\/v2\/pages"}],"about":[{"href":"https:\/\/www.paceint.com\/scla\/wp-json\/wp\/v2\/types\/page"}],"author":[{"embeddable":true,"href":"https:\/\/www.paceint.com\/scla\/wp-json\/wp\/v2\/users\/1"}],"replies":[{"embeddable":true,"href":"https:\/\/www.paceint.com\/scla\/wp-json\/wp\/v2\/comments?post=3"}],"version-history":[{"count":13,"href":"https:\/\/www.paceint.com\/scla\/wp-json\/wp\/v2\/pages\/3\/revisions"}],"predecessor-version":[{"id":6046,"href":"https:\/\/www.paceint.com\/scla\/wp-json\/wp\/v2\/pages\/3\/revisions\/6046"}],"wp:attachment":[{"href":"https:\/\/www.paceint.com\/scla\/wp-json\/wp\/v2\/media?parent=3"}],"curies":[{"name":"wp","href":"https:\/\/api.w.org\/{rel}","templated":true}]}}