{"id":2226,"date":"2019-07-16T19:56:05","date_gmt":"2019-07-16T19:56:05","guid":{"rendered":"http:\/\/staging.paceint.com\/?page_id=2226"},"modified":"2021-08-05T23:17:12","modified_gmt":"2021-08-05T23:17:12","slug":"comestibles","status":"publish","type":"page","link":"https:\/\/www.paceint.com\/scla\/productos\/comestibles\/","title":{"rendered":"Recubrimientos Comestibles"},"content":{"rendered":"<p>Un recubrimiento comestible de alta calidad y de larga duraci\u00f3n es la \u00faltima l\u00ednea de defensa que tienen los empacadores de frutas para asegurar que sus productos sobrevivan su viaje al mercado. Ya sea si la fruta se empaca para mercados dom\u00e9sticos o de exportaci\u00f3n, los empacadores deben confiar en un recubrimiento que funcionar\u00e1 en condiciones extremas, desde el empaque hasta el mercado, sin comprometer el valor de la fruta.<\/p>\n","protected":false},"excerpt":{"rendered":"<p>Un recubrimiento comestible de alta calidad y de larga duraci\u00f3n es la \u00faltima l\u00ednea de defensa que tienen los empacadores&#8230;<\/p>\n","protected":false},"author":1,"featured_media":0,"parent":78,"menu_order":0,"comment_status":"closed","ping_status":"closed","template":"template-product_types.php","meta":{"_acf_changed":false,"_monsterinsights_skip_tracking":false,"_monsterinsights_sitenote_active":false,"_monsterinsights_sitenote_note":"","_monsterinsights_sitenote_category":0,"footnotes":""},"class_list":["post-2226","page","type-page","status-publish","hentry"],"acf":[],"yoast_head":"<!-- This site is optimized with the Yoast SEO plugin v24.0 - https:\/\/yoast.com\/wordpress\/plugins\/seo\/ -->\n<title>Recubrimientos Comestibles - Pace Spanish<\/title>\n<meta name=\"robots\" content=\"index, follow, max-snippet:-1, max-image-preview:large, max-video-preview:-1\" \/>\n<link rel=\"canonical\" href=\"https:\/\/www.paceint.com\/scla\/productos\/comestibles\/\" \/>\n<meta property=\"og:locale\" content=\"es_ES\" \/>\n<meta property=\"og:type\" content=\"article\" \/>\n<meta property=\"og:title\" content=\"Recubrimientos Comestibles - Pace Spanish\" \/>\n<meta property=\"og:description\" content=\"Un recubrimiento comestible de alta calidad y de larga duraci\u00f3n es la \u00faltima l\u00ednea de defensa que tienen los empacadores...\" \/>\n<meta property=\"og:url\" content=\"https:\/\/www.paceint.com\/scla\/productos\/comestibles\/\" \/>\n<meta property=\"og:site_name\" content=\"Pace Spanish\" \/>\n<meta property=\"article:modified_time\" content=\"2021-08-05T23:17:12+00:00\" \/>\n<meta name=\"twitter:card\" content=\"summary_large_image\" \/>\n<script type=\"application\/ld+json\" class=\"yoast-schema-graph\">{\"@context\":\"https:\/\/schema.org\",\"@graph\":[{\"@type\":\"WebPage\",\"@id\":\"https:\/\/www.paceint.com\/scla\/productos\/comestibles\/\",\"url\":\"https:\/\/www.paceint.com\/scla\/productos\/comestibles\/\",\"name\":\"Recubrimientos Comestibles - Pace Spanish\",\"isPartOf\":{\"@id\":\"https:\/\/www.paceint.com\/scla\/#website\"},\"datePublished\":\"2019-07-16T19:56:05+00:00\",\"dateModified\":\"2021-08-05T23:17:12+00:00\",\"breadcrumb\":{\"@id\":\"https:\/\/www.paceint.com\/scla\/productos\/comestibles\/#breadcrumb\"},\"inLanguage\":\"es-CL\",\"potentialAction\":[{\"@type\":\"ReadAction\",\"target\":[\"https:\/\/www.paceint.com\/scla\/productos\/comestibles\/\"]}]},{\"@type\":\"BreadcrumbList\",\"@id\":\"https:\/\/www.paceint.com\/scla\/productos\/comestibles\/#breadcrumb\",\"itemListElement\":[{\"@type\":\"ListItem\",\"position\":1,\"name\":\"Home\",\"item\":\"https:\/\/www.paceint.com\/scla\/\"},{\"@type\":\"ListItem\",\"position\":2,\"name\":\"Productos\",\"item\":\"https:\/\/www.paceint.com\/scla\/productos\/\"},{\"@type\":\"ListItem\",\"position\":3,\"name\":\"Recubrimientos Comestibles\"}]},{\"@type\":\"WebSite\",\"@id\":\"https:\/\/www.paceint.com\/scla\/#website\",\"url\":\"https:\/\/www.paceint.com\/scla\/\",\"name\":\"Pace Spanish\",\"description\":\"Maker of postharvest solutions for agriculture worldwide\",\"potentialAction\":[{\"@type\":\"SearchAction\",\"target\":{\"@type\":\"EntryPoint\",\"urlTemplate\":\"https:\/\/www.paceint.com\/scla\/?s={search_term_string}\"},\"query-input\":{\"@type\":\"PropertyValueSpecification\",\"valueRequired\":true,\"valueName\":\"search_term_string\"}}],\"inLanguage\":\"es-CL\"}]}<\/script>\n<!-- \/ Yoast SEO plugin. -->","yoast_head_json":{"title":"Recubrimientos Comestibles - Pace Spanish","robots":{"index":"index","follow":"follow","max-snippet":"max-snippet:-1","max-image-preview":"max-image-preview:large","max-video-preview":"max-video-preview:-1"},"canonical":"https:\/\/www.paceint.com\/scla\/productos\/comestibles\/","og_locale":"es_ES","og_type":"article","og_title":"Recubrimientos Comestibles - Pace Spanish","og_description":"Un recubrimiento comestible de alta calidad y de larga duraci\u00f3n es la \u00faltima l\u00ednea de defensa que tienen los empacadores...","og_url":"https:\/\/www.paceint.com\/scla\/productos\/comestibles\/","og_site_name":"Pace Spanish","article_modified_time":"2021-08-05T23:17:12+00:00","twitter_card":"summary_large_image","schema":{"@context":"https:\/\/schema.org","@graph":[{"@type":"WebPage","@id":"https:\/\/www.paceint.com\/scla\/productos\/comestibles\/","url":"https:\/\/www.paceint.com\/scla\/productos\/comestibles\/","name":"Recubrimientos Comestibles - Pace Spanish","isPartOf":{"@id":"https:\/\/www.paceint.com\/scla\/#website"},"datePublished":"2019-07-16T19:56:05+00:00","dateModified":"2021-08-05T23:17:12+00:00","breadcrumb":{"@id":"https:\/\/www.paceint.com\/scla\/productos\/comestibles\/#breadcrumb"},"inLanguage":"es-CL","potentialAction":[{"@type":"ReadAction","target":["https:\/\/www.paceint.com\/scla\/productos\/comestibles\/"]}]},{"@type":"BreadcrumbList","@id":"https:\/\/www.paceint.com\/scla\/productos\/comestibles\/#breadcrumb","itemListElement":[{"@type":"ListItem","position":1,"name":"Home","item":"https:\/\/www.paceint.com\/scla\/"},{"@type":"ListItem","position":2,"name":"Productos","item":"https:\/\/www.paceint.com\/scla\/productos\/"},{"@type":"ListItem","position":3,"name":"Recubrimientos Comestibles"}]},{"@type":"WebSite","@id":"https:\/\/www.paceint.com\/scla\/#website","url":"https:\/\/www.paceint.com\/scla\/","name":"Pace Spanish","description":"Maker of postharvest solutions for agriculture worldwide","potentialAction":[{"@type":"SearchAction","target":{"@type":"EntryPoint","urlTemplate":"https:\/\/www.paceint.com\/scla\/?s={search_term_string}"},"query-input":{"@type":"PropertyValueSpecification","valueRequired":true,"valueName":"search_term_string"}}],"inLanguage":"es-CL"}]}},"_links":{"self":[{"href":"https:\/\/www.paceint.com\/scla\/wp-json\/wp\/v2\/pages\/2226","targetHints":{"allow":["GET"]}}],"collection":[{"href":"https:\/\/www.paceint.com\/scla\/wp-json\/wp\/v2\/pages"}],"about":[{"href":"https:\/\/www.paceint.com\/scla\/wp-json\/wp\/v2\/types\/page"}],"author":[{"embeddable":true,"href":"https:\/\/www.paceint.com\/scla\/wp-json\/wp\/v2\/users\/1"}],"replies":[{"embeddable":true,"href":"https:\/\/www.paceint.com\/scla\/wp-json\/wp\/v2\/comments?post=2226"}],"version-history":[{"count":8,"href":"https:\/\/www.paceint.com\/scla\/wp-json\/wp\/v2\/pages\/2226\/revisions"}],"predecessor-version":[{"id":5953,"href":"https:\/\/www.paceint.com\/scla\/wp-json\/wp\/v2\/pages\/2226\/revisions\/5953"}],"up":[{"embeddable":true,"href":"https:\/\/www.paceint.com\/scla\/wp-json\/wp\/v2\/pages\/78"}],"wp:attachment":[{"href":"https:\/\/www.paceint.com\/scla\/wp-json\/wp\/v2\/media?parent=2226"}],"curies":[{"name":"wp","href":"https:\/\/api.w.org\/{rel}","templated":true}]}}