{"id":2224,"date":"2019-07-16T19:53:17","date_gmt":"2019-07-16T19:53:17","guid":{"rendered":"http:\/\/staging.paceint.com\/?page_id=2224"},"modified":"2021-09-28T17:50:47","modified_gmt":"2021-09-28T17:50:47","slug":"fungicidas","status":"publish","type":"page","link":"https:\/\/www.paceint.com\/scla\/productos\/fungicidas\/","title":{"rendered":"Fungicidas"},"content":{"rendered":"<p>Manejar la pudrici\u00f3n en frutas es un gran desaf\u00edo para los empacadores de todo el mundo. A trav\u00e9s de varios m\u00e9todos de aplicaci\u00f3n y formulaciones de fungicidas, que incluyen convencionales y biorracionales, Pace ofrece una estrategia s\u00f3lida para combatir los efectos no deseados de la pudrici\u00f3n y sus p\u00e9rdidas econ\u00f3micas. Una fruta mas sana significa mayores beneficios.<\/p>\n","protected":false},"excerpt":{"rendered":"<p>Manejar la pudrici\u00f3n en frutas es un gran desaf\u00edo para los empacadores de todo el mundo. A trav\u00e9s de varios&#8230;<\/p>\n","protected":false},"author":1,"featured_media":0,"parent":78,"menu_order":0,"comment_status":"closed","ping_status":"closed","template":"template-product_types.php","meta":{"_acf_changed":false,"_monsterinsights_skip_tracking":false,"_monsterinsights_sitenote_active":false,"_monsterinsights_sitenote_note":"","_monsterinsights_sitenote_category":0,"footnotes":""},"class_list":["post-2224","page","type-page","status-publish","hentry"],"acf":[],"yoast_head":"<!-- This site is optimized with the Yoast SEO plugin v24.0 - https:\/\/yoast.com\/wordpress\/plugins\/seo\/ -->\n<title>Fungicidas - Pace Spanish<\/title>\n<meta name=\"robots\" content=\"index, follow, max-snippet:-1, max-image-preview:large, max-video-preview:-1\" \/>\n<link rel=\"canonical\" href=\"https:\/\/www.paceint.com\/scla\/productos\/fungicidas\/\" \/>\n<meta property=\"og:locale\" content=\"es_ES\" \/>\n<meta property=\"og:type\" content=\"article\" \/>\n<meta property=\"og:title\" content=\"Fungicidas - Pace Spanish\" \/>\n<meta property=\"og:description\" content=\"Manejar la pudrici\u00f3n en frutas es un gran desaf\u00edo para los empacadores de todo el mundo. A trav\u00e9s de varios...\" \/>\n<meta property=\"og:url\" content=\"https:\/\/www.paceint.com\/scla\/productos\/fungicidas\/\" \/>\n<meta property=\"og:site_name\" content=\"Pace Spanish\" \/>\n<meta property=\"article:modified_time\" content=\"2021-09-28T17:50:47+00:00\" \/>\n<meta name=\"twitter:card\" content=\"summary_large_image\" \/>\n<script type=\"application\/ld+json\" class=\"yoast-schema-graph\">{\"@context\":\"https:\/\/schema.org\",\"@graph\":[{\"@type\":\"WebPage\",\"@id\":\"https:\/\/www.paceint.com\/scla\/productos\/fungicidas\/\",\"url\":\"https:\/\/www.paceint.com\/scla\/productos\/fungicidas\/\",\"name\":\"Fungicidas - Pace Spanish\",\"isPartOf\":{\"@id\":\"https:\/\/www.paceint.com\/scla\/#website\"},\"datePublished\":\"2019-07-16T19:53:17+00:00\",\"dateModified\":\"2021-09-28T17:50:47+00:00\",\"breadcrumb\":{\"@id\":\"https:\/\/www.paceint.com\/scla\/productos\/fungicidas\/#breadcrumb\"},\"inLanguage\":\"es-CL\",\"potentialAction\":[{\"@type\":\"ReadAction\",\"target\":[\"https:\/\/www.paceint.com\/scla\/productos\/fungicidas\/\"]}]},{\"@type\":\"BreadcrumbList\",\"@id\":\"https:\/\/www.paceint.com\/scla\/productos\/fungicidas\/#breadcrumb\",\"itemListElement\":[{\"@type\":\"ListItem\",\"position\":1,\"name\":\"Home\",\"item\":\"https:\/\/www.paceint.com\/scla\/\"},{\"@type\":\"ListItem\",\"position\":2,\"name\":\"Productos\",\"item\":\"https:\/\/www.paceint.com\/scla\/productos\/\"},{\"@type\":\"ListItem\",\"position\":3,\"name\":\"Fungicidas\"}]},{\"@type\":\"WebSite\",\"@id\":\"https:\/\/www.paceint.com\/scla\/#website\",\"url\":\"https:\/\/www.paceint.com\/scla\/\",\"name\":\"Pace Spanish\",\"description\":\"Maker of postharvest solutions for agriculture worldwide\",\"potentialAction\":[{\"@type\":\"SearchAction\",\"target\":{\"@type\":\"EntryPoint\",\"urlTemplate\":\"https:\/\/www.paceint.com\/scla\/?s={search_term_string}\"},\"query-input\":{\"@type\":\"PropertyValueSpecification\",\"valueRequired\":true,\"valueName\":\"search_term_string\"}}],\"inLanguage\":\"es-CL\"}]}<\/script>\n<!-- \/ Yoast SEO plugin. -->","yoast_head_json":{"title":"Fungicidas - Pace Spanish","robots":{"index":"index","follow":"follow","max-snippet":"max-snippet:-1","max-image-preview":"max-image-preview:large","max-video-preview":"max-video-preview:-1"},"canonical":"https:\/\/www.paceint.com\/scla\/productos\/fungicidas\/","og_locale":"es_ES","og_type":"article","og_title":"Fungicidas - Pace Spanish","og_description":"Manejar la pudrici\u00f3n en frutas es un gran desaf\u00edo para los empacadores de todo el mundo. A trav\u00e9s de varios...","og_url":"https:\/\/www.paceint.com\/scla\/productos\/fungicidas\/","og_site_name":"Pace Spanish","article_modified_time":"2021-09-28T17:50:47+00:00","twitter_card":"summary_large_image","schema":{"@context":"https:\/\/schema.org","@graph":[{"@type":"WebPage","@id":"https:\/\/www.paceint.com\/scla\/productos\/fungicidas\/","url":"https:\/\/www.paceint.com\/scla\/productos\/fungicidas\/","name":"Fungicidas - Pace Spanish","isPartOf":{"@id":"https:\/\/www.paceint.com\/scla\/#website"},"datePublished":"2019-07-16T19:53:17+00:00","dateModified":"2021-09-28T17:50:47+00:00","breadcrumb":{"@id":"https:\/\/www.paceint.com\/scla\/productos\/fungicidas\/#breadcrumb"},"inLanguage":"es-CL","potentialAction":[{"@type":"ReadAction","target":["https:\/\/www.paceint.com\/scla\/productos\/fungicidas\/"]}]},{"@type":"BreadcrumbList","@id":"https:\/\/www.paceint.com\/scla\/productos\/fungicidas\/#breadcrumb","itemListElement":[{"@type":"ListItem","position":1,"name":"Home","item":"https:\/\/www.paceint.com\/scla\/"},{"@type":"ListItem","position":2,"name":"Productos","item":"https:\/\/www.paceint.com\/scla\/productos\/"},{"@type":"ListItem","position":3,"name":"Fungicidas"}]},{"@type":"WebSite","@id":"https:\/\/www.paceint.com\/scla\/#website","url":"https:\/\/www.paceint.com\/scla\/","name":"Pace Spanish","description":"Maker of postharvest solutions for agriculture worldwide","potentialAction":[{"@type":"SearchAction","target":{"@type":"EntryPoint","urlTemplate":"https:\/\/www.paceint.com\/scla\/?s={search_term_string}"},"query-input":{"@type":"PropertyValueSpecification","valueRequired":true,"valueName":"search_term_string"}}],"inLanguage":"es-CL"}]}},"_links":{"self":[{"href":"https:\/\/www.paceint.com\/scla\/wp-json\/wp\/v2\/pages\/2224","targetHints":{"allow":["GET"]}}],"collection":[{"href":"https:\/\/www.paceint.com\/scla\/wp-json\/wp\/v2\/pages"}],"about":[{"href":"https:\/\/www.paceint.com\/scla\/wp-json\/wp\/v2\/types\/page"}],"author":[{"embeddable":true,"href":"https:\/\/www.paceint.com\/scla\/wp-json\/wp\/v2\/users\/1"}],"replies":[{"embeddable":true,"href":"https:\/\/www.paceint.com\/scla\/wp-json\/wp\/v2\/comments?post=2224"}],"version-history":[{"count":5,"href":"https:\/\/www.paceint.com\/scla\/wp-json\/wp\/v2\/pages\/2224\/revisions"}],"predecessor-version":[{"id":6201,"href":"https:\/\/www.paceint.com\/scla\/wp-json\/wp\/v2\/pages\/2224\/revisions\/6201"}],"up":[{"embeddable":true,"href":"https:\/\/www.paceint.com\/scla\/wp-json\/wp\/v2\/pages\/78"}],"wp:attachment":[{"href":"https:\/\/www.paceint.com\/scla\/wp-json\/wp\/v2\/media?parent=2224"}],"curies":[{"name":"wp","href":"https:\/\/api.w.org\/{rel}","templated":true}]}}