{"id":2220,"date":"2019-07-16T16:57:02","date_gmt":"2019-07-16T16:57:02","guid":{"rendered":"http:\/\/staging.paceint.com\/?page_id=2220"},"modified":"2021-10-21T16:57:32","modified_gmt":"2021-10-21T16:57:32","slug":"limpiadores-y-sanitizantes","status":"publish","type":"page","link":"https:\/\/www.paceint.com\/scla\/productos\/limpiadores-y-sanitizantes\/","title":{"rendered":"Limpiadores y Sanitizantes"},"content":{"rendered":"<p>Pr\u00e1cticas adecuadas de limpieza y desinfecci\u00f3n son un componente importante en un programa exitoso de inocuidad alimentaria. El equipo t\u00e9cnico de Pace trabaja con nuestros clientes para desarrollar recomendaciones a medida, para sistemas de lavado y aplicaciones de rociado de l\u00ednea. El programa hol\u00edstico incluye limpiadores y sanitizaci\u00f3n automatizada en pozos de vaciado y pozo de fungicidas, as\u00ed como el monitoreo y control efectivo en l\u00ednea de empaque.<\/p>\n","protected":false},"excerpt":{"rendered":"<p>Pr\u00e1cticas adecuadas de limpieza y desinfecci\u00f3n son un componente importante en un programa exitoso de inocuidad alimentaria. El equipo t\u00e9cnico&#8230;<\/p>\n","protected":false},"author":2,"featured_media":0,"parent":78,"menu_order":0,"comment_status":"closed","ping_status":"closed","template":"template-product_types.php","meta":{"_acf_changed":false,"_monsterinsights_skip_tracking":false,"_monsterinsights_sitenote_active":false,"_monsterinsights_sitenote_note":"","_monsterinsights_sitenote_category":0,"footnotes":""},"class_list":["post-2220","page","type-page","status-publish","hentry"],"acf":[],"yoast_head":"<!-- This site is optimized with the Yoast SEO plugin v24.0 - https:\/\/yoast.com\/wordpress\/plugins\/seo\/ -->\n<title>Limpiadores y Sanitizantes - Pace Spanish<\/title>\n<meta name=\"robots\" content=\"index, follow, max-snippet:-1, max-image-preview:large, max-video-preview:-1\" \/>\n<link rel=\"canonical\" href=\"https:\/\/www.paceint.com\/scla\/productos\/limpiadores-y-sanitizantes\/\" \/>\n<meta property=\"og:locale\" content=\"es_ES\" \/>\n<meta property=\"og:type\" content=\"article\" \/>\n<meta property=\"og:title\" content=\"Limpiadores y Sanitizantes - Pace Spanish\" \/>\n<meta property=\"og:description\" content=\"Pr\u00e1cticas adecuadas de limpieza y desinfecci\u00f3n son un componente importante en un programa exitoso de inocuidad alimentaria. El equipo t\u00e9cnico...\" \/>\n<meta property=\"og:url\" content=\"https:\/\/www.paceint.com\/scla\/productos\/limpiadores-y-sanitizantes\/\" \/>\n<meta property=\"og:site_name\" content=\"Pace Spanish\" \/>\n<meta property=\"article:modified_time\" content=\"2021-10-21T16:57:32+00:00\" \/>\n<meta name=\"twitter:card\" content=\"summary_large_image\" \/>\n<script type=\"application\/ld+json\" class=\"yoast-schema-graph\">{\"@context\":\"https:\/\/schema.org\",\"@graph\":[{\"@type\":\"WebPage\",\"@id\":\"https:\/\/www.paceint.com\/scla\/productos\/limpiadores-y-sanitizantes\/\",\"url\":\"https:\/\/www.paceint.com\/scla\/productos\/limpiadores-y-sanitizantes\/\",\"name\":\"Limpiadores y Sanitizantes - Pace Spanish\",\"isPartOf\":{\"@id\":\"https:\/\/www.paceint.com\/scla\/#website\"},\"datePublished\":\"2019-07-16T16:57:02+00:00\",\"dateModified\":\"2021-10-21T16:57:32+00:00\",\"breadcrumb\":{\"@id\":\"https:\/\/www.paceint.com\/scla\/productos\/limpiadores-y-sanitizantes\/#breadcrumb\"},\"inLanguage\":\"es-CL\",\"potentialAction\":[{\"@type\":\"ReadAction\",\"target\":[\"https:\/\/www.paceint.com\/scla\/productos\/limpiadores-y-sanitizantes\/\"]}]},{\"@type\":\"BreadcrumbList\",\"@id\":\"https:\/\/www.paceint.com\/scla\/productos\/limpiadores-y-sanitizantes\/#breadcrumb\",\"itemListElement\":[{\"@type\":\"ListItem\",\"position\":1,\"name\":\"Home\",\"item\":\"https:\/\/www.paceint.com\/scla\/\"},{\"@type\":\"ListItem\",\"position\":2,\"name\":\"Productos\",\"item\":\"https:\/\/www.paceint.com\/scla\/productos\/\"},{\"@type\":\"ListItem\",\"position\":3,\"name\":\"Limpiadores y Sanitizantes\"}]},{\"@type\":\"WebSite\",\"@id\":\"https:\/\/www.paceint.com\/scla\/#website\",\"url\":\"https:\/\/www.paceint.com\/scla\/\",\"name\":\"Pace Spanish\",\"description\":\"Maker of postharvest solutions for agriculture worldwide\",\"potentialAction\":[{\"@type\":\"SearchAction\",\"target\":{\"@type\":\"EntryPoint\",\"urlTemplate\":\"https:\/\/www.paceint.com\/scla\/?s={search_term_string}\"},\"query-input\":{\"@type\":\"PropertyValueSpecification\",\"valueRequired\":true,\"valueName\":\"search_term_string\"}}],\"inLanguage\":\"es-CL\"}]}<\/script>\n<!-- \/ Yoast SEO plugin. -->","yoast_head_json":{"title":"Limpiadores y Sanitizantes - Pace Spanish","robots":{"index":"index","follow":"follow","max-snippet":"max-snippet:-1","max-image-preview":"max-image-preview:large","max-video-preview":"max-video-preview:-1"},"canonical":"https:\/\/www.paceint.com\/scla\/productos\/limpiadores-y-sanitizantes\/","og_locale":"es_ES","og_type":"article","og_title":"Limpiadores y Sanitizantes - Pace Spanish","og_description":"Pr\u00e1cticas adecuadas de limpieza y desinfecci\u00f3n son un componente importante en un programa exitoso de inocuidad alimentaria. El equipo t\u00e9cnico...","og_url":"https:\/\/www.paceint.com\/scla\/productos\/limpiadores-y-sanitizantes\/","og_site_name":"Pace Spanish","article_modified_time":"2021-10-21T16:57:32+00:00","twitter_card":"summary_large_image","schema":{"@context":"https:\/\/schema.org","@graph":[{"@type":"WebPage","@id":"https:\/\/www.paceint.com\/scla\/productos\/limpiadores-y-sanitizantes\/","url":"https:\/\/www.paceint.com\/scla\/productos\/limpiadores-y-sanitizantes\/","name":"Limpiadores y Sanitizantes - Pace Spanish","isPartOf":{"@id":"https:\/\/www.paceint.com\/scla\/#website"},"datePublished":"2019-07-16T16:57:02+00:00","dateModified":"2021-10-21T16:57:32+00:00","breadcrumb":{"@id":"https:\/\/www.paceint.com\/scla\/productos\/limpiadores-y-sanitizantes\/#breadcrumb"},"inLanguage":"es-CL","potentialAction":[{"@type":"ReadAction","target":["https:\/\/www.paceint.com\/scla\/productos\/limpiadores-y-sanitizantes\/"]}]},{"@type":"BreadcrumbList","@id":"https:\/\/www.paceint.com\/scla\/productos\/limpiadores-y-sanitizantes\/#breadcrumb","itemListElement":[{"@type":"ListItem","position":1,"name":"Home","item":"https:\/\/www.paceint.com\/scla\/"},{"@type":"ListItem","position":2,"name":"Productos","item":"https:\/\/www.paceint.com\/scla\/productos\/"},{"@type":"ListItem","position":3,"name":"Limpiadores y Sanitizantes"}]},{"@type":"WebSite","@id":"https:\/\/www.paceint.com\/scla\/#website","url":"https:\/\/www.paceint.com\/scla\/","name":"Pace Spanish","description":"Maker of postharvest solutions for agriculture worldwide","potentialAction":[{"@type":"SearchAction","target":{"@type":"EntryPoint","urlTemplate":"https:\/\/www.paceint.com\/scla\/?s={search_term_string}"},"query-input":{"@type":"PropertyValueSpecification","valueRequired":true,"valueName":"search_term_string"}}],"inLanguage":"es-CL"}]}},"_links":{"self":[{"href":"https:\/\/www.paceint.com\/scla\/wp-json\/wp\/v2\/pages\/2220","targetHints":{"allow":["GET"]}}],"collection":[{"href":"https:\/\/www.paceint.com\/scla\/wp-json\/wp\/v2\/pages"}],"about":[{"href":"https:\/\/www.paceint.com\/scla\/wp-json\/wp\/v2\/types\/page"}],"author":[{"embeddable":true,"href":"https:\/\/www.paceint.com\/scla\/wp-json\/wp\/v2\/users\/2"}],"replies":[{"embeddable":true,"href":"https:\/\/www.paceint.com\/scla\/wp-json\/wp\/v2\/comments?post=2220"}],"version-history":[{"count":7,"href":"https:\/\/www.paceint.com\/scla\/wp-json\/wp\/v2\/pages\/2220\/revisions"}],"predecessor-version":[{"id":6216,"href":"https:\/\/www.paceint.com\/scla\/wp-json\/wp\/v2\/pages\/2220\/revisions\/6216"}],"up":[{"embeddable":true,"href":"https:\/\/www.paceint.com\/scla\/wp-json\/wp\/v2\/pages\/78"}],"wp:attachment":[{"href":"https:\/\/www.paceint.com\/scla\/wp-json\/wp\/v2\/media?parent=2220"}],"curies":[{"name":"wp","href":"https:\/\/api.w.org\/{rel}","templated":true}]}}