{"id":11,"date":"2019-04-25T17:23:57","date_gmt":"2019-04-25T17:23:57","guid":{"rendered":"http:\/\/staging.paceint.com\/?page_id=11"},"modified":"2024-08-16T17:17:53","modified_gmt":"2024-08-16T17:17:53","slug":"home","status":"publish","type":"page","link":"https:\/\/www.paceint.com\/scla\/","title":{"rendered":"Inicio"},"content":{"rendered":"<div class=\"wpb-content-wrapper\"><p>[vc_row row_type=&#8221;row&#8221; use_row_as_full_screen_section=&#8221;no&#8221; type=&#8221;grid&#8221; text_align=&#8221;center&#8221; background_animation=&#8221;none&#8221; css_animation=&#8221;&#8221;][vc_column][vc_empty_space height=&#8221;70px&#8221;][vc_column_text]<\/p>\n<h2>Elija su cultivo<\/h2>\n<p>[\/vc_column_text][vc_empty_space height=&#8221;30px&#8221;][\/vc_column][\/vc_row][vc_row row_type=&#8221;row&#8221; use_row_as_full_screen_section=&#8221;no&#8221; type=&#8221;full_width&#8221; text_align=&#8221;center&#8221; background_animation=&#8221;none&#8221; css_animation=&#8221;&#8221;][vc_column offset=&#8221;vc_col-lg-1\/5 vc_col-md-1\/5 vc_col-xs-12&#8243;][vc_single_image image=&#8221;2767&#8243; img_size=&#8221;150&#215;150&#8243; alignment=&#8221;center&#8221; onclick=&#8221;custom_link&#8221; qode_css_animation=&#8221;&#8221; link=&#8221;https:\/\/www.paceint.com\/scla\/cerezas&#8221; css=&#8221;.vc_custom_1614809791319{padding-bottom: 20px !important;}&#8221;][vc_column_text]<\/p>\n<h3><a href=\"https:\/\/www.paceint.com\/scla\/cerezas\">Cerezas<\/a><\/h3>\n<p>[\/vc_column_text][\/vc_column][vc_column offset=&#8221;vc_col-lg-1\/5 vc_col-md-1\/5 vc_col-xs-12&#8243;][vc_single_image image=&#8221;2907&#8243; img_size=&#8221;150&#215;150&#8243; alignment=&#8221;center&#8221; onclick=&#8221;custom_link&#8221; qode_css_animation=&#8221;&#8221; link=&#8221;https:\/\/www.paceint.com\/scla\/citricos&#8221; css=&#8221;.vc_custom_1614810825133{padding-bottom: 20px !important;}&#8221;][vc_column_text]<\/p>\n<h3><a href=\"https:\/\/www.paceint.com\/scla\/citricos\">C\u00edtricos<\/a><\/h3>\n<p>[\/vc_column_text][\/vc_column][vc_column offset=&#8221;vc_col-lg-1\/5 vc_col-md-1\/5 vc_col-xs-12&#8243;][vc_single_image image=&#8221;2893&#8243; img_size=&#8221;150&#215;150&#8243; alignment=&#8221;center&#8221; onclick=&#8221;custom_link&#8221; qode_css_animation=&#8221;&#8221; link=&#8221;https:\/\/www.paceint.com\/scla\/pomaceas&#8221; css=&#8221;.vc_custom_1614811052914{padding-bottom: 20px !important;}&#8221;][vc_column_text]<\/p>\n<h3><a href=\"https:\/\/www.paceint.com\/scla\/pomaceas\">Pom\u00e1ceas<\/a><\/h3>\n<p>[\/vc_column_text][\/vc_column][vc_column offset=&#8221;vc_col-lg-1\/5 vc_col-md-1\/5 vc_col-xs-12&#8243;][vc_single_image image=&#8221;2773&#8243; img_size=&#8221;150&#215;150&#8243; alignment=&#8221;center&#8221; onclick=&#8221;custom_link&#8221; qode_css_animation=&#8221;&#8221; link=&#8221;https:\/\/www.paceint.com\/scla\/carozos&#8221; css=&#8221;.vc_custom_1614811313142{padding-bottom: 20px !important;}&#8221;][vc_column_text]<\/p>\n<h3><a href=\"https:\/\/www.paceint.com\/scla\/carozos\">Carozos<\/a><\/h3>\n<p>[\/vc_column_text][\/vc_column][vc_column offset=&#8221;vc_col-lg-1\/5 vc_col-md-1\/5 vc_col-xs-12&#8243;][vc_single_image image=&#8221;2894&#8243; img_size=&#8221;150&#215;150&#8243; alignment=&#8221;center&#8221; onclick=&#8221;custom_link&#8221; qode_css_animation=&#8221;&#8221; link=&#8221;https:\/\/www.paceint.com\/scla\/frutas-tropicales&#8221; css=&#8221;.vc_custom_1614811519180{padding-bottom: 20px !important;}&#8221;][vc_column_text]<\/p>\n<h3><a href=\"https:\/\/www.paceint.com\/scla\/frutas-tropicales\">Frutas tropicales<\/a><\/h3>\n<p>[\/vc_column_text][\/vc_column][\/vc_row][vc_row row_type=&#8221;row&#8221; use_row_as_full_screen_section=&#8221;no&#8221; type=&#8221;grid&#8221; text_align=&#8221;left&#8221; background_animation=&#8221;none&#8221; css_animation=&#8221;&#8221;][vc_column][vc_empty_space height=&#8221;70px&#8221;][vc_column_text]<strong>Nuestra misi\u00f3n es mejorar y proteger la calidad de los productos<\/strong> reci\u00e9n cosechados mediante soluciones sostenibles e innovadoras. Pace International se asegura de que en cada paso, desde la cosecha hasta el almacenamiento, pasando por los mercados y los estantes de las tiendas de todo el mundo, las frutas y verduras de sus clientes est\u00e9n en la forma m\u00e1s fresca y deliciosa, listas para ser consumidas con alegr\u00eda.[\/vc_column_text][vc_empty_space height=&#8221;30px&#8221;][\/vc_column][\/vc_row][vc_row row_type=&#8221;row&#8221; use_row_as_full_screen_section=&#8221;no&#8221; type=&#8221;grid&#8221; text_align=&#8221;left&#8221; background_animation=&#8221;none&#8221; css_animation=&#8221;&#8221; background_color=&#8221;#f5f5f5&#8243;][vc_column][vc_empty_space height=&#8221;70px&#8221;][vc_column_text]<\/p>\n<h2 style=\"text-align: center; padding: 0 25px;\">Tecnolog\u00edas postcosecha para una frescura m\u00e1s duradera<\/h2>\n<p>[\/vc_column_text][vc_empty_space height=&#8221;30px&#8221;][vc_column_text]<\/p>\n<p style=\"text-align: center; padding: 0 25px;\">A trav\u00e9s de nuestros productos y servicios somos capaces de proporcionar programas personalizados que mantienen sus frutas y verduras frescas por m\u00e1s tiempo. Trabajando con nuestros clientes nos esforzamos por reducir el desperdicio de alimentos a lo largo de la cadena de suministro, en la venta al por menor y en el hogar.<\/p>\n<p>[\/vc_column_text][vc_empty_space height=&#8221;50px&#8221;]<div class='qode_carousels_holder clearfix with_space hover_second_image'><div class='qode_carousels '  data-number_of_items = 3><ul class='slides'><li class='item'><div class=\"carousel_item_holder\"><a href='https:\/\/www.paceint.com\/scla\/ecofog\/' target='_self'><span class='first_image_holder has_hover_image'><img src='https:\/\/www.paceint.com\/scla\/wp-content\/uploads\/sites\/2\/2019\/08\/pace-product-home-carosel-boxes-SPANISH-ecofog-1.jpg' alt='ecoFog'><\/span><span class='second_image_holder has_hover_image'><img src='https:\/\/www.paceint.com\/scla\/wp-content\/uploads\/sites\/2\/2019\/08\/pace-product-home-carosel-boxes-SPANISH-ecofog-2.jpg' alt='ecoFog'><\/span><\/a><\/div><\/li><li class='item'><div class=\"carousel_item_holder\"><a href='https:\/\/www.paceint.com\/scla\/primafresh-product-line\/' target='_self'><span class='first_image_holder has_hover_image'><img src='https:\/\/www.paceint.com\/scla\/wp-content\/uploads\/sites\/2\/2019\/08\/pace-product-home-carosel-boxes-SPANISH-primafresh-1.jpg' alt='Primafresh'><\/span><span class='second_image_holder has_hover_image'><img src='https:\/\/www.paceint.com\/scla\/wp-content\/uploads\/sites\/2\/2019\/08\/pace-product-home-carosel-boxes-SPANISH-primafresh-2.jpg' alt='Primafresh'><\/span><\/a><\/div><\/li><li class='item'><div class=\"carousel_item_holder\"><a href='https:\/\/www.paceint.com\/scla\/resumen-del-producto-pacrite\/' target='_self'><span class='first_image_holder has_hover_image'><img src='https:\/\/www.paceint.com\/scla\/wp-content\/uploads\/sites\/2\/2019\/08\/pace-product-home-carosel-boxes-SPANISH-pacrite-1.jpg' alt='PacRite'><\/span><span class='second_image_holder has_hover_image'><img src='https:\/\/www.paceint.com\/scla\/wp-content\/uploads\/sites\/2\/2019\/08\/pace-product-home-carosel-boxes-SPANISH-pacrite-2.jpg' alt='PacRite'><\/span><\/a><\/div><\/li><li class='item'><div class=\"carousel_item_holder\"><a href='https:\/\/www.paceint.com\/scla\/descripcion-del-producto-shield-brite\/' target='_self'><span class='first_image_holder has_hover_image'><img src='https:\/\/www.paceint.com\/scla\/wp-content\/uploads\/sites\/2\/2019\/08\/pace-spanish-hm-prod-shieldbrite-a.jpg' alt='Shield-Brite'><\/span><span class='second_image_holder has_hover_image'><img src='https:\/\/www.paceint.com\/scla\/wp-content\/uploads\/sites\/2\/2019\/08\/pace-spanish-hm-prod-shieldbrite-b.jpg' alt='Shield-Brite'><\/span><\/a><\/div><\/li><li class='item'><div class=\"carousel_item_holder\"><a href='https:\/\/www.paceint.com\/scla\/natural-shine\/' target='_self'><span class='first_image_holder has_hover_image'><img src='https:\/\/www.paceint.com\/scla\/wp-content\/uploads\/sites\/2\/2019\/08\/pace-product-home-carosel-boxes-SPANISH-naturalshine-1.jpg' alt='Natural Shine'><\/span><span class='second_image_holder has_hover_image'><img src='https:\/\/www.paceint.com\/scla\/wp-content\/uploads\/sites\/2\/2019\/08\/pace-product-home-carosel-boxes-SPANISH-naturalshine-2.jpg' alt='Natural Shine'><\/span><\/a><\/div><\/li><\/ul><ul class=\"caroufredsel-direction-nav\"><li class=\"caroufredsel-prev-holder\"><a id=\"caroufredsel-prev\" class=\"qode_carousel_prev caroufredsel-navigation-item caroufredsel-prev\" href=\"javascript: void(0)\"><span class=\"arrow_carrot-left\"><\/span><\/a><\/li><li class=\"caroufredsel-next-holder\"><a class=\"qode_carousel_next caroufredsel-next caroufredsel-navigation-item\" id=\"caroufredsel-next\" href=\"javascript: void(0)\"><span class=\"arrow_carrot-right\"><\/span><\/a><\/li><\/ul><\/div><\/div>[vc_empty_space height=&#8221;100px&#8221;][\/vc_column][\/vc_row][vc_row row_type=&#8221;row&#8221; use_row_as_full_screen_section=&#8221;no&#8221; type=&#8221;grid&#8221; text_align=&#8221;left&#8221; background_animation=&#8221;none&#8221; css_animation=&#8221;&#8221;][vc_column][vc_empty_space height=&#8221;50px&#8221;][\/vc_column][\/vc_row][vc_row row_type=&#8221;row&#8221; use_row_as_full_screen_section=&#8221;no&#8221; type=&#8221;grid&#8221; text_align=&#8221;left&#8221; background_animation=&#8221;none&#8221; css_animation=&#8221;&#8221;][vc_column width=&#8221;1\/2&#8243; css=&#8221;.vc_custom_1563470090358{padding-top: 50px !important;padding-bottom: 50px !important;}&#8221;][vc_column_text]<\/p>\n<h3>Pace International y la sustentabilidad<\/h3>\n<p>[\/vc_column_text][vc_empty_space height=&#8221;24px&#8221;][vc_column_text]Como compa\u00f1\u00eda global, creemos en un mundo de abundancia y proporcionamos a nuestros clientes los productos y servicios que necesitan para entregar los m\u00e1s frescos y abundantes productos a los consumidores de todo el mundo. Desde 1999 nos hemos esforzado por minimizar nuestro impacto en el medio ambiente, ofreciendo a nuestros clientes una cartera de soluciones sostenibles. Nuestro objetivo es ayudar a proteger y mantener la belleza natural, frescura y calidad de las frutas y verduras reci\u00e9n cosechadas para los consumidores de todo el mundo.[\/vc_column_text][vc_empty_space height=&#8221;24px&#8221;]<a href=\"https:\/\/www.agrofresh.com\/es\/sostenibilidad\/\" target=\"_blank\" data-hover-background-color='#3dae2c' data-hover-color='#ffffff' class=\"qbutton  medium qbutton_with_icon\" style=\"color: #ffffff; background-color: #1e5217;\">Ver Programa<i class=\"qode_icon_font_awesome fa  button_icon\" style=\"\" ><\/i><\/a>[\/vc_column][vc_column width=&#8221;1\/2&#8243; css=&#8221;.vc_custom_1566855987044{padding-top: 50px !important;padding-bottom: 50px !important;}&#8221;][vc_single_image image=&#8221;3866&#8243; img_size=&#8221;full&#8221; alignment=&#8221;right&#8221; qode_css_animation=&#8221;&#8221;][\/vc_column][\/vc_row][vc_row row_type=&#8221;row&#8221; use_row_as_full_screen_section=&#8221;no&#8221; type=&#8221;grid&#8221; text_align=&#8221;left&#8221; background_animation=&#8221;none&#8221; css_animation=&#8221;&#8221;][vc_column][vc_separator type=&#8221;normal&#8221; border_style=&#8221;&#8221; thickness=&#8221;2&#8243; color=&#8221;#e6e6e6&#8243;][\/vc_column][\/vc_row][vc_row row_type=&#8221;row&#8221; use_row_as_full_screen_section=&#8221;no&#8221; type=&#8221;grid&#8221; text_align=&#8221;left&#8221; background_animation=&#8221;none&#8221; css_animation=&#8221;&#8221;][vc_column width=&#8221;1\/2&#8243; css=&#8221;.vc_custom_1560909597577{padding-top: 50px !important;padding-bottom: 50px !important;}&#8221;][vc_column_text]<\/p>\n<h3>Academia de Postcosecha<\/h3>\n<p>[\/vc_column_text][vc_empty_space height=&#8221;24px&#8221;][vc_column_text]El liderazgo y la educaci\u00f3n son primordiales en Pace International. La Academia de Postcosecha es donde reunimos a nuestros clientes, l\u00edderes de la industria e investigadores universitarios para explorar ideas innovadoras y presentar las \u00faltimas investigaciones de postcosecha para las industrias de las <span style=\"font-weight: 400;\">pomaceas, carozos, c\u00edtricos entre otros<\/span>.[\/vc_column_text][vc_empty_space height=&#8221;24px&#8221;]<a href=\"https:\/\/www.paceint.com\/scla\/academia-de-postcosecha\/\" target=\"_self\" data-hover-background-color='#3dae2c' data-hover-color='#ffffff' class=\"qbutton  medium qbutton_with_icon\" style=\"color: #ffffff; background-color: #1e5217;\">Ver Programa<i class=\"qode_icon_font_awesome fa  button_icon\" style=\"\" ><\/i><\/a>[\/vc_column][vc_column width=&#8221;1\/2&#8243; css=&#8221;.vc_custom_1566855995937{padding-top: 50px !important;padding-bottom: 50px !important;}&#8221;][vc_single_image image=&#8221;3437&#8243; img_size=&#8221;full&#8221; alignment=&#8221;right&#8221; qode_css_animation=&#8221;&#8221;][\/vc_column][\/vc_row][vc_row row_type=&#8221;row&#8221; use_row_as_full_screen_section=&#8221;no&#8221; type=&#8221;grid&#8221; text_align=&#8221;left&#8221; background_animation=&#8221;none&#8221; css_animation=&#8221;&#8221;][vc_column][vc_empty_space height=&#8221;50px&#8221;][\/vc_column][\/vc_row][vc_row row_type=&#8221;row&#8221; use_row_as_full_screen_section=&#8221;no&#8221; type=&#8221;grid&#8221; text_align=&#8221;center&#8221; background_image=&#8221;543&#8243; background_animation=&#8221;none&#8221; css_animation=&#8221;&#8221;][vc_column css=&#8221;.vc_custom_1563470991340{padding-right: 25px !important;padding-left: 25px !important;}&#8221;][vc_empty_space height=&#8221;150px&#8221;]<div class=\"testimonials_holder clearfix light \"><div class=\"testimonials testimonials_carousel\" data-show-navigation=\"yes\" data-show-navigation-arrows=\"no\" data-animation-type=\"fade\" data-animation-speed=\"\" data-auto-rotate-slides=\"10\"><ul class=\"slides\"><li id=\"testimonials3680\" class=\"testimonial_content\"><div class=\"testimonial_content_inner\"><div class=\"testimonial_text_holder center_align\"><div class=\"testimonial_text_inner\"><p class=\"testimonial_title\">Improving<\/p><p style='color:#000000;'>\"Hemos podido mejorar en todas las \u00e1reas desde que empezamos a trabajar con Pace.\"<\/p><p class=\"testimonial_author\" style=\"\">- <span class=\"testimonial_author_job\">Randy Sheer - Legacy Packing and Cold Storage<\/span><\/p><\/div><\/div><\/div><\/li><li id=\"testimonials3679\" class=\"testimonial_content\"><div class=\"testimonial_content_inner\"><div class=\"testimonial_text_holder center_align\"><div class=\"testimonial_text_inner\"><p class=\"testimonial_title\">Stand Out<\/p><p style='color:#000000;'>\"Lo que hace que Pace se destaque de otras alternativas es su servicio, investigaci\u00f3n, comunicaci\u00f3n y apoyo al cliente.\"<\/p><p class=\"testimonial_author\" style=\"\">- <span class=\"testimonial_author_job\">Randy Sheer - Legacy Packing and Cold Storage<\/span><\/p><\/div><\/div><\/div><\/li><li id=\"testimonials3678\" class=\"testimonial_content\"><div class=\"testimonial_content_inner\"><div class=\"testimonial_text_holder center_align\"><div class=\"testimonial_text_inner\"><p class=\"testimonial_title\">They Care<\/p><p style='color:#000000;'>\"Se preocupan. Es trabajar con personas grandiosas.\"<\/p><p class=\"testimonial_author\" style=\"\">- <span class=\"testimonial_author_job\">Keith Cosart - Legacy Packing and Cold Storage<\/span><\/p><\/div><\/div><\/div><\/li><li id=\"testimonials3671\" class=\"testimonial_content\"><div class=\"testimonial_content_inner\"><div class=\"testimonial_text_holder center_align\"><div class=\"testimonial_text_inner\"><p class=\"testimonial_title\">Well-rounded Event<\/p><p style='color:#000000;'>\"Un evento muy completo. Sigue con el gran trabajo.\"<\/p><p class=\"testimonial_author\" style=\"\">- <span class=\"testimonial_author_job\">Sara L.<\/span><\/p><\/div><\/div><\/div><\/li><li id=\"testimonials3670\" class=\"testimonial_content\"><div class=\"testimonial_content_inner\"><div class=\"testimonial_text_holder center_align\"><div class=\"testimonial_text_inner\"><p class=\"testimonial_title\">Nice Coordination<\/p><p style='color:#000000;'>\"El programa fue excelente y se mantuvo a tiempo. Pace hace un gran trabajo coordinando este evento.\"<\/p><p class=\"testimonial_author\" style=\"\">- <span class=\"testimonial_author_job\">David B.<\/span><\/p><\/div><\/div><\/div><\/li><li id=\"testimonials3669\" class=\"testimonial_content\"><div class=\"testimonial_content_inner\"><div class=\"testimonial_text_holder center_align\"><div class=\"testimonial_text_inner\"><p class=\"testimonial_title\">Great Event<\/p><p style='color:#000000;'>\"Ustedes hacen un gran trabajo. Cada a\u00f1o es mejor.\"<\/p><p class=\"testimonial_author\" style=\"\">- <span class=\"testimonial_author_job\">Marcus F.<\/span><\/p><\/div><\/div><\/div><\/li><li id=\"testimonials3668\" class=\"testimonial_content\"><div class=\"testimonial_content_inner\"><div class=\"testimonial_text_holder center_align\"><div class=\"testimonial_text_inner\"><p class=\"testimonial_title\">Looking Forward To It<\/p><p style='color:#000000;'>\"Este fue mi segundo a\u00f1o asistiendo a la Academia de Postcosecha de Pace y espero con ansias el pr\u00f3ximo a\u00f1o.\"<\/p><p class=\"testimonial_author\" style=\"\">- <span class=\"testimonial_author_job\">Tom S.<\/span><\/p><\/div><\/div><\/div><\/li><li id=\"testimonials210\" class=\"testimonial_content\"><div class=\"testimonial_content_inner\"><div class=\"testimonial_text_holder center_align\"><div class=\"testimonial_text_inner\"><p class=\"testimonial_title\">No Worries<\/p><p style='color:#000000;'>\"No tenemos que preocuparnos por cosas, Pace hace un gran trabajo por nosotros.\"<\/p><p class=\"testimonial_author\" style=\"\">- <span class=\"testimonial_author_job\">Keith Cosart - Legacy Packing and Cold Storage<\/span><\/p><\/div><\/div><\/div><\/li><li id=\"testimonials205\" class=\"testimonial_content\"><div class=\"testimonial_content_inner\"><div class=\"testimonial_text_holder center_align\"><div class=\"testimonial_text_inner\"><p class=\"testimonial_title\">The Best Coatings<\/p><p style='color:#000000;'>\"Manejamos muy diferentes y dif\u00edciles variedades de fruta y Pace International nos ha ayudado a desarrollar los mejores recubrimientos para nuestros productos.\"<\/p><p class=\"testimonial_author\" style=\"\">- <span class=\"testimonial_author_job\">Randy Sheer - Legacy Packing and Cold Storage<\/span><\/p><\/div><\/div><\/div><\/li><li id=\"testimonials203\" class=\"testimonial_content\"><div class=\"testimonial_content_inner\"><div class=\"testimonial_text_holder center_align\"><div class=\"testimonial_text_inner\"><p class=\"testimonial_title\">Pace Leads The Way<\/p><p style='color:#000000;'>\"He trabajado con muchas otras compa\u00f1\u00edas a lo largo de los a\u00f1os, y Pace International lidera el camino en el servicio y su equipo est\u00e1 disponible para responder cualquier pregunta y solucionar problemas.\"<\/p><p class=\"testimonial_author\" style=\"\">- <span class=\"testimonial_author_job\">Keith Cosart - Legacy Packing and Cold Storage<\/span><\/p><\/div><\/div><\/div><\/li><\/ul><\/div><\/div>[vc_empty_space height=&#8221;70px&#8221;][\/vc_column][\/vc_row]<\/p>\n<\/div>","protected":false},"excerpt":{"rendered":"<p>[vc_row row_type=&#8221;row&#8221; use_row_as_full_screen_section=&#8221;no&#8221; type=&#8221;grid&#8221; text_align=&#8221;center&#8221; background_animation=&#8221;none&#8221; css_animation=&#8221;&#8221;][vc_column][vc_empty_space height=&#8221;70px&#8221;][vc_column_text] Elija su cultivo [\/vc_column_text][vc_empty_space height=&#8221;30px&#8221;][\/vc_column][\/vc_row][vc_row row_type=&#8221;row&#8221; use_row_as_full_screen_section=&#8221;no&#8221; type=&#8221;full_width&#8221; text_align=&#8221;center&#8221; background_animation=&#8221;none&#8221; css_animation=&#8221;&#8221;][vc_column offset=&#8221;vc_col-lg-1\/5&#8230;<\/p>\n","protected":false},"author":1,"featured_media":0,"parent":0,"menu_order":0,"comment_status":"closed","ping_status":"closed","template":"full_width.php","meta":{"_acf_changed":false,"_monsterinsights_skip_tracking":false,"_monsterinsights_sitenote_active":false,"_monsterinsights_sitenote_note":"","_monsterinsights_sitenote_category":0,"footnotes":""},"class_list":["post-11","page","type-page","status-publish","hentry"],"acf":[],"yoast_head":"<!-- This site is optimized with the Yoast SEO plugin v24.0 - https:\/\/yoast.com\/wordpress\/plugins\/seo\/ -->\n<title>Inicio - Pace Spanish<\/title>\n<meta name=\"robots\" content=\"index, follow, max-snippet:-1, max-image-preview:large, max-video-preview:-1\" \/>\n<link rel=\"canonical\" href=\"https:\/\/www.paceint.com\/scla\/\" \/>\n<meta property=\"og:locale\" content=\"es_ES\" \/>\n<meta property=\"og:type\" content=\"article\" \/>\n<meta property=\"og:title\" content=\"Inicio - Pace Spanish\" \/>\n<meta property=\"og:description\" content=\"[vc_row row_type=&#8221;row&#8221; use_row_as_full_screen_section=&#8221;no&#8221; type=&#8221;grid&#8221; text_align=&#8221;center&#8221; background_animation=&#8221;none&#8221; css_animation=&#8221;&#8221;][vc_column][vc_empty_space height=&#8221;70px&#8221;][vc_column_text] Elija su cultivo [\/vc_column_text][vc_empty_space height=&#8221;30px&#8221;][\/vc_column][\/vc_row][vc_row row_type=&#8221;row&#8221; use_row_as_full_screen_section=&#8221;no&#8221; type=&#8221;full_width&#8221; text_align=&#8221;center&#8221; background_animation=&#8221;none&#8221; css_animation=&#8221;&#8221;][vc_column offset=&#8221;vc_col-lg-1\/5...\" \/>\n<meta property=\"og:url\" content=\"https:\/\/www.paceint.com\/scla\/\" \/>\n<meta property=\"og:site_name\" content=\"Pace Spanish\" \/>\n<meta property=\"article:modified_time\" content=\"2024-08-16T17:17:53+00:00\" \/>\n<meta name=\"twitter:card\" content=\"summary_large_image\" \/>\n<meta name=\"twitter:label1\" content=\"Tiempo estimado de lectura\" \/>\n\t<meta name=\"twitter:data1\" content=\"3 minutos\" \/>\n<script type=\"application\/ld+json\" class=\"yoast-schema-graph\">{\"@context\":\"https:\/\/schema.org\",\"@graph\":[{\"@type\":\"WebPage\",\"@id\":\"https:\/\/www.paceint.com\/scla\/\",\"url\":\"https:\/\/www.paceint.com\/scla\/\",\"name\":\"Inicio - Pace Spanish\",\"isPartOf\":{\"@id\":\"https:\/\/www.paceint.com\/scla\/#website\"},\"datePublished\":\"2019-04-25T17:23:57+00:00\",\"dateModified\":\"2024-08-16T17:17:53+00:00\",\"breadcrumb\":{\"@id\":\"https:\/\/www.paceint.com\/scla\/#breadcrumb\"},\"inLanguage\":\"es-CL\",\"potentialAction\":[{\"@type\":\"ReadAction\",\"target\":[\"https:\/\/www.paceint.com\/scla\/\"]}]},{\"@type\":\"BreadcrumbList\",\"@id\":\"https:\/\/www.paceint.com\/scla\/#breadcrumb\",\"itemListElement\":[{\"@type\":\"ListItem\",\"position\":1,\"name\":\"Home\",\"item\":\"https:\/\/www.paceint.com\/scla\/\"},{\"@type\":\"ListItem\",\"position\":2,\"name\":\"Inicio\"}]},{\"@type\":\"WebSite\",\"@id\":\"https:\/\/www.paceint.com\/scla\/#website\",\"url\":\"https:\/\/www.paceint.com\/scla\/\",\"name\":\"Pace Spanish\",\"description\":\"Maker of postharvest solutions for agriculture worldwide\",\"potentialAction\":[{\"@type\":\"SearchAction\",\"target\":{\"@type\":\"EntryPoint\",\"urlTemplate\":\"https:\/\/www.paceint.com\/scla\/?s={search_term_string}\"},\"query-input\":{\"@type\":\"PropertyValueSpecification\",\"valueRequired\":true,\"valueName\":\"search_term_string\"}}],\"inLanguage\":\"es-CL\"}]}<\/script>\n<!-- \/ Yoast SEO plugin. -->","yoast_head_json":{"title":"Inicio - Pace Spanish","robots":{"index":"index","follow":"follow","max-snippet":"max-snippet:-1","max-image-preview":"max-image-preview:large","max-video-preview":"max-video-preview:-1"},"canonical":"https:\/\/www.paceint.com\/scla\/","og_locale":"es_ES","og_type":"article","og_title":"Inicio - Pace Spanish","og_description":"[vc_row row_type=&#8221;row&#8221; use_row_as_full_screen_section=&#8221;no&#8221; type=&#8221;grid&#8221; text_align=&#8221;center&#8221; background_animation=&#8221;none&#8221; css_animation=&#8221;&#8221;][vc_column][vc_empty_space height=&#8221;70px&#8221;][vc_column_text] Elija su cultivo [\/vc_column_text][vc_empty_space height=&#8221;30px&#8221;][\/vc_column][\/vc_row][vc_row row_type=&#8221;row&#8221; use_row_as_full_screen_section=&#8221;no&#8221; type=&#8221;full_width&#8221; text_align=&#8221;center&#8221; background_animation=&#8221;none&#8221; css_animation=&#8221;&#8221;][vc_column offset=&#8221;vc_col-lg-1\/5...","og_url":"https:\/\/www.paceint.com\/scla\/","og_site_name":"Pace Spanish","article_modified_time":"2024-08-16T17:17:53+00:00","twitter_card":"summary_large_image","twitter_misc":{"Tiempo estimado de lectura":"3 minutos"},"schema":{"@context":"https:\/\/schema.org","@graph":[{"@type":"WebPage","@id":"https:\/\/www.paceint.com\/scla\/","url":"https:\/\/www.paceint.com\/scla\/","name":"Inicio - Pace Spanish","isPartOf":{"@id":"https:\/\/www.paceint.com\/scla\/#website"},"datePublished":"2019-04-25T17:23:57+00:00","dateModified":"2024-08-16T17:17:53+00:00","breadcrumb":{"@id":"https:\/\/www.paceint.com\/scla\/#breadcrumb"},"inLanguage":"es-CL","potentialAction":[{"@type":"ReadAction","target":["https:\/\/www.paceint.com\/scla\/"]}]},{"@type":"BreadcrumbList","@id":"https:\/\/www.paceint.com\/scla\/#breadcrumb","itemListElement":[{"@type":"ListItem","position":1,"name":"Home","item":"https:\/\/www.paceint.com\/scla\/"},{"@type":"ListItem","position":2,"name":"Inicio"}]},{"@type":"WebSite","@id":"https:\/\/www.paceint.com\/scla\/#website","url":"https:\/\/www.paceint.com\/scla\/","name":"Pace Spanish","description":"Maker of postharvest solutions for agriculture worldwide","potentialAction":[{"@type":"SearchAction","target":{"@type":"EntryPoint","urlTemplate":"https:\/\/www.paceint.com\/scla\/?s={search_term_string}"},"query-input":{"@type":"PropertyValueSpecification","valueRequired":true,"valueName":"search_term_string"}}],"inLanguage":"es-CL"}]}},"_links":{"self":[{"href":"https:\/\/www.paceint.com\/scla\/wp-json\/wp\/v2\/pages\/11","targetHints":{"allow":["GET"]}}],"collection":[{"href":"https:\/\/www.paceint.com\/scla\/wp-json\/wp\/v2\/pages"}],"about":[{"href":"https:\/\/www.paceint.com\/scla\/wp-json\/wp\/v2\/types\/page"}],"author":[{"embeddable":true,"href":"https:\/\/www.paceint.com\/scla\/wp-json\/wp\/v2\/users\/1"}],"replies":[{"embeddable":true,"href":"https:\/\/www.paceint.com\/scla\/wp-json\/wp\/v2\/comments?post=11"}],"version-history":[{"count":218,"href":"https:\/\/www.paceint.com\/scla\/wp-json\/wp\/v2\/pages\/11\/revisions"}],"predecessor-version":[{"id":6447,"href":"https:\/\/www.paceint.com\/scla\/wp-json\/wp\/v2\/pages\/11\/revisions\/6447"}],"wp:attachment":[{"href":"https:\/\/www.paceint.com\/scla\/wp-json\/wp\/v2\/media?parent=11"}],"curies":[{"name":"wp","href":"https:\/\/api.w.org\/{rel}","templated":true}]}}